{"id":894,"date":"2021-03-06T20:51:26","date_gmt":"2021-03-06T19:51:26","guid":{"rendered":"https:\/\/beaverscrown.de\/?post_type=product&#038;p=894"},"modified":"2025-12-21T08:40:51","modified_gmt":"2025-12-21T07:40:51","slug":"bibers-kroenchen-beavers-crown-gin-mini-5-cl","status":"publish","type":"product","link":"https:\/\/beaverscrown.de\/index.php\/product\/bibers-kroenchen-beavers-crown-gin-mini-5-cl\/","title":{"rendered":"Bibers Kr\u00f6nchen &#8211; Beaver&#8217;s Crown Gin mini 5 cl"},"content":{"rendered":"<p>Beaver&#8217;s Crown Gin besticht neben seinem klassischen Wacholderaroma durch frische Zitrusnoten sowie Nuancen von Kr\u00e4utern und Gew\u00fcrzen. Sein Abgang wird durch eine leichte, blumige Rosennote abgerundet. Im Glas harmoniert der Gin sehr gut mit frischen Himbeeren.<\/p>\n<p>Die Illustration und die grafische Gestaltung erfolgte in Zusammenarbeit mit dem Biberacher K\u00fcnstler Daschu.<\/p>\n<p>Bei Round Table glauben wir daran, dass wir die Gesellschaft durch unseren pers\u00f6nlichen Einsatz positiv ver\u00e4ndern k\u00f6nnen. Deshalb spenden wir den gesamten Ertrag aus dem Verkauf dieses Gins ausschlie\u00dflich an gemeinn\u00fctzige Projekte vorrangig im Landkreis Biberach.<\/p>\n<p>Beaver&#8217;s Crown Gin mini, 44,7 % vol, 5cl, Batch 3 \u2013 200\/2021<\/p>\n","protected":false},"excerpt":{"rendered":"<p>(115,00<span class=\"price\">\u00a0\u20ac<\/span> \/ 1 Liter)<\/p>\n<p>Beaver\u2019s Crown Gin besticht neben seinem klassischen Wacholderaroma durch frische Zitrusnoten sowie Nuancen von Kr\u00e4utern und Gew\u00fcrzen. Sein Abgang wird durch eine leichte, blumige Rosennote abgerundet. Im Glas harmoniert der Gin sehr gut mit frischen Himbeeren.<\/p>\n<p>Bei Round Table glauben wir daran, dass wir die Gesellschaft durch unseren pers\u00f6nlichen Einsatz positiv ver\u00e4ndern k\u00f6nnen. Deshalb spenden wir den gesamten Ertrag aus dem Verkauf dieses Gins ausschlie\u00dflich an gemeinn\u00fctzige Projekte vorrangig im Landkreis Biberach.<\/p>\n","protected":false},"featured_media":1227,"comment_status":"open","ping_status":"closed","template":"","meta":[],"product_brand":[],"product_cat":[16],"product_tag":[],"class_list":{"0":"post-894","1":"product","2":"type-product","3":"status-publish","4":"has-post-thumbnail","6":"product_cat-gin","8":"first","9":"instock","10":"taxable","11":"shipping-taxable","12":"purchasable","13":"product-type-simple"},"jetpack_sharing_enabled":true,"_links":{"self":[{"href":"https:\/\/beaverscrown.de\/index.php\/wp-json\/wp\/v2\/product\/894","targetHints":{"allow":["GET"]}}],"collection":[{"href":"https:\/\/beaverscrown.de\/index.php\/wp-json\/wp\/v2\/product"}],"about":[{"href":"https:\/\/beaverscrown.de\/index.php\/wp-json\/wp\/v2\/types\/product"}],"replies":[{"embeddable":true,"href":"https:\/\/beaverscrown.de\/index.php\/wp-json\/wp\/v2\/comments?post=894"}],"wp:featuredmedia":[{"embeddable":true,"href":"https:\/\/beaverscrown.de\/index.php\/wp-json\/wp\/v2\/media\/1227"}],"wp:attachment":[{"href":"https:\/\/beaverscrown.de\/index.php\/wp-json\/wp\/v2\/media?parent=894"}],"wp:term":[{"taxonomy":"product_brand","embeddable":true,"href":"https:\/\/beaverscrown.de\/index.php\/wp-json\/wp\/v2\/product_brand?post=894"},{"taxonomy":"product_cat","embeddable":true,"href":"https:\/\/beaverscrown.de\/index.php\/wp-json\/wp\/v2\/product_cat?post=894"},{"taxonomy":"product_tag","embeddable":true,"href":"https:\/\/beaverscrown.de\/index.php\/wp-json\/wp\/v2\/product_tag?post=894"}],"curies":[{"name":"wp","href":"https:\/\/api.w.org\/{rel}","templated":true}]}}