{"id":2425,"date":"2025-06-02T19:14:58","date_gmt":"2025-06-02T18:14:58","guid":{"rendered":"https:\/\/beaverscrown.de\/?post_type=product&#038;p=2425"},"modified":"2026-05-06T12:09:06","modified_gmt":"2026-05-06T11:09:06","slug":"beavers-crown-gin-veredelte-schuetzenedition-2025","status":"publish","type":"product","link":"https:\/\/beaverscrown.de\/index.php\/product\/beavers-crown-gin-veredelte-schuetzenedition-2025\/","title":{"rendered":"Beaver&#8217;s Crown Gin &#8211; Veredelte Sch\u00fctzenedition 2025"},"content":{"rendered":"<p>Beaver\u2019s Crown \u2013 der perfekte Gin f\u00fcr das Biberacher Sch\u00fctzenfest in unserer ganz besonderen, veredelten Sonderedition 2025.<\/p>\n<p>Die Flasche zeigt zwei Skulpturen des renommierten K\u00fcnstlers, die eigens zu Ehren des Sch\u00fctzenfestes f\u00fcr diese Sonderedition in den Biberacher Stadtfarben gefertigt wurden. Als besonderes Highlight hat Willi Siber einige unserer Flaschen selbst in Kunstwerke verwandelt und mit Epoxidharz veredelt. \u00c4hnlich wie bei seinen international bekannten Wandobjekten \u201ePellets\u201c wird durch diese Technik jede Flasche zu einem Unikat.<\/p>\n<p>Gef\u00fcllt ist die Flasche mit unserem diesj\u00e4hrigen Sch\u00fctzengin, der sich durch das Aroma feiner Hibiskusbl\u00fcten auszeichnet. In Kombination mit der Zusammenarbeit mit Willi Siber entsteht so ein echtes Sammlerst\u00fcck.<\/p>\n<p>Bei Round Table glauben wir daran, dass wir die Gesellschaft durch unseren pers\u00f6nlichen Einsatz positiv ver\u00e4ndern k\u00f6nnen. Deshalb spenden wir den gesamten Ertrag aus dem Verkauf dieses Gins ausschlie\u00dflich an gemeinn\u00fctzige Projekte vorrangig im Landkreis Biberach.<\/p>\n<p>Beaver\u2019s Crown Gin \u2013 Sch\u00fctzenedition 2025, 44,7 % vol, 500 ml, Batch 1-500\/2025<\/p>\n","protected":false},"excerpt":{"rendered":"<h6>(<span class=\"price\"> 350 \u20ac<\/span> \/ 1 Liter)<\/h6>\n<p>Unsere diesj\u00e4hrige Sch\u00fctzenedition ist mit dem Geschmack aromatischer Hibiskusbl\u00fcten nicht nur ein Hochgenuss, sondern durch die Zusammenarbeit mit Willi Siber ein echtes Kunstwerk.<\/p>\n<p>Die Flasche der Sch\u00fctzenedition 2025 zeigt zwei Skulpturen des ber\u00fchmten K\u00fcnstlers, die eigens zu Ehren des Sch\u00fctzenfestes f\u00fcr diese Sonderedition in den Biberacher Stadtfarben angefertigt wurden. Als besonderes Highlight hat Willi Siber einige unserer Flaschen selbst in Kunstwerke verwandelt und mit Epoxidharz veredelt. \u00c4hnlich wie bei seinen international bekannten Wandobjekten \u201ePellets\u201c wird durch diese Technik jede Flasche zu einem Unikat.<\/p>\n<p>Gef\u00fcllt ist die Flasche mit unserem diesj\u00e4hrigen Sch\u00fctzengin, der sich durch das Aroma feiner Hibiskusbl\u00fcten auszeichnet. In Kombination mit der Zusammenarbeit mit Willi Siber entsteht so ein echtes Sammlerst\u00fcck.<\/p>\n<p><strong><u>Bitte im Rahmen der Bestellung die Nummer aus den \u00dcbersichtsansichten der gew\u00fcnschten Flasche angeben.<\/u><\/strong><\/p>\n","protected":false},"featured_media":2577,"comment_status":"open","ping_status":"closed","template":"","meta":[],"product_brand":[],"product_cat":[16],"product_tag":[49,47,48,53,46,52,44,50,51],"class_list":{"0":"post-2425","1":"product","2":"type-product","3":"status-publish","4":"has-post-thumbnail","6":"product_cat-gin","7":"product_tag-49","8":"product_tag-beavers","9":"product_tag-crown","10":"product_tag-galerie-knoll","11":"product_tag-gin","12":"product_tag-kunst","13":"product_tag-schuetzenedition","14":"product_tag-siber","15":"product_tag-willi","17":"first","18":"instock","19":"featured","20":"taxable","21":"shipping-taxable","22":"purchasable","23":"product-type-simple"},"jetpack_sharing_enabled":true,"_links":{"self":[{"href":"https:\/\/beaverscrown.de\/index.php\/wp-json\/wp\/v2\/product\/2425","targetHints":{"allow":["GET"]}}],"collection":[{"href":"https:\/\/beaverscrown.de\/index.php\/wp-json\/wp\/v2\/product"}],"about":[{"href":"https:\/\/beaverscrown.de\/index.php\/wp-json\/wp\/v2\/types\/product"}],"replies":[{"embeddable":true,"href":"https:\/\/beaverscrown.de\/index.php\/wp-json\/wp\/v2\/comments?post=2425"}],"wp:featuredmedia":[{"embeddable":true,"href":"https:\/\/beaverscrown.de\/index.php\/wp-json\/wp\/v2\/media\/2577"}],"wp:attachment":[{"href":"https:\/\/beaverscrown.de\/index.php\/wp-json\/wp\/v2\/media?parent=2425"}],"wp:term":[{"taxonomy":"product_brand","embeddable":true,"href":"https:\/\/beaverscrown.de\/index.php\/wp-json\/wp\/v2\/product_brand?post=2425"},{"taxonomy":"product_cat","embeddable":true,"href":"https:\/\/beaverscrown.de\/index.php\/wp-json\/wp\/v2\/product_cat?post=2425"},{"taxonomy":"product_tag","embeddable":true,"href":"https:\/\/beaverscrown.de\/index.php\/wp-json\/wp\/v2\/product_tag?post=2425"}],"curies":[{"name":"wp","href":"https:\/\/api.w.org\/{rel}","templated":true}]}}