{"id":2000,"date":"2023-05-17T21:00:34","date_gmt":"2023-05-17T20:00:34","guid":{"rendered":"https:\/\/beaverscrown.de\/?post_type=product&#038;p=2000"},"modified":"2025-12-15T13:40:44","modified_gmt":"2025-12-15T12:40:44","slug":"beavers-crown-gin-schuetzenedition-2023","status":"publish","type":"product","link":"https:\/\/beaverscrown.de\/index.php\/product\/beavers-crown-gin-schuetzenedition-2023\/","title":{"rendered":"Beaver&#8217;s Crown Gin &#8211; Sch\u00fctzenedition 2023"},"content":{"rendered":"<p>Beaver\u2019s Crown \u2013 der perfekte Gin f\u00fcr das Biberacher Sch\u00fctzenfest in unserer limitierten Sonderedition 2023.<\/p>\n<p>Mit seinem einzigartigen Aroma und ausgewogenen Geschmack, der Noten von von Zitrus und Kr\u00e4utern vereint, wird er jeden Gin-Liebhaber begeistern.<\/p>\n<p>Das diesj\u00e4hrige Design wurde mithilfe einer k\u00fcnstlichen Intelligenz erstellt, was verdeutlicht, wie sehr die Technologie unsere Welt ver\u00e4ndert und uns neue Wege er\u00f6ffnet.<\/p>\n<p>Bei Round Table glauben wir daran, dass wir die Gesellschaft durch unseren pers\u00f6nlichen Einsatz positiv ver\u00e4ndern k\u00f6nnen. Deshalb spenden wir den gesamten Ertrag aus dem Verkauf dieses Gins ausschlie\u00dflich an gemeinn\u00fctzige Projekte vorrangig im Landkreis Biberach.<\/p>\n<p>Beaver\u2019s Crown Gin \u2013 Sch\u00fctzenedition 2023, 44,7 % vol, 500 ml, Batch 1-500\/2023<\/p>\n","protected":false},"excerpt":{"rendered":"<h6>(59,50<span class=\"price\">\u00a0\u20ac<\/span>\u00a0\/ 1 Liter)<\/h6>\n<p>Noten von Zitrus und Kr\u00e4utern machen den Gin der diesj\u00e4hrigen Sonderedition zum sommerlichen Genuss \u2013 nicht nur f\u00fcr Sch\u00fctzenabende.<\/p>\n<p>Bei Round Table glauben wir daran, dass wir die Gesellschaft durch unseren pers\u00f6nlichen Einsatz positiv ver\u00e4ndern k\u00f6nnen. Deshalb spenden wir den gesamten Ertrag aus dem Verkauf dieses Gins ausschlie\u00dflich an gemeinn\u00fctzige Projekte vorrangig im Landkreis Biberach.<\/p>\n<p>&nbsp;<\/p>\n","protected":false},"featured_media":1998,"comment_status":"open","ping_status":"closed","template":"","meta":[],"product_brand":[],"product_cat":[16],"product_tag":[],"class_list":{"0":"post-2000","1":"product","2":"type-product","3":"status-publish","4":"has-post-thumbnail","6":"product_cat-gin","8":"first","9":"outofstock","10":"featured","11":"taxable","12":"shipping-taxable","13":"purchasable","14":"product-type-simple"},"jetpack_sharing_enabled":true,"_links":{"self":[{"href":"https:\/\/beaverscrown.de\/index.php\/wp-json\/wp\/v2\/product\/2000","targetHints":{"allow":["GET"]}}],"collection":[{"href":"https:\/\/beaverscrown.de\/index.php\/wp-json\/wp\/v2\/product"}],"about":[{"href":"https:\/\/beaverscrown.de\/index.php\/wp-json\/wp\/v2\/types\/product"}],"replies":[{"embeddable":true,"href":"https:\/\/beaverscrown.de\/index.php\/wp-json\/wp\/v2\/comments?post=2000"}],"wp:featuredmedia":[{"embeddable":true,"href":"https:\/\/beaverscrown.de\/index.php\/wp-json\/wp\/v2\/media\/1998"}],"wp:attachment":[{"href":"https:\/\/beaverscrown.de\/index.php\/wp-json\/wp\/v2\/media?parent=2000"}],"wp:term":[{"taxonomy":"product_brand","embeddable":true,"href":"https:\/\/beaverscrown.de\/index.php\/wp-json\/wp\/v2\/product_brand?post=2000"},{"taxonomy":"product_cat","embeddable":true,"href":"https:\/\/beaverscrown.de\/index.php\/wp-json\/wp\/v2\/product_cat?post=2000"},{"taxonomy":"product_tag","embeddable":true,"href":"https:\/\/beaverscrown.de\/index.php\/wp-json\/wp\/v2\/product_tag?post=2000"}],"curies":[{"name":"wp","href":"https:\/\/api.w.org\/{rel}","templated":true}]}}