{"id":1736,"date":"2022-06-19T20:16:11","date_gmt":"2022-06-19T19:16:11","guid":{"rendered":"https:\/\/beaverscrown.de\/?post_type=product&#038;p=1736"},"modified":"2025-12-01T20:36:18","modified_gmt":"2025-12-01T19:36:18","slug":"beavers-crown-gin-schuetzen-edition-2022","status":"publish","type":"product","link":"https:\/\/beaverscrown.de\/index.php\/product\/beavers-crown-gin-schuetzen-edition-2022\/","title":{"rendered":"Beaver&#8217;s Crown Gin &#8211; Sch\u00fctzenedition 2022"},"content":{"rendered":"<p>Exotische Yuzu und Limette machen den Gin der diesj\u00e4hrigen Sonderedition zum sommerlichen Genuss &#8211; nicht nur f\u00fcr Sch\u00fctzenabende.<\/p>\n<p>Die Sch\u00fctzenedition 2022 ist eine Art fr\u00f6hlicher Stadtplan als freie Illustration der Biberacher \u201eSch\u00fctzenzone\u201c mit vielen Details, gestaltet von der K\u00fcnstlerin Lisa F\u00fcrst aus Biberach.<\/p>\n<p>Die Gestaltung der Sch\u00fctzenedition ist im Rahmen eines Design-Label-Wettbewerbs entstanden, bei dem junge K\u00fcnstler und die, die es werden wollen, aufgerufen waren, ihre Ideen von einem Etikett f\u00fcr die Sch\u00fctzenedition des Gins zu gestalten. Unter allen Entw\u00fcrfen k\u00fcrte das Round-Table-Pr\u00e4sidium am Ende einen Gewinner.<\/p>\n<p>Bei Round Table glauben wir daran, dass wir die Gesellschaft durch unseren pers\u00f6nlichen Einsatz positiv ver\u00e4ndern k\u00f6nnen. Deshalb spenden wir den gesamten Ertrag aus dem Verkauf dieses Gins ausschlie\u00dflich an gemeinn\u00fctzige Projekte vorrangig im Landkreis Biberach.<\/p>\n<p>Beaver&#8217;s Crown Gin &#8211; Sch\u00fctzenedition 2022, 44,7 % vol, 500 ml, Batch 6 \u2013 500\/2022<\/p>\n","protected":false},"excerpt":{"rendered":"<h6>(59,50<span class=\"price\">\u00a0\u20ac<\/span> \/ 1 Liter)<\/h6>\n<p>Exotische Yuzu und Limette machen den Gin der diesj\u00e4hrigen Sonderedition zum sommerlichen Genuss &#8211; nicht nur f\u00fcr Sch\u00fctzenabende.<\/p>\n<p>Bei Round Table glauben wir daran, dass wir die Gesellschaft durch unseren pers\u00f6nlichen Einsatz positiv ver\u00e4ndern k\u00f6nnen. Deshalb spenden wir den gesamten Ertrag aus dem Verkauf dieses Gins ausschlie\u00dflich an gemeinn\u00fctzige Projekte vorrangig im Landkreis Biberach.<\/p>\n<p>&nbsp;<\/p>\n","protected":false},"featured_media":1765,"comment_status":"open","ping_status":"closed","template":"","meta":[],"product_brand":[],"product_cat":[16],"product_tag":[],"class_list":{"0":"post-1736","1":"product","2":"type-product","3":"status-publish","4":"has-post-thumbnail","6":"product_cat-gin","8":"first","9":"outofstock","10":"taxable","11":"shipping-taxable","12":"purchasable","13":"product-type-simple"},"jetpack_sharing_enabled":true,"_links":{"self":[{"href":"https:\/\/beaverscrown.de\/index.php\/wp-json\/wp\/v2\/product\/1736","targetHints":{"allow":["GET"]}}],"collection":[{"href":"https:\/\/beaverscrown.de\/index.php\/wp-json\/wp\/v2\/product"}],"about":[{"href":"https:\/\/beaverscrown.de\/index.php\/wp-json\/wp\/v2\/types\/product"}],"replies":[{"embeddable":true,"href":"https:\/\/beaverscrown.de\/index.php\/wp-json\/wp\/v2\/comments?post=1736"}],"wp:featuredmedia":[{"embeddable":true,"href":"https:\/\/beaverscrown.de\/index.php\/wp-json\/wp\/v2\/media\/1765"}],"wp:attachment":[{"href":"https:\/\/beaverscrown.de\/index.php\/wp-json\/wp\/v2\/media?parent=1736"}],"wp:term":[{"taxonomy":"product_brand","embeddable":true,"href":"https:\/\/beaverscrown.de\/index.php\/wp-json\/wp\/v2\/product_brand?post=1736"},{"taxonomy":"product_cat","embeddable":true,"href":"https:\/\/beaverscrown.de\/index.php\/wp-json\/wp\/v2\/product_cat?post=1736"},{"taxonomy":"product_tag","embeddable":true,"href":"https:\/\/beaverscrown.de\/index.php\/wp-json\/wp\/v2\/product_tag?post=1736"}],"curies":[{"name":"wp","href":"https:\/\/api.w.org\/{rel}","templated":true}]}}