{"id":62,"date":"2021-01-30T21:03:43","date_gmt":"2021-01-30T21:03:43","guid":{"rendered":"https:\/\/beaverscrown.de\/index.php\/versandarten\/"},"modified":"2025-03-11T23:11:43","modified_gmt":"2025-03-11T22:11:43","slug":"versandarten","status":"publish","type":"page","link":"https:\/\/beaverscrown.de\/index.php\/versandarten\/","title":{"rendered":"Versandarten"},"content":{"rendered":"\n<p><strong>Ab 50\u20ac Bestellwert versandkostenfrei innerhalb Deutschland<\/strong> bestellen<\/p>\n\n\n\n<p>Versand innerhalb Deutschland (DHL) \u2013 Versandkostenpauschale f\u00fcr Verpackung und Versand  6,19\u20ac<\/p>\n\n\n\n<p>Versand innerhalb der EU (DHL International) \u2013 Versandkostenpauschale f\u00fcr Verpackung und Versand 9,90 \u20ac<\/p>\n\n\n\n<p>Abholung innerhalb vom Biberacher Stadtgebiet! Einfach w\u00e4hrend dem Bestellprozess &#8222;Abholung in Biberach&#8220; ausw\u00e4hlen und wir vereinbaren eine Abholm\u00f6glichkeit nach Bezahlung innerhalb der Stadt. In der Bestellbest\u00e4tigung erh\u00e4ltst Du hierzu weitere Infos.<\/p>\n\n\n\n<p>Eine Abholung ist innerhalb von 14 Tagen m\u00f6glich. Storno der Bestellung bei Nichtabholung behalten wir uns offen. <\/p>\n","protected":false},"excerpt":{"rendered":"<p>Ab 50\u20ac Bestellwert versandkostenfrei innerhalb Deutschland bestellen Versand innerhalb Deutschland (DHL) \u2013 Versandkostenpauschale f\u00fcr Verpackung und Versand 6,19\u20ac Versand innerhalb der EU (DHL International) \u2013 Versandkostenpauschale f\u00fcr Verpackung und Versand 9,90 \u20ac Abholung innerhalb vom Biberacher Stadtgebiet! Einfach w\u00e4hrend dem Bestellprozess &#8222;Abholung in Biberach&#8220; ausw\u00e4hlen und wir vereinbaren eine Abholm\u00f6glichkeit nach Bezahlung innerhalb der Stadt. [&hellip;]<\/p>\n","protected":false},"author":1,"featured_media":0,"parent":0,"menu_order":0,"comment_status":"closed","ping_status":"closed","template":"template-fullwidth.php","meta":{"footnotes":""},"class_list":["post-62","page","type-page","status-publish","hentry"],"jetpack_sharing_enabled":true,"_links":{"self":[{"href":"https:\/\/beaverscrown.de\/index.php\/wp-json\/wp\/v2\/pages\/62","targetHints":{"allow":["GET"]}}],"collection":[{"href":"https:\/\/beaverscrown.de\/index.php\/wp-json\/wp\/v2\/pages"}],"about":[{"href":"https:\/\/beaverscrown.de\/index.php\/wp-json\/wp\/v2\/types\/page"}],"author":[{"embeddable":true,"href":"https:\/\/beaverscrown.de\/index.php\/wp-json\/wp\/v2\/users\/1"}],"replies":[{"embeddable":true,"href":"https:\/\/beaverscrown.de\/index.php\/wp-json\/wp\/v2\/comments?post=62"}],"version-history":[{"count":11,"href":"https:\/\/beaverscrown.de\/index.php\/wp-json\/wp\/v2\/pages\/62\/revisions"}],"predecessor-version":[{"id":2386,"href":"https:\/\/beaverscrown.de\/index.php\/wp-json\/wp\/v2\/pages\/62\/revisions\/2386"}],"wp:attachment":[{"href":"https:\/\/beaverscrown.de\/index.php\/wp-json\/wp\/v2\/media?parent=62"}],"curies":[{"name":"wp","href":"https:\/\/api.w.org\/{rel}","templated":true}]}}