{"id":61,"date":"2021-01-30T21:03:43","date_gmt":"2021-01-30T21:03:43","guid":{"rendered":"https:\/\/beaverscrown.de\/index.php\/widerrufsbelehrung\/"},"modified":"2021-02-02T21:27:02","modified_gmt":"2021-02-02T21:27:02","slug":"widerrufsbelehrung","status":"publish","type":"page","link":"https:\/\/beaverscrown.de\/index.php\/widerrufsbelehrung\/","title":{"rendered":"Widerrufsbelehrung"},"content":{"rendered":"\n<p><strong>Widerrufsbelehrung<br><\/strong><br>Sie haben das Recht, binnen vierzehn Tagen ohne Angabe von Gr\u00fcnden diesen Vertrag zu widerrufen. Das Widerrufsrecht gilt nicht bei signierten bzw. nach Kundenspezifikationen angefertigten Produkten.<\/p>\n\n\n\n<p>Die Widerrufsfrist betr\u00e4gt vierzehn Tage ab dem Tag, an dem Sie oder ein von Ihnen benannter Dritter, der nicht der Bef\u00f6rderer ist, die letzte Ware in Besitz genommen haben bzw. hat.<\/p>\n\n\n\n<p>Um Ihr Widerrufsrecht auszu\u00fcben, m\u00fcssen Sie uns (F\u00f6rderverein von Round Table 75 Biberach e. V., vertreten durch Rolf Schlagentweith, Georg-Schinbain-Str. 121, 88400 Biberach; info@beaverscrown.de) mittels einer eindeutigen Erkl\u00e4rung (z.B. ein mit der Post versandter Brief oder E-Mail) \u00fcber Ihren Entschluss, diesen Vertrag zu widerrufen, informieren. Sie k\u00f6nnen daf\u00fcr das folgende Muster-Widerrufsformular verwenden, das jedoch nicht vorgeschrieben ist.<\/p>\n\n\n\n<p>Muster f\u00fcr ein&nbsp;Widerrufsformular<\/p>\n\n\n\n<p>An:<\/p>\n\n\n\n<p>F\u00f6rderverein von Round Table 75 Biberach e. V.<br>vertreten durch Rolf Schlagentweith<br>Georg-Schinbain-Str. 121<br>88400 Biberach<\/p>\n\n\n\n<p>info@beaverscrown.de<\/p>\n\n\n\n<p>Hiermit widerrufe(n) ich\/wir (*) den von mir\/uns (*) abgeschlossenen Vertrag \u00fcber den Kauf der folgenden Waren (*) ________<\/p>\n\n\n\n<p>Bestellt am (*)\/erhalten am (*) _____<\/p>\n\n\n\n<p>Name des\/der Verbraucher(s) Anschrift des\/der Verbraucher(s) _______<\/p>\n\n\n\n<p>Unterschrift des\/der Verbraucher(s)(nur bei Mitteilung auf Papier) Datum_________<\/p>\n\n\n\n<p>(*)Unzutreffendes streichen<\/p>\n\n\n\n<p><strong>Folgen des Widerrufs<br><\/strong><br>Wenn Sie diesen Vertrag widerrufen, haben wir Ihnen alle Zahlungen, die den Warenwert betreffen, die wir von Ihnen erhalten haben, unverz\u00fcglich und sp\u00e4testens binnen vierzehn Tagen ab dem Tag zur\u00fcckzuzahlen, an dem die Mitteilung \u00fcber Ihren Widerruf dieses Vertrags bei uns eingegangen ist. F\u00fcr diese R\u00fcckzahlung verwenden wir dasselbe Zahlungsmittel, das Sie bei der urspr\u00fcnglichen Transaktion eingesetzt haben, es sei denn, mit Ihnen wurde ausdr\u00fccklich etwas anderes vereinbart; in keinem Fall werden Ihnen wegen dieser R\u00fcckzahlung Entgelte berechnet. Wir k\u00f6nnen die R\u00fcckzahlung verweigern, bis wir die Waren wieder zur\u00fcckerhalten haben oder bis Sie den Nachweis erbracht haben, dass Sie die Waren zur\u00fcckgesandt haben, je nachdem, welches der fr\u00fchere Zeitpunkt ist.<\/p>\n\n\n\n<p>Sie haben die Waren unverz\u00fcglich und in jedem Fall sp\u00e4testens binnen vierzehn Tagen ab dem Tag, an dem Sie uns \u00fcber den Widerruf dieses Vertrags unterrichten, an F\u00f6rderverein von Round Table 75 Biberach e. V., vertreten durch Rolf Schlagentweith, Georg-Schinbain-Str. 121, 88400 Biberach; info@beaverscrown.de zur\u00fcckzusenden oder zu \u00fcbergeben. Die Frist ist gewahrt, wenn Sie die Waren vor Ablauf der Frist von vierzehn Tagen absenden.<\/p>\n\n\n\n<p>Sie tragen die unmittelbaren Kosten der R\u00fccksendung der Waren.<\/p>\n\n\n\n<p>Sie m\u00fcssen f\u00fcr einen etwaigen Wertverlust der Waren nur aufkommen, wenn dieser Wertverlust auf einen zur Pr\u00fcfung der Beschaffenheit, Eigenschaften und Funktionsweise der Waren nicht notwendigen Umgang mit ihnen zur\u00fcckzuf\u00fchren ist.<\/p>\n\n\n\n<p><br>Ende der Widerrufsbelehrung<\/p>\n","protected":false},"excerpt":{"rendered":"<p>WiderrufsbelehrungSie haben das Recht, binnen vierzehn Tagen ohne Angabe von Gr\u00fcnden diesen Vertrag zu widerrufen. Das Widerrufsrecht gilt nicht bei signierten bzw. nach Kundenspezifikationen angefertigten Produkten. Die Widerrufsfrist betr\u00e4gt vierzehn Tage ab dem Tag, an dem Sie oder ein von Ihnen benannter Dritter, der nicht der Bef\u00f6rderer ist, die letzte Ware in Besitz genommen haben [&hellip;]<\/p>\n","protected":false},"author":1,"featured_media":0,"parent":0,"menu_order":0,"comment_status":"closed","ping_status":"closed","template":"template-fullwidth.php","meta":{"footnotes":""},"class_list":["post-61","page","type-page","status-publish","hentry"],"jetpack_sharing_enabled":true,"_links":{"self":[{"href":"https:\/\/beaverscrown.de\/index.php\/wp-json\/wp\/v2\/pages\/61","targetHints":{"allow":["GET"]}}],"collection":[{"href":"https:\/\/beaverscrown.de\/index.php\/wp-json\/wp\/v2\/pages"}],"about":[{"href":"https:\/\/beaverscrown.de\/index.php\/wp-json\/wp\/v2\/types\/page"}],"author":[{"embeddable":true,"href":"https:\/\/beaverscrown.de\/index.php\/wp-json\/wp\/v2\/users\/1"}],"replies":[{"embeddable":true,"href":"https:\/\/beaverscrown.de\/index.php\/wp-json\/wp\/v2\/comments?post=61"}],"version-history":[{"count":2,"href":"https:\/\/beaverscrown.de\/index.php\/wp-json\/wp\/v2\/pages\/61\/revisions"}],"predecessor-version":[{"id":310,"href":"https:\/\/beaverscrown.de\/index.php\/wp-json\/wp\/v2\/pages\/61\/revisions\/310"}],"wp:attachment":[{"href":"https:\/\/beaverscrown.de\/index.php\/wp-json\/wp\/v2\/media?parent=61"}],"curies":[{"name":"wp","href":"https:\/\/api.w.org\/{rel}","templated":true}]}}