{"id":59,"date":"2021-01-30T21:03:43","date_gmt":"2021-01-30T21:03:43","guid":{"rendered":"https:\/\/beaverscrown.de\/index.php\/datenschutzerklaerung\/"},"modified":"2021-06-28T22:48:11","modified_gmt":"2021-06-28T21:48:11","slug":"datenschutzerklaerung","status":"publish","type":"page","link":"https:\/\/beaverscrown.de\/index.php\/datenschutzerklaerung\/","title":{"rendered":"Datenschutzerkl\u00e4rung"},"content":{"rendered":"\n<p><strong>Datenschutzerkl\u00e4rung<\/strong><\/p>\n\n\n\n<p><strong>A. Allgemeines<\/strong><\/p>\n\n\n\n<p><strong>I.&nbsp;Was regelt diese Datenschutzerkl\u00e4rung?<\/strong><\/p>\n\n\n\n<p>Die Betreiber von beaverscrown.de nehmen den Schutz Ihrer pers\u00f6nlichen Daten sehr ernst. Wir behandeln Ihre personenbezogenen Daten vertraulich und entsprechend der gesetzlichen Datenschutzvorschriften sowie dieser Datenschutzerkl\u00e4rung.&nbsp;Es ist uns daher wichtig, Sie dar\u00fcber zu informieren, welche personenbezogenen Daten wir w\u00e4hrend Ihres Aufenthalts auf dem Webshop (https:\/\/beaverscrown.de ) erheben, wie wir diese Daten verwenden und welche Rechte Sie in Bezug auf Ihre Daten haben.<\/p>\n\n\n\n<p>Die Nutzung unserer Webseite ist in der Regel ohne Angabe personenbezogener Daten m\u00f6glich. Soweit auf unseren Seiten personenbezogene Daten (beispielsweise Name, Anschrift oder E-Mail-Adressen) erhoben werden, erfolgt dies ausschlie\u00dflich f\u00fcr die Durchf\u00fchrung der Gesch\u00e4ftsbeziehung (Bestellaufnahme, Kontakt bez\u00fcglich der Bestellausf\u00fchrung, Bestellausf\u00fchrung und Versand) entsprechend der aufgef\u00fchrten allgemeinen Gesch\u00e4ftsbedingungen. Diese Daten werden ohne Ihre ausdr\u00fcckliche Zustimmung nicht an Dritte weitergegeben.<\/p>\n\n\n\n<p>Wir weisen darauf hin, dass die Daten\u00fcbertragung im Internet (z.B. bei der Kommunikation per E-Mail) Sicherheitsl\u00fccken aufweisen kann. Ein l\u00fcckenloser Schutz der Daten vor dem Zugriff durch Dritte ist nicht m\u00f6glich.<\/p>\n\n\n\n<p><strong>II. Was sind personenbezogene Daten und was bedeutet Verarbeitung?<\/strong><\/p>\n\n\n\n<p>1. \u201ePersonenbezogene Daten\u201c sind alle Informationen, die \u00fcber eine nat\u00fcrliche Person etwas aussagen. Personenbezogene Daten sind dabei nicht nur Informationen, die einen direkten R\u00fcckschluss auf eine bestimmte Person zulassen (wie beispielsweise der Name oder die E-Mail-Adresse einer Person), sondern auch Informationen mit denen mit entsprechendem Zusatzwissen indirekt ein Bezug auf eine bestimmte Person hergestellt werden kann.<\/p>\n\n\n\n<p>2. \u201eVerarbeitung\u201c meint jegliche Ma\u00dfnahmen, die mit Ihren personenbezogenen Daten durchgef\u00fchrt werden (wie beispielsweise das Erheben, das Erfassen, die Organisation, das Ordnen, die Speicherung, die Verwendung oder das L\u00f6schen von personenbezogenen Daten).<\/p>\n\n\n\n<p><strong>B. Datenverarbeitung<\/strong><\/p>\n\n\n\n<p><strong>I.&nbsp;Wer ist verantwortlich f\u00fcr die Verarbeitung meiner Daten?<\/strong><\/p>\n\n\n\n<p>Verantwortliche Stelle f\u00fcr die Verarbeitung Ihrer personenbezogenen Daten ist:<\/p>\n\n\n\n<p>F\u00f6rderverein von Round Table 75 Biberach e. V.<\/p>\n\n\n\n<p>vertreten durch Rolf Schlagentweith<\/p>\n\n\n\n<p>Georg-Schinbain-Str. 121<\/p>\n\n\n\n<p>88400 Biberach<\/p>\n\n\n\n<p><a href=\"mailto:info@beaverscrown.de\">info@beaverscrown.de<\/a><\/p>\n\n\n\n<p><strong>II.&nbsp;Welche Daten erheben wir bei Ihrer Bestellung zu welchen Zwecken und aufgrund welcher rechtlichen Grundlage?<\/strong><\/p>\n\n\n\n<p><strong>1. E-Mail-Adresse<\/strong><\/p>\n\n\n\n<p>Ihre E-Mail-Adresse ben\u00f6tigen wir um Ihnen eine Bestellbest\u00e4tigung, Auftragsbest\u00e4tigung, Versandbest\u00e4tigung, Auftragsabkl\u00e4rung (R\u00fcckfragen bei Individualisierungen) sowie eine Rechnung zukommen zu lassen.<\/p>\n\n\n\n<p><strong>2. Vor- und Nachname, Stra\u00dfe, Hausnummer, Postleitzahl, Stadt, Land<\/strong><\/p>\n\n\n\n<p>Diese Daten ben\u00f6tigen wir um Ihnen Ihre Bestellung zusenden zu k\u00f6nnen.<\/p>\n\n\n\n<p><strong>3. Bestellter Artikel, Anzahl, Kaufpreis<\/strong><\/p>\n\n\n\n<p>Diese Daten ben\u00f6tigen wir um Ihre Bestellung bearbeiten zu k\u00f6nnen.<\/p>\n\n\n\n<p><strong>4. Telefonnummer<\/strong><\/p>\n\n\n\n<p>Ihre Telefonnummer ben\u00f6tigen wir um Sie bei R\u00fcckfragen zu Ihrer Bestellung kontaktieren zu k\u00f6nnen und gegebenenfalls mit Ihnen einen Individualisierungswunsch f\u00fcr Ihre Bestellung zu vereinbaren.<\/p>\n\n\n\n<p>Beaver&#8217;s Crown verwendet Ihre unter Ziffer 1 bis 4 genannten personenbezogenen Daten ausschlie\u00dflich zur Abwicklung Ihrer Bestellung.<\/p>\n\n\n\n<p>Rechtsgrundlage f\u00fcr die Verarbeitungen ist jeweils Art. 6 Absatz 1 Buchstabe b der Datenschutz-Grundverordnung (DS-GVO), das hei\u00dft, Ihre Daten sind zur Abwicklung Ihrer Bestellung erforderlich.<\/p>\n\n\n\n<p><strong>5. Benutzerkonto<\/strong><\/p>\n\n\n\n<p>F\u00fcr die komfortable Mehrfachnutzung des Webshops kann optional ein Benutzerkonto angelegt werden. Bei dem Anlegen eines Benutzerkontos (Registrierung) sind folgende Daten zwingend von Ihnen anzugeben:<\/p>\n\n\n\n<ul class=\"wp-block-list\"><li>E-Mail-Adresse<\/li><li>Zugangspasswort<\/li><\/ul>\n\n\n\n<p>Zur Verhinderung von Missbrauch und Missverst\u00e4ndnissen m\u00fcssen Sie Ihr Benutzerkonto nach Abschluss des Registrierungsprozesses aktivieren. Dazu senden wir Ihnen eine E-Mail mit einem Aktivierungslink an die von Ihnen angegebene E-Mail-Adresse. Durch einfachen Mausklick auf den in der E-Mail enthaltenen Aktivierungslink wird Ihr Benutzerkonto aktiviert (so genannter \u201eDouble-Opt-In\u201c). Wir verarbeiten Ihre E-Mail-Adresse und Ihr Zugangspasswort um ein Benutzerkonto f\u00fcr Sie einzurichten. Rechtsgrundlage f\u00fcr die Verarbeitung zu diesem Zweck ist Art. 6 Absatz 1 Buchstabe b der Datenschutz-Grundverordnung (DS-GVO).<\/p>\n\n\n\n<p><strong>6. Cookies<\/strong><\/p>\n\n\n\n<p>Die Internetseiten verwenden teilweise so genannte Cookies. Cookies richten auf Ihrem Rechner keinen Schaden an und enthalten keine Viren. Cookies dienen dazu, unser Angebot nutzerfreundlicher, effektiver und sicherer zu machen. Cookies sind kleine Textdateien, die auf Ihrem Rechner abgelegt werden und die Ihr Browser speichert.<\/p>\n\n\n\n<p>Die meisten der von uns verwendeten Cookies sind so genannte \u201eSession-Cookies\u201c. Sie werden nach Ende Ihres Besuchs automatisch gel\u00f6scht. Andere Cookies bleiben auf Ihrem Endger\u00e4t gespeichert, bis Sie diese l\u00f6schen. Diese Cookies erm\u00f6glichen es uns, Ihren Browser beim n\u00e4chsten Besuch wiederzuerkennen.<\/p>\n\n\n\n<p>Sie k\u00f6nnen Ihren Browser so einstellen, dass Sie \u00fcber das Setzen von Cookies informiert werden und Cookies nur im Einzelfall erlauben, die Annahme von Cookies f\u00fcr bestimmte F\u00e4lle oder generell ausschlie\u00dfen sowie das automatische L\u00f6schen der Cookies beim Schlie\u00dfen des Browser aktivieren. Bei der Deaktivierung von Cookies kann die Funktionalit\u00e4t dieser Website eingeschr\u00e4nkt sein.<\/p>\n\n\n\n<p>Weitere Informationen zu den verwendeten Cookies erhalten Sie in unserer <a href=\"https:\/\/beaverscrown.de\/index.php\/cookie-policy\/\" data-type=\"page\" data-id=\"341\">Cookie-Policy<\/a>.<\/p>\n\n\n\n<p><strong>7. Server-Log-Files<\/strong><\/p>\n\n\n\n<p>Der Provider der Seiten erhebt und speichert automatisch Informationen in so genannten Server-Log Files, die Ihr Browser automatisch an uns \u00fcbermittelt. Dies sind:<\/p>\n\n\n\n<p>Browsertyp und Browserversion<\/p>\n\n\n\n<p>verwendetes Betriebssystem<\/p>\n\n\n\n<p>Referrer URL (URL der verweisenden Webseite)<\/p>\n\n\n\n<p>Hostname des zugreifenden Rechners Uhrzeit der Serveranfrage<\/p>\n\n\n\n<p>Diese Daten sind nicht bestimmten Personen zuordenbar. Eine Zusammenf\u00fchrung dieser Daten mit anderen Datenquellen wird nicht vorgenommen. Wir behalten uns vor, diese Daten nachtr\u00e4glich zu pr\u00fcfen, wenn uns konkrete Anhaltspunkte f\u00fcr eine rechtswidrige Nutzung bekannt werden.<\/p>\n\n\n\n<p>Diese Daten verarbeiten wir um F\u00e4lle von Missbrauchs des Onlineshops zu entdecken, nachvollziehen und abstellen zu k\u00f6nnen und so Datensicherheit auf unseren Webservern zu gew\u00e4hrleisten. Rechtsgrundlage f\u00fcr die Verarbeitung ist Art. 6 Absatz 1 Buchstabe f der Datenschutz-Grundverordnung (DS-GVO).<\/p>\n\n\n\n<p><strong>8. Google Techniken<\/strong><\/p>\n\n\n\n<p><strong>Google Fonts<\/strong><\/p>\n\n\n\n<p>Auf unserer Seite verwenden wir Google Fonts zur Darstellung externer Schriftarten. Es handelt sich hierbei um einen Dienst der Google LLC, 1600 Amphitheatre Parkway, Mountain View, CA 94043 USA, nachfolgend nur \u201eGoogle\u201c genannt.&nbsp;Unser berechtigtes Interesse liegt in der Optimierung und dem wirtschaftlichen Betrieb unseres Internetauftritts.&nbsp;Um die Darstellung bestimmter Schriften auf unserer Seite zu erm\u00f6glichen, wird bei Aufruf eine Verbindung zu dem Google-Server in den USA aufgebaut.&nbsp;Durch diesen Aufruf und die hergestellte Verbindung zu Google kann Google ermitteln, von welcher Website Ihre Anfrage gesendet worden ist und an welche IP-Adresse die Darstellung der Schrift zu \u00fcbermitteln ist.<\/p>\n\n\n\n<p>Google bietet unter https:\/\/adssettings.google.com\/authenticated und https:\/\/policies.google.com\/privacy weitere Informationen an und zwar insbesondere zu den M\u00f6glichkeiten der Unterbindung der Datennutzung.&nbsp;<\/p>\n\n\n\n<p><strong>Google Analytics<\/strong><\/p>\n\n\n\n<p>Auf unserer Seite verwenden wir&nbsp;Google Analytics, einen Webanalysedienst von Google Inc., 1600 Amphitheatre Parkway, Mountain View, CA 94043, USA (\u201cGoogle\u201d). Google Analytics verwendet Cookies, die auf Ihrem Endger\u00e4t gespeichert werden und die eine Analyse Ihrer Benutzung der Website erm\u00f6glichen. Die durch das Cookie erzeugten Informationen \u00fcber Ihre Benutzung dieser Website werden in der Regel an einen Server von Google in den USA \u00fcbertragen und dort gespeichert.<\/p>\n\n\n\n<p>Wir haben die IP-Anonymisierung &nbsp;aktiviert, daher wird Ihre IP-Adresse von Google bereits innerhalb der Mitgliedstaaten der Europ\u00e4ischen Union oder in anderen Vertragsstaaten des Abkommens \u00fcber den Europ\u00e4ischen Wirtschaftsraum gek\u00fcrzt. Nur in Ausnahmef\u00e4llen wird die volle IP-Adresse an einen Server von Google in den USA \u00fcbertragen und dort gek\u00fcrzt. Im Auftrag von Fusselzirkus wird Google die oben genannten Informationen benutzen, um Ihre Nutzung des Webshops auszuwerten, um Reports \u00fcber die Websiteaktivit\u00e4ten zusammenzustellen und um weitere mit der Websitenutzung und der Internetnutzung verbundene Dienstleistungen gegen\u00fcber Fusselzirkus zu erbringen.<\/p>\n\n\n\n<p>Die im Rahmen von Google Analytics von Ihrem Browser \u00fcbermittelte IP-Adresse wird nicht mit anderen Daten von Google zusammengef\u00fchrt. Sie k\u00f6nnen die Speicherung der Cookies durch eine entsprechende Einstellung Ihrer Browser-Software verhindern; wir weisen Sie jedoch darauf hin, dass Sie in diesem Fall gegebenenfalls nicht s\u00e4mtliche Funktionen dieser Website vollumf\u00e4nglich nutzen k\u00f6nnen.<\/p>\n\n\n\n<p>Sie k\u00f6nnen dar\u00fcber hinaus mit Wirkung f\u00fcr die Zukunft die Erfassung der durch das Cookie erzeugten und auf Ihre Nutzung der Website bezogenen Daten (einschlie\u00dflich Ihrer IP-Adresse) an Google sowie die Verarbeitung dieser Daten durch Google verhindern, indem sie das unter dem folgenden Link verf\u00fcgbare Browser-Plugin herunterladen und installieren:&nbsp;<a href=\"http:\/\/tools.google.com\/dlpage\/gaoptout?\" target=\"_blank\" rel=\"noreferrer noopener\">http:\/\/tools.google.com\/dlpage\/gaoptout?<\/a>.<\/p>\n\n\n\n<p><strong>Google AdWords<\/strong><\/p>\n\n\n\n<p>Wir nutzen das Online-Werbeprogramm \u201eGoogle AdWords\u201c und im Rahmen von Google AdWords das Conversion-Tracking. Das Cookie f\u00fcr Conversion-Tracking wird gesetzt, wenn ein Nutzer auf eine von Google geschaltete Anzeige klickt. Diese Cookies verlieren nach 30 Tagen ihre G\u00fcltigkeit und dienen nicht der pers\u00f6nlichen Identifizierung.<\/p>\n\n\n\n<p>Besucht der Nutzer bestimmte Seiten der Website des AdWords-Kunden und das Cookie ist noch nicht abgelaufen, k\u00f6nnen Google und der Kunde erkennen, dass der Nutzer auf die Anzeige geklickt hat und zu dieser Seite weitergeleitet wurde. Jeder Kunde erh\u00e4lt ein anderes Cookie. Cookies k\u00f6nnen somit nicht \u00fcber die Websites von AdWords-Kunden nachverfolgt werden.<\/p>\n\n\n\n<p>Die mit Hilfe des Conversion-Cookies eingeholten Informationen dienen dazu, Conversion-Statistiken f\u00fcr AdWords-Kunden zu erstellen, die sich f\u00fcr Conversion-Tracking entschieden haben. Die Kunden erfahren die Gesamtanzahl der Nutzer, die auf ihre Anzeige geklickt haben und zu einer mit einem Conversion-Tracking-Tag versehenen Seite weitergeleitet wurden. Sie erhalten jedoch keine Informationen, mit denen sich Nutzer pers\u00f6nlich identifizieren lassen.<\/p>\n\n\n\n<p>Google AdWords wird nur eingesetzt, sofern Sie \u00fcber das sog. Cookie-Banner der Nutzung ausdr\u00fccklich zustimmen. Wenn Sie Cookies f\u00fcr Conversion-Tracking deaktivieren m\u00f6chten, k\u00f6nnen Sie Ihren Browser so einstellen, dass Cookies von der Domain \u201egoogleadservices.com\u201d blockiert werden.<\/p>\n\n\n\n<p>Weitere Informationen zum Thema \u201eDatenschutz\u201c im Rahmen des Online-Werbeprogramms Google AdWords finden Sie unter&nbsp;<a href=\"https:\/\/www.google.com\/policies\/privacy\" target=\"_blank\" rel=\"noreferrer noopener\">https:\/\/www.google.com\/policies\/privacy<\/a>.<\/p>\n\n\n\n<p><strong>DoubleClick<\/strong><\/p>\n\n\n\n<p>Doubleclick by Google ist eine Dienstleistung von Google Inc., 1600 Amphitheatre Parkway, Mountain View, CA 94043, USA (\u201cGoogle\u201d). Doubleclick by Google verwendet Cookies, um Ihnen f\u00fcr Sie relevante Werbeanzeigen zu pr\u00e4sentieren. Dabei wird Ihrem Browser eine pseudonyme Identifikationsnummer (ID) zugeordnet, um zu \u00fcberpr\u00fcfen, welche Anzeigen in Ihrem Browser eingeblendet wurden und welche Anzeigen aufgerufen wurden. Die Cookies enthalten keine personenbezogenen Informationen. Die Verwendung der DoubleClick-Cookies erm\u00f6glicht Google und seinen Partner-Websites lediglich die Schaltung von Anzeigen auf Basis vorheriger Besuche auf unserer oder anderen Websites im Internet. Die durch die Cookies erzeugten Informationen werden von Google zur Auswertung an einen Server in den USA \u00fcbertragen und dort gespeichert. Eine \u00dcbertragung der Daten durch Google an Dritte findet nur aufgrund gesetzlicher Vorschriften oder im Rahmen der Auftragsdatenverarbeitung statt. Keinesfalls wird Google ihre Daten mit anderen von Google erfassten Daten zusammenbringen.<\/p>\n\n\n\n<p>Durch Ihre Zustimmung, die Sie \u00fcber den beim ersten Besuch auf Fusselzirkus eingeblendeten Banner erkl\u00e4ren k\u00f6nnen, erkl\u00e4ren Sie sich mit der Bearbeitung der \u00fcber Sie erhobenen Daten durch Google und der zuvor beschriebenen Art und Weise der Datenverarbeitung sowie dem benannten Zweck einverstanden. Sie k\u00f6nnen die Speicherung der Cookies durch eine entsprechende Einstellung Ihrer Browser-Software verhindern; wir weisen Sie jedoch darauf hin, dass Sie in diesem Fall gegebenenfalls nicht s\u00e4mtliche Funktionen des Webshops vollumf\u00e4nglich werden nutzen k\u00f6nnen.<\/p>\n\n\n\n<p>Sie k\u00f6nnen dar\u00fcber hinaus die Erfassung der durch die Cookies erzeugten und auf Ihre Nutzung von Fusselzirkus bezogenen Daten an Google sowie die Verarbeitung dieser Daten durch Google verhindern, indem sie das unter dem Link&nbsp;<a href=\"https:\/\/adssettings.google.com\/\" target=\"_blank\" rel=\"noreferrer noopener\">https:\/\/adssettings.google.com\/<\/a>&nbsp;unter dem Punkt DoubleClick-Deaktivierungserweiterung verf\u00fcgbare Browser-Plugin herunterladen und installieren. Alternativ k\u00f6nnen Sie die Doubleclick-Cookies auf der Seite der Digital Advertising Alliance unter dem folgenden Link deaktivieren:&nbsp;<a href=\"http:\/\/optout.aboutads.info\/?c=2#!\/\" target=\"_blank\" rel=\"noreferrer noopener\">http:\/\/optout.aboutads.info\/?c=2#!\/<\/a><\/p>\n\n\n\n<p>Rechtsgrundlage f\u00fcr die Verarbeitungen von Google Techniken ist jeweils Art. 6 Absatz 1 Buchstabe a der Datenschutz-Grundverordnung (DS-GVO), das hei\u00dft, Ihre Daten werden erst nach Einwilligung des Cookie-Banners verarbeitet.<\/p>\n\n\n\n<p><strong>III. An wen und zu welchen Zwecken \u00fcbermitteln wir Ihre personenbezogenen Daten?<\/strong><\/p>\n\n\n\n<p>Bei der Abwicklung Ihrer Bestellung unterst\u00fctzen uns Dienstleister, denen wir zur Durchf\u00fchrung der von uns an sie \u00fcbertragenen Aufgaben ihre Daten zur Verf\u00fcgung stellen m\u00fcssen. Diese Dienstleister sind ausschlie\u00dflich im von uns vorgegebenen Rahmen berechtigt diese Daten zu verarbeiten und wurden von uns verpflichtet, diese Daten nach Erf\u00fcllung des Dienstleistungsvertrages zu l\u00f6schen.<\/p>\n\n\n\n<p>9. <strong>PayPal als Zahlungsabwicklung<\/strong><\/p>\n\n\n\n<p>Wir akzeptieren Zahlungen mit PayPal. Bei der Zahlungsabwicklung werden die daf\u00fcr notwendige Daten an PayPal weitergegeben. Hierbei werden ausschlie\u00dflich erforderliche Informationen f\u00fcr die Verarbeitung oder Durchf\u00fchrung der Zahlung weitergegeben wie beispielsweise Gesamtkaufpreis und Zahlungsinformationen.<\/p>\n\n\n\n<p>Hier k\u00f6nnen die die&nbsp;<a href=\"https:\/\/www.paypal.com\/us\/webapps\/mpp\/ua\/privacy-full\">PayPal Datenschutzerkl\u00e4rung<\/a>&nbsp;angesehen werden.<\/p>\n\n\n\n<p>10. Facebook Pixel<\/p>\n\n\n\n<p>Unsere Website nutzt zur Konversionsmessung das Besucheraktions-Pixel von Facebook, Facebook Inc., 1601 S. California Ave, Palo Alto, CA 94304, USA (&#8222;Facebook&#8220;).<\/p>\n\n\n\n<p>Mit Hilfe des Facebook-Pixel kann das Verhalten der Seitenbesucher nachverfolgt werden, nachdem diese durch Klick auf eine Facebook-Werbeanzeige auf unsere Website weitergeleitet wurden. Dadurch k\u00f6nnen die Wirksamkeit der Facebook-Werbeanzeigen f\u00fcr statistische und Marktforschungszwecke ausgewertet und zuk\u00fcnftige Werbema\u00dfnahmen optimiert werden.<\/p>\n\n\n\n<p>Die erhobenen Daten sind f\u00fcr uns als Betreiber dieser Website anonym, wir k\u00f6nnen keine R\u00fcckschl\u00fcsse auf die Identit\u00e4t der Nutzer ziehen. Die Daten werden aber von Facebook gespeichert und verarbeitet, sodass eine Verbindung zum jeweiligen Nutzerprofil m\u00f6glich ist und Facebook die Daten f\u00fcr eigene Werbezwecke, entsprechend der Facebook-Datenverwendungsrichtlinie verwenden kann. Dadurch kann Facebook das Schalten von Werbeanzeigen auf Seiten von Facebook sowie au\u00dferhalb von Facebook erm\u00f6glichen. Diese Verwendung der Daten kann von uns als Seitenbetreiber nicht beeinflusst werden.<\/p>\n\n\n\n<p>In den Datenschutzhinweisen von Facebook finden Sie weitere Hinweise zum Schutz Ihrer Privatsph\u00e4re:&nbsp;<a href=\"https:\/\/www.facebook.com\/about\/privacy\/\" target=\"_blank\" rel=\"noreferrer noopener\">https:\/\/www.facebook.com\/about\/privacy\/<\/a>.<\/p>\n\n\n\n<p>Sie k\u00f6nnen au\u00dferdem die Remarketing-Funktion &#8222;Custom Audiences&#8220; im Bereich Einstellungen f\u00fcr Werbeanzeigen unter&nbsp;<a href=\"https:\/\/www.facebook.com\/ads\/preferences\/?entry_product=ad_settings_screen\" target=\"_blank\" rel=\"noreferrer noopener\">https:\/\/www.facebook.com\/ads\/preferences\/?entry_product=ad_settings_screen<\/a>&nbsp;deaktivieren. Dazu m\u00fcssen Sie bei Facebook angemeldet sein.<\/p>\n\n\n\n<p>Wenn Sie kein Facebook Konto besitzen, k\u00f6nnen Sie nutzungsbasierte Werbung von Facebook auf der Website der European Interactive Digital Advertising Alliance deaktivieren:&nbsp;<a href=\"http:\/\/www.youronlinechoices.com\/de\/praferenzmanagement\/\" target=\"_blank\" rel=\"noreferrer noopener\">http:\/\/www.youronlinechoices.com\/de\/praferenzmanagement\/<\/a>.<\/p>\n\n\n\n<p>Rechtsgrundlage f\u00fcr die Verarbeitungen vom Facebook Pixel ist jeweils Art. 6 Absatz 1 Buchstabe a der Datenschutz-Grundverordnung (DS-GVO), das hei\u00dft, Ihre Daten werden erst nach Einwilligung des Cookie-Banners verarbeitet.<\/p>\n\n\n\n<p><strong>IV.&nbsp;Werden meine personenbezogenen Daten au\u00dferhalb der Europ\u00e4ischen Union verarbeitet?<\/strong><\/p>\n\n\n\n<p>Nein. Wir verarbeiten Ihre Daten ausschlie\u00dflich im gesetzlich zul\u00e4ssigen Rahmen innerhalb der Europ\u00e4ischen Union auf Servern in Deutschland.<\/p>\n\n\n\n<p><strong>V.&nbsp;Wann l\u00f6schen oder anonymisieren Sie meine personenbezogenen Daten?<\/strong><\/p>\n\n\n\n<p>Ihre personenbezogenen Daten (E-Mail-Adresse,Vor- und Nachname, Stra\u00dfe, Hausnummer, Postleitzahl, Stadt, Land, Telefonnummer sowieBestellter Artikel, Anzahl, Kaufpreis) werden nach Abschluss Ihrer Bestellung und Wegfall der steuerrechtlichen Notwendigkeit gel\u00f6scht.<\/p>\n\n\n\n<p>Server-Logfiles werden nach 90 Tagen gel\u00f6scht.<\/p>\n\n\n\n<p>Session-Cookies werden nach Ende Ihres Besuchs automatisch gel\u00f6scht. Andere Cookies bleiben auf Ihrem Endger\u00e4t gespeichert, bis Sie diese l\u00f6schen.<\/p>\n\n\n\n<p>Benutzerkonten werden automatisch gel\u00f6scht, wenn Sie sich zwei Jahre lang nicht in Ihr Benutzerkonto eingeloggt haben.&nbsp;Sie k\u00f6nnen dar\u00fcber hinaus jederzeit die L\u00f6schung Ihres Benutzerkontos verlangen.<\/p>\n\n\n\n<p><strong>C. &nbsp;Wie sind meine personenbezogenen Daten gegen den Zugriff Unbefugter und Verlust gesichert?<\/strong><\/p>\n\n\n\n<p>Wir setzen technische und organisatorische Sicherheitsma\u00dfnahmen ein, um zu gew\u00e4hrleisten, dass die Daten unserer Nutzer vor Verlust, unrichtigen Ver\u00e4nderungen oder unberechtigten Zugriffen Dritter gesch\u00fctzt sind. In jedem Fall haben von unserer Seite \u00fcberdies nur berechtigte Personen Zugang zu Ihren Daten, und dies auch nur insoweit, als es im Rahmen der oben genannten Zwecke erforderlich ist.<\/p>\n\n\n\n<p>Diese Seite nutzt aus Gr\u00fcnden der Sicherheit und zum Schutz der \u00dcbertragung vertraulicher Inhalte, wie zum Beispiel der Anfragen, die Sie an uns als Seitenbetreiber senden, eine SSL-Verschl\u00fcsselung. Eine verschl\u00fcsselte Verbindung erkennen Sie daran, dass die Adresszeile des Browsers von \u201chttp:\/\/\u201d auf \u201chttps:\/\/\u201d wechselt und an dem Schloss-Symbol in Ihrer Browserzeile.<\/p>\n\n\n\n<p>Wenn die SSL Verschl\u00fcsselung aktiviert ist, k\u00f6nnen die Daten, die Sie an uns \u00fcbermitteln, nicht von Dritten mitgelesen werden.<\/p>\n\n\n\n<p><strong>D.&nbsp;Recht auf Auskunft, L\u00f6schung, Sperrung und Beschwerde<\/strong><\/p>\n\n\n\n<p>Sie haben jederzeit das Recht auf unentgeltliche Auskunft \u00fcber Ihre gespeicherten personenbezogenen Daten, deren Herkunft und Empf\u00e4nger und den Zweck der Datenverarbeitung sowie ein Recht auf Berichtigung, Sperrung oder L\u00f6schung dieser Daten. Hierzu sowie zu weiteren Fragen zum Thema personenbezogene Daten k\u00f6nnen Sie sich jederzeit unter der im Impressum angegebenen Adresse an uns wenden.&nbsp;Dar\u00fcber hinaus besteht f\u00fcr Sie ein Beschwerderecht bei der zust\u00e4ndigen Aufsichtsbeh\u00f6rde.<\/p>\n\n\n\n<p><strong>E. Wer ist Ansprechpartner in Datenschutzfragen und wie kann ich mit ihm in Kontakt treten?<\/strong><\/p>\n\n\n\n<p>Bei Fragen zum Datenschutz wenden Sie sich bitte an:<\/p>\n\n\n\n<p>F\u00f6rderverein von Round Table 75 Biberach e. V.<\/p>\n\n\n\n<p>vertreten durch Rolf Schlagentweith<\/p>\n\n\n\n<p>Georg-Schinbain-Str. 121<\/p>\n\n\n\n<p>88400 Biberach<\/p>\n\n\n\n<p><a href=\"mailto:info@beaverscrown.de\">info@beaverscrown.de<\/a><\/p>\n\n\n\n<p>Stand: Februar 2021<\/p>\n\n\n\n<p><\/p>\n","protected":false},"excerpt":{"rendered":"<p>Datenschutzerkl\u00e4rung A. Allgemeines I.&nbsp;Was regelt diese Datenschutzerkl\u00e4rung? Die Betreiber von beaverscrown.de nehmen den Schutz Ihrer pers\u00f6nlichen Daten sehr ernst. Wir behandeln Ihre personenbezogenen Daten vertraulich und entsprechend der gesetzlichen Datenschutzvorschriften sowie dieser Datenschutzerkl\u00e4rung.&nbsp;Es ist uns daher wichtig, Sie dar\u00fcber zu informieren, welche personenbezogenen Daten wir w\u00e4hrend Ihres Aufenthalts auf dem Webshop (https:\/\/beaverscrown.de ) erheben, wie [&hellip;]<\/p>\n","protected":false},"author":1,"featured_media":0,"parent":0,"menu_order":0,"comment_status":"closed","ping_status":"closed","template":"template-fullwidth.php","meta":{"footnotes":""},"class_list":["post-59","page","type-page","status-publish","hentry"],"jetpack_sharing_enabled":true,"_links":{"self":[{"href":"https:\/\/beaverscrown.de\/index.php\/wp-json\/wp\/v2\/pages\/59","targetHints":{"allow":["GET"]}}],"collection":[{"href":"https:\/\/beaverscrown.de\/index.php\/wp-json\/wp\/v2\/pages"}],"about":[{"href":"https:\/\/beaverscrown.de\/index.php\/wp-json\/wp\/v2\/types\/page"}],"author":[{"embeddable":true,"href":"https:\/\/beaverscrown.de\/index.php\/wp-json\/wp\/v2\/users\/1"}],"replies":[{"embeddable":true,"href":"https:\/\/beaverscrown.de\/index.php\/wp-json\/wp\/v2\/comments?post=59"}],"version-history":[{"count":7,"href":"https:\/\/beaverscrown.de\/index.php\/wp-json\/wp\/v2\/pages\/59\/revisions"}],"predecessor-version":[{"id":1389,"href":"https:\/\/beaverscrown.de\/index.php\/wp-json\/wp\/v2\/pages\/59\/revisions\/1389"}],"wp:attachment":[{"href":"https:\/\/beaverscrown.de\/index.php\/wp-json\/wp\/v2\/media?parent=59"}],"curies":[{"name":"wp","href":"https:\/\/api.w.org\/{rel}","templated":true}]}}