{"id":56,"date":"2021-01-30T20:59:56","date_gmt":"2021-01-30T20:59:56","guid":{"rendered":"https:\/\/beaverscrown.de\/index.php\/homepage\/"},"modified":"2025-07-09T19:39:20","modified_gmt":"2025-07-09T18:39:20","slug":"home","status":"publish","type":"page","link":"https:\/\/beaverscrown.de\/","title":{"rendered":"Willkommen bei Beaver\u2019s Crown"},"content":{"rendered":"\n<div class=\"wp-block-media-text alignwide has-media-on-the-right has-background\" style=\"background-color:#313030;grid-template-columns:auto 76%\"><div class=\"wp-block-media-text__content\">\n<p class=\"has-large-font-size\"><\/p>\n<\/div><figure class=\"wp-block-media-text__media\"><img data-recalc-dims=\"1\" loading=\"lazy\" decoding=\"async\" width=\"980\" height=\"561\" src=\"https:\/\/i0.wp.com\/beaverscrown.de\/wp-content\/uploads\/2021\/02\/Hintergrund.png?resize=980%2C561&#038;ssl=1\" alt=\"\" class=\"wp-image-474 size-large\"\/><\/figure><\/div>\n\n\n\n<div class=\"wp-block-group alignwide\"><div class=\"wp-block-group__inner-container is-layout-flow wp-block-group-is-layout-flow\">\n<div class=\"wp-block-media-text alignwide has-background\" style=\"background-color:#313030;grid-template-columns:15% auto\"><figure class=\"wp-block-media-text__media\"><img data-recalc-dims=\"1\" loading=\"lazy\" decoding=\"async\" width=\"980\" height=\"858\" src=\"https:\/\/i0.wp.com\/beaverscrown.de\/wp-content\/uploads\/2021\/01\/quote4.png?resize=980%2C858&#038;ssl=1\" alt=\"\" class=\"wp-image-180 size-full\" srcset=\"https:\/\/i0.wp.com\/beaverscrown.de\/wp-content\/uploads\/2021\/01\/quote4.png?resize=1024%2C896&amp;ssl=1 1024w, https:\/\/i0.wp.com\/beaverscrown.de\/wp-content\/uploads\/2021\/01\/quote4.png?resize=300%2C262&amp;ssl=1 300w, https:\/\/i0.wp.com\/beaverscrown.de\/wp-content\/uploads\/2021\/01\/quote4.png?resize=768%2C672&amp;ssl=1 768w, https:\/\/i0.wp.com\/beaverscrown.de\/wp-content\/uploads\/2021\/01\/quote4.png?resize=1536%2C1343&amp;ssl=1 1536w, https:\/\/i0.wp.com\/beaverscrown.de\/wp-content\/uploads\/2021\/01\/quote4.png?resize=2048%2C1791&amp;ssl=1 2048w, https:\/\/i0.wp.com\/beaverscrown.de\/wp-content\/uploads\/2021\/01\/quote4.png?resize=324%2C283&amp;ssl=1 324w, https:\/\/i0.wp.com\/beaverscrown.de\/wp-content\/uploads\/2021\/01\/quote4.png?resize=416%2C364&amp;ssl=1 416w, https:\/\/i0.wp.com\/beaverscrown.de\/wp-content\/uploads\/2021\/01\/quote4.png?w=1960&amp;ssl=1 1960w, https:\/\/i0.wp.com\/beaverscrown.de\/wp-content\/uploads\/2021\/01\/quote4.png?w=2940&amp;ssl=1 2940w\" sizes=\"auto, (max-width: 980px) 100vw, 980px\" \/><\/figure><div class=\"wp-block-media-text__content\">\n<p><\/p>\n\n\n\n<p><\/p>\n\n\n\n<p class=\"has-text-align-left has-white-color has-text-color has-large-font-size\"><strong>Willkommen bei Beaver&#8217;s Crown<\/strong><\/p>\n\n\n\n<div class=\"wp-block-columns is-layout-flex wp-container-core-columns-is-layout-28f84493 wp-block-columns-is-layout-flex\">\n<div class=\"wp-block-column is-layout-flow wp-block-column-is-layout-flow\"><\/div>\n<\/div>\n\n\n\n<p class=\"has-text-color\" style=\"color:#d7d7d7;font-size:19px\"><em>Bei Round Table glauben wir daran, dass wir die Gesellschaft durch unseren pers\u00f6nlichen Einsatz positiv ver\u00e4ndern k\u00f6nnen. Deshalb spenden wir den gesamten Ertrag aus dem Verkauf dieses Gins ausschlie\u00dflich an gemeinn\u00fctzige Projekte vorrangig im Landkreis Biberach.<\/em><\/p>\n\n\n\n<p class=\"has-text-align-right has-text-color\" style=\"color:#d7d7d7;font-size:19px\">Round Table 75 Biberach<br><br><br><\/p>\n<\/div><\/div>\n<\/div><\/div>\n\n\n\n<div class=\"wp-block-media-text alignwide is-vertically-aligned-center has-background\" style=\"background-color:#313030;grid-template-columns:36% auto\"><figure class=\"wp-block-media-text__media\"><img data-recalc-dims=\"1\" loading=\"lazy\" decoding=\"async\" width=\"512\" height=\"1024\" src=\"https:\/\/i0.wp.com\/beaverscrown.de\/wp-content\/uploads\/2021\/03\/Front_Clipped_21.png?resize=512%2C1024&#038;ssl=1\" alt=\"\" class=\"wp-image-1021 size-large\" srcset=\"https:\/\/i0.wp.com\/beaverscrown.de\/wp-content\/uploads\/2021\/03\/Front_Clipped_21.png?resize=512%2C1024&amp;ssl=1 512w, https:\/\/i0.wp.com\/beaverscrown.de\/wp-content\/uploads\/2021\/03\/Front_Clipped_21.png?resize=150%2C300&amp;ssl=1 150w, https:\/\/i0.wp.com\/beaverscrown.de\/wp-content\/uploads\/2021\/03\/Front_Clipped_21.png?resize=768%2C1536&amp;ssl=1 768w, https:\/\/i0.wp.com\/beaverscrown.de\/wp-content\/uploads\/2021\/03\/Front_Clipped_21.png?resize=1024%2C2048&amp;ssl=1 1024w, https:\/\/i0.wp.com\/beaverscrown.de\/wp-content\/uploads\/2021\/03\/Front_Clipped_21.png?resize=324%2C648&amp;ssl=1 324w, https:\/\/i0.wp.com\/beaverscrown.de\/wp-content\/uploads\/2021\/03\/Front_Clipped_21.png?resize=416%2C832&amp;ssl=1 416w, https:\/\/i0.wp.com\/beaverscrown.de\/wp-content\/uploads\/2021\/03\/Front_Clipped_21.png?w=1280&amp;ssl=1 1280w\" sizes=\"auto, (max-width: 512px) 100vw, 512px\" \/><\/figure><div class=\"wp-block-media-text__content\">\n<div class=\"wp-block-buttons is-layout-flex wp-block-buttons-is-layout-flex\">\n<div class=\"wp-block-button\"><a class=\"wp-block-button__link wp-element-button\" href=\"https:\/\/beaverscrown.de\/index.php\/shop\/\"><strong>Jetzt einkaufen<\/strong><\/a><\/div>\n<\/div>\n\n\n\n<p class=\"has-text-color\" style=\"color:#d7d7d7;font-size:19px\">&#8230; <em>und damit gemeinn\u00fctzige Projekte unterst\u00fctzen!<\/em><\/p>\n\n\n\n<p class=\"has-text-color\" style=\"color:#d7d7d7;font-size:19px\">Feiner Gin-Genuss f\u00fcr den guten Zweck.<\/p>\n\n\n\n<p><\/p>\n\n\n\n<p><\/p>\n\n\n\n<p><\/p>\n\n\n\n<p><\/p>\n<\/div><\/div>\n\n\n\n<div class=\"wp-block-media-text alignwide has-media-on-the-right is-stacked-on-mobile is-vertically-aligned-center has-background\" style=\"background-color:#313030;grid-template-columns:auto 46%\"><div class=\"wp-block-media-text__content\">\n<p class=\"has-white-color has-text-color has-large-font-size\"><br>Unser<strong> Gin<\/strong><\/p>\n\n\n\n<p class=\"has-text-color\" style=\"color:#d7d7d7\">Beaver\u2019s Crown Gin wurde mit einer namhaften, familiengef\u00fchrten deutschen Spirituosenmanufaktur entworfen und besticht neben seinem klassischen Wacholderaroma durch frische Zitrusnoten sowie Nuancen von Kr\u00e4utern und Gew\u00fcrzen. Sein Abgang wird durch eine leichte, blumige Rosennote abgerundet. Im Glas harmoniert der Gin sehr gut mit frischen oder gefrorenen Himbeeren. <\/p>\n\n\n\n<p class=\"has-text-color\" style=\"color:#d7d7d7\">Als Tonic empfehlen wir das klassische Thomas Henry Tonic Water. F\u00fcr eine fruchtigere Kombination passt Beaver&#8217;s Crown Gin auch hervorragend zu Fever-Tree Mediterranean Tonic Water.<\/p>\n\n\n\n<p><br><\/p>\n<\/div><figure class=\"wp-block-media-text__media\"><img data-recalc-dims=\"1\" loading=\"lazy\" decoding=\"async\" width=\"980\" height=\"941\" src=\"https:\/\/i0.wp.com\/beaverscrown.de\/wp-content\/uploads\/2021\/06\/FlavoursSchuetzen.png?resize=980%2C941&#038;ssl=1\" alt=\"\" class=\"wp-image-1381 size-full\" srcset=\"https:\/\/i0.wp.com\/beaverscrown.de\/wp-content\/uploads\/2021\/06\/FlavoursSchuetzen.png?resize=1024%2C983&amp;ssl=1 1024w, https:\/\/i0.wp.com\/beaverscrown.de\/wp-content\/uploads\/2021\/06\/FlavoursSchuetzen.png?resize=300%2C288&amp;ssl=1 300w, https:\/\/i0.wp.com\/beaverscrown.de\/wp-content\/uploads\/2021\/06\/FlavoursSchuetzen.png?resize=768%2C737&amp;ssl=1 768w, https:\/\/i0.wp.com\/beaverscrown.de\/wp-content\/uploads\/2021\/06\/FlavoursSchuetzen.png?resize=324%2C311&amp;ssl=1 324w, https:\/\/i0.wp.com\/beaverscrown.de\/wp-content\/uploads\/2021\/06\/FlavoursSchuetzen.png?resize=416%2C399&amp;ssl=1 416w, https:\/\/i0.wp.com\/beaverscrown.de\/wp-content\/uploads\/2021\/06\/FlavoursSchuetzen.png?w=1236&amp;ssl=1 1236w\" sizes=\"auto, (max-width: 980px) 100vw, 980px\" \/><\/figure><\/div>\n\n\n\n<div class=\"wp-block-media-text alignwide is-stacked-on-mobile has-background\" style=\"background-color:#313030\"><figure class=\"wp-block-media-text__media\"><img data-recalc-dims=\"1\" loading=\"lazy\" decoding=\"async\" width=\"811\" height=\"1024\" src=\"https:\/\/i0.wp.com\/beaverscrown.de\/wp-content\/uploads\/2021\/02\/Biber.png?resize=811%2C1024&#038;ssl=1\" alt=\"\" class=\"wp-image-482 size-full\"\/><\/figure><div class=\"wp-block-media-text__content\">\n<p class=\"has-white-color has-text-color has-large-font-size\">Eine Idee aus <strong>Biberach<\/strong><\/p>\n\n\n\n<p class=\"has-text-color\" style=\"color:#d7d7d7\">Biberach an der Ri\u00df im w\u00fcrttembergischen Oberland ist allein namensbedingt die Hauptstadt des Bibers. Diesem die Krone aufzusetzen, ist als Idee im Herbst 2020 als Folge der Corona-Pandemie entstanden. In normalen Jahren startet dann die hei\u00dfe Phase der Vorbereitungen f\u00fcr den Biberacher Christkindlesmarkt, auf dem wir ehrenamtlich Gl\u00fchwein, Punsch und Waffeln verkaufen, um von den Ertr\u00e4gen unseren Spendentopf zu f\u00fcllen. Nachdem eine Durchf\u00fchrung des Marktes immer unwahrscheinlicher wurde, suchten wir nach Alternativen. Wie das Wappentier der Stadt wollten wir uns durch ein Virus nicht beeindrucken lassen und trotzten der Situation eine tolle Idee ab \u2013 den Gin Beaver&#8217;s Crown!<\/p>\n<\/div><\/div>\n\n\n\n<div class=\"wp-block-media-text alignwide has-media-on-the-right is-stacked-on-mobile has-background\" style=\"background-color:#313030;grid-template-columns:auto 39%\"><div class=\"wp-block-media-text__content\">\n<p class=\"has-white-color has-text-color has-large-font-size\">\u00dcber<strong> Round Table<\/strong><\/p>\n\n\n\n<p class=\"has-text-color\" style=\"color:#d7d7d7\">Round Table ist ein Service-Club junger M\u00e4nner aus unterschiedlichen Berufsgruppen von 18 bis 40 Jahren. Durch ehrenamtliches Engagement erwirtschaften wir finanzielle Mittel, um gemeinn\u00fctzige Projekte vorrangig im Landkreis Biberach zu unterst\u00fctzen. Gerne packen wir bei Hands-on-Projekten auch selbst mit an.<\/p>\n\n\n\n<p class=\"has-text-color\" style=\"color:#d7d7d7\">Wir erwarten von unseren Mitgliedern die Bereitschaft, sich innerhalb des eigenen Tisches und dar\u00fcber hinaus im Rahmen von Service-Projekten f\u00fcr andere zu engagieren. Hinter dieser Erwartung steht unsere \u00dcberzeugung, auch Pflichten gegen\u00fcber der Gemeinschaft zu haben. Bei dem Engagement in Service-Projekten ist nicht Geld, sondern pers\u00f6nlicher Einsatz gefordert, der sich auf Offenheit f\u00fcr die Probleme anderer und auf die Freude am gemeinsamen Handeln gr\u00fcndet. Round Table ist deshalb ein Service Club, jedoch keine karitative Einrichtung.<br><br><br><\/p>\n<\/div><figure class=\"wp-block-media-text__media\"><img data-recalc-dims=\"1\" loading=\"lazy\" decoding=\"async\" width=\"453\" height=\"433\" src=\"https:\/\/i0.wp.com\/beaverscrown.de\/wp-content\/uploads\/2021\/02\/RT75rand.png?resize=453%2C433&#038;ssl=1\" alt=\"\" class=\"wp-image-478 size-full\" srcset=\"https:\/\/i0.wp.com\/beaverscrown.de\/wp-content\/uploads\/2021\/02\/RT75rand.png?w=453&amp;ssl=1 453w, https:\/\/i0.wp.com\/beaverscrown.de\/wp-content\/uploads\/2021\/02\/RT75rand.png?resize=300%2C287&amp;ssl=1 300w, https:\/\/i0.wp.com\/beaverscrown.de\/wp-content\/uploads\/2021\/02\/RT75rand.png?resize=324%2C310&amp;ssl=1 324w, https:\/\/i0.wp.com\/beaverscrown.de\/wp-content\/uploads\/2021\/02\/RT75rand.png?resize=416%2C398&amp;ssl=1 416w\" sizes=\"auto, (max-width: 453px) 100vw, 453px\" \/><\/figure><\/div>\n\n\n\n<div class=\"wp-block-group\"><div class=\"wp-block-group__inner-container is-layout-flow wp-block-group-is-layout-flow\">\n<div class=\"wp-block-columns has-background is-layout-flex wp-container-core-columns-is-layout-28f84493 wp-block-columns-is-layout-flex\" style=\"background-color:#313030\">\n<div class=\"wp-block-column is-layout-flow wp-block-column-is-layout-flow\" style=\"flex-basis:1px\">\n<p><\/p>\n<\/div>\n\n\n\n<div class=\"wp-block-column is-layout-flow wp-block-column-is-layout-flow\"><\/div>\n\n\n\n<div class=\"wp-block-column has-text-color has-background is-layout-flow wp-block-column-is-layout-flow\" style=\"color:#313030;background-color:#313030;flex-basis:10px\">\n<p><\/p>\n<\/div>\n<\/div>\n<\/div><\/div>\n","protected":false},"excerpt":{"rendered":"<p>Willkommen bei Beaver&#8217;s Crown Bei Round Table glauben wir daran, dass wir die Gesellschaft durch unseren pers\u00f6nlichen Einsatz positiv ver\u00e4ndern k\u00f6nnen. Deshalb spenden wir den gesamten Ertrag aus dem Verkauf dieses Gins ausschlie\u00dflich an gemeinn\u00fctzige Projekte vorrangig im Landkreis Biberach. Round Table 75 Biberach Unser Gin Beaver\u2019s Crown Gin wurde mit einer namhaften, familiengef\u00fchrten deutschen [&hellip;]<\/p>\n","protected":false},"author":1,"featured_media":2444,"parent":5,"menu_order":0,"comment_status":"closed","ping_status":"closed","template":"template-fullwidth.php","meta":{"footnotes":""},"class_list":["post-56","page","type-page","status-publish","has-post-thumbnail","hentry"],"jetpack_sharing_enabled":true,"_links":{"self":[{"href":"https:\/\/beaverscrown.de\/index.php\/wp-json\/wp\/v2\/pages\/56","targetHints":{"allow":["GET"]}}],"collection":[{"href":"https:\/\/beaverscrown.de\/index.php\/wp-json\/wp\/v2\/pages"}],"about":[{"href":"https:\/\/beaverscrown.de\/index.php\/wp-json\/wp\/v2\/types\/page"}],"author":[{"embeddable":true,"href":"https:\/\/beaverscrown.de\/index.php\/wp-json\/wp\/v2\/users\/1"}],"replies":[{"embeddable":true,"href":"https:\/\/beaverscrown.de\/index.php\/wp-json\/wp\/v2\/comments?post=56"}],"version-history":[{"count":195,"href":"https:\/\/beaverscrown.de\/index.php\/wp-json\/wp\/v2\/pages\/56\/revisions"}],"predecessor-version":[{"id":2498,"href":"https:\/\/beaverscrown.de\/index.php\/wp-json\/wp\/v2\/pages\/56\/revisions\/2498"}],"up":[{"embeddable":true,"href":"https:\/\/beaverscrown.de\/index.php\/wp-json\/wp\/v2\/pages\/5"}],"wp:featuredmedia":[{"embeddable":true,"href":"https:\/\/beaverscrown.de\/index.php\/wp-json\/wp\/v2\/media\/2444"}],"wp:attachment":[{"href":"https:\/\/beaverscrown.de\/index.php\/wp-json\/wp\/v2\/media?parent=56"}],"curies":[{"name":"wp","href":"https:\/\/api.w.org\/{rel}","templated":true}]}}