{"id":53,"date":"2021-01-30T20:54:15","date_gmt":"2021-01-30T20:54:15","guid":{"rendered":"https:\/\/beaverscrown.de\/?page_id=53"},"modified":"2021-03-10T19:55:51","modified_gmt":"2021-03-10T18:55:51","slug":"agb","status":"publish","type":"page","link":"https:\/\/beaverscrown.de\/index.php\/agb\/","title":{"rendered":"AGB"},"content":{"rendered":"\n<p><strong>Allgemeine Gesch\u00e4ftsbedingungen<\/strong><\/p>\n\n\n\n<p><strong>Vertragspartner<\/strong><\/p>\n\n\n\n<p>Auf Grundlage dieser Allgemeinen Gesch\u00e4ftsbedingungen (AGB) kommt zwischen dem Kunden und<br>F\u00f6rderverein von Round Table 75 Biberach e. V.<br>vertreten durch Rolf Schlagentweith<br>Georg-Schinbain-Str. 121<br>88400 Biberach<\/p>\n\n\n\n<p>info@beaverscrown.de<\/p>\n\n\n\n<p>nachfolgend Anbieter genannt, der Vertrag zustande.<\/p>\n\n\n\n<p><strong>Vertragsgegenstand<\/strong><\/p>\n\n\n\n<p>Durch diesen Vertrag wird der Verkauf von Produkten (i.d.R. &nbsp;Beaver&#8217;s Crown \u2013 The Non-profit Gin) zur Erzielung von gemeinn\u00fctzigen Einnahmen \u00fcber den Online-Shop des Anbieters geregelt. Wegen der Details des jeweiligen Angebotes wird auf die Produktbeschreibung der Angebotsseite verwiesen.<\/p>\n\n\n\n<p><strong>Vertragsschluss<\/strong><\/p>\n\n\n\n<p>Der Vertrag kommt ausschlie\u00dflich im elektronischen Gesch\u00e4ftsverkehr \u00fcber das Shop-System zustande. Dabei stellen die dargestellten Angebote eine unverbindliche Aufforderung zur Abgabe eines Angebots durch die Kundenbestellung dar, das der Anbieter dann annehmen kann. Der Bestellvorgang zum Vertragsschluss umfasst im Shop-System folgende Schritte:<\/p>\n\n\n\n<ul class=\"wp-block-list\"><li>Auswahl des Angebots in der gew\u00fcnschten Spezifikation (Anzahl)<\/li><li>Einlegen des Angebots in den Warenkorb<\/li><li>Bet\u00e4tigen des Buttons \u2018bestellen\u2019<\/li><li>Eingabe der Rechnungs- und Lieferadresse<\/li><li>Auswahl der Bezahlmethode<\/li><li>\u00dcberpr\u00fcfung und Bearbeitung der Bestellung und aller Eingaben<\/li><li>Bet\u00e4tigen des Buttons \u2018kostenpflichtig bestellen\u2019<\/li><li>Best\u00e4tigungsmail, dass Bestellung eingegangen ist<\/li><\/ul>\n\n\n\n<p>Mit der Zusendung der Bestellbest\u00e4tigung kommt der Vertrag zustande.<\/p>\n\n\n\n<p><strong>Eigentumsvorbehalt<\/strong><\/p>\n\n\n\n<p>Bis zur vollst\u00e4ndigen Bezahlung bleibt die gelieferte Ware im Eigentum des Anbieters.<\/p>\n\n\n\n<p><strong>Preise, Versandkosten, R\u00fccksendekosten<\/strong><\/p>\n\n\n\n<p>Alle Preise sind Endpreise und enthalten die gesetzliche Umsatzsteuer (Mehrwertsteuer zur Zeit 19%). Pro Bestellung f\u00e4llt einmalig folgende Versandkostenpauschale an: Deutschland: \u20ac 5,90; EU: \u20ac 9,90. Bei Teillieferungen f\u00e4llt die Pauschale jeweils nur einmal an. Bei Versandart \u201eAbholung\u201c ist die Bestellung versandkostenfrei, jedoch muss die Ware in Biberach abgeholt werden.<\/p>\n\n\n\n<p>Besteht ein Widerrufsrecht und wird von diesem Gebraucht gemacht, tr\u00e4gt der Kunde die Kosten der R\u00fccksendung.<\/p>\n\n\n\n<p><strong>Zahlungsbedingungen<\/strong><\/p>\n\n\n\n<p>Der Kunde hat ausschlie\u00dflich folgende M\u00f6glichkeiten zur Zahlung: Vorab\u00fcberweisung, Zahlungsdienstleister (PayPal). Weitere Zahlungsarten werden nicht angeboten und werden zur\u00fcckgewiesen.<br>Der Rechnungsbetrag ist nach Zugang der Rechnung, die alle Angaben f\u00fcr die \u00dcberweisung enth\u00e4lt und mit E-Mail verschickt wird, auf das dort angegebene Konto vorab zu \u00fcberweisen. Bei Verwendung eines Treuhandservice\/ Zahlungsdienstleisters erm\u00f6glicht es dieser dem Anbieter und Kunden, die Zahlung untereinander abzuwickeln. Dabei leitet der Treuhandservice\/ Zahlungsdienstleister die Zahlung des Kunden an den Anbieter weiter. Weitere Informationen erhalten Sie auf der Internetseite des jeweiligen Treuhandservices\/ Zahlungsdienstleisters. Der Kunde ist verpflichtet innerhalb von 7 Tagen nach Erhalt der Rechnung den ausgewiesenen Betrag auf das auf der Rechnung angegebene Konto einzuzahlen oder zu \u00fcberweisen. Die Zahlung ist ab Rechnungsdatum ohne Abzug f\u00e4llig. Nach Ablauf der Zahlungsfrist, die somit kalenderm\u00e4\u00dfig bestimmt ist, kommt der Kunde auch ohne Mahnung in Verzug.<\/p>\n\n\n\n<p><strong>Lieferbedingungen<\/strong><\/p>\n\n\n\n<p><strong>Produkte<\/strong><\/p>\n\n\n\n<p>Die Ware wird umgehend nach best\u00e4tigtem Zahlungseingang f\u00fcr den Versand vorbereitet. Der Versand erfolgt durchschnittlich sp\u00e4testens nach 5 Tagen. Bei personalisierten Produkten (spezielle Batchnummern, signierte Flaschen oder Sondereditionen) variiert die Bearbeitungszeit und damit die Lieferzeit. Je nach Wunsch wird die Lieferzeit individuell abgesch\u00e4tzt und mitgeteilt. Die Regellieferzeit betr\u00e4gt 7 Tage, wenn in der Artikelbeschreibung nichts anderes angegeben ist. Der Anbieter versendet die Bestellung aus eigenem Lager, sobald die gesamte Bestellung dort vorr\u00e4tig ist. Der Kunde wird \u00fcber Verz\u00f6gerungen umgehend informiert. Hat der Anbieter ein dauerhaftes Lieferhindernis, insbesondere h\u00f6here Gewalt oder Nichtbelieferung durch eigenen Lieferanten, obwohl rechtzeitig ein entsprechendes Deckungsgesch\u00e4ft get\u00e4tigt wurde, nicht zu vertreten, so hat der Anbieter das Recht, insoweit von einem Vertrag mit dem Kunden zur\u00fcckzutreten. Der Kunde wird dar\u00fcber unverz\u00fcglich informiert und empfangene Leistungen, insbesondere Zahlungen, zur\u00fcckerstattet.<\/p>\n\n\n\n<p><strong>Gew\u00e4hrleistung<\/strong><\/p>\n\n\n\n<p>Verbrauchern steht f\u00fcr die angebotenen Leistungen ein gesetzliches M\u00e4ngelhaftungsrecht nach den einschl\u00e4gigen Vorschriften des B\u00fcrgerlichen Gesetzbuch (BGB) zu. Sofern hiervon abgewichen wird, richtet sich die Gew\u00e4hrleistung nach den hierzu verfassten Regelungen in den Allgemeinen Gesch\u00e4ftsbedingungen (AGB). Ist der Kunde Unternehmer, wird f\u00fcr Neuwaren die Gew\u00e4hrleistungsfrist auf ein Jahr beschr\u00e4nkt. Dies gilt nicht f\u00fcr Schadensersatzanspr\u00fcche des Kunden wegen Verletzung des Lebens, des K\u00f6rpers, der Gesundheit oder wesentlicher Vertragspflichten, welche zur Erreichung des Vertragszieles notwendigerweise erf\u00fcllt werden m\u00fcssen. Ebenso gilt dies nicht f\u00fcr Schadensersatzanspr\u00fcche nach grob fahrl\u00e4ssiger oder vors\u00e4tzlicher Pflichtverletzung des Anbieters oder seines gesetzlichen Vertreters oder Erf\u00fcllungsgehilfen. Im \u00dcbrigen gelten die gesetzlichen Regelungen.<\/p>\n\n\n\n<p><strong>Vertragsgestaltung<\/strong><\/p>\n\n\n\n<p>Der Kunde hat M\u00f6glichkeit selbst direkt auf den gespeicherten Vertragstext zuzugreifen. Der Kunde kann Fehler in der Eingabe w\u00e4hrend des Bestellvorganges korrigieren. Hierzu kann er folgenderma\u00dfen vorgehen: Im Bestellvorgang \u201cWarenkorb pr\u00fcfen\u201d.<\/p>\n\n\n\n<p><strong>Widerrufsrecht<\/strong><\/p>\n\n\n\n<p><strong>Widerrufsbelehrung<br><\/strong><br>Sie haben das Recht, binnen vierzehn Tagen ohne Angabe von Gr\u00fcnden diesen Vertrag zu widerrufen. Das Widerrufsrecht gilt nicht bei signierten bzw. nach Kundenspezifikationen angefertigten Produkten.<\/p>\n\n\n\n<p>Die Widerrufsfrist betr\u00e4gt vierzehn Tage ab dem Tag, an dem Sie oder ein von Ihnen benannter Dritter, der nicht der Bef\u00f6rderer ist, die letzte Ware in Besitz genommen haben bzw. hat.<\/p>\n\n\n\n<p>Um Ihr Widerrufsrecht auszu\u00fcben, m\u00fcssen Sie uns (F\u00f6rderverein von Round Table 75 Biberach e. V., vertreten durch Rolf Schlagentweith, Georg-Schinbain-Str. 121, 88400 Biberach; info@beaverscrown.de) mittels einer eindeutigen Erkl\u00e4rung (z.B. ein mit der Post versandter Brief oder E-Mail) \u00fcber Ihren Entschluss, diesen Vertrag zu widerrufen, informieren. Sie k\u00f6nnen daf\u00fcr das folgende Muster-Widerrufsformular verwenden, das jedoch nicht vorgeschrieben ist.<\/p>\n\n\n\n<p>Muster f\u00fcr ein&nbsp;Widerrufsformular<\/p>\n\n\n\n<p>An:<\/p>\n\n\n\n<p>F\u00f6rderverein von Round Table 75 Biberach e. V.<br>vertreten durch Rolf Schlagentweith<br>Georg-Schinbain-Str. 121<br>88400 Biberach<\/p>\n\n\n\n<p>info@beaverscrown.de<\/p>\n\n\n\n<p>Hiermit widerrufe(n) ich\/wir (*) den von mir\/uns (*) abgeschlossenen Vertrag \u00fcber den Kauf der folgenden Waren (*) ________<\/p>\n\n\n\n<p>Bestellt am (*)\/erhalten am (*) _____<\/p>\n\n\n\n<p>Name des\/der Verbraucher(s) Anschrift des\/der Verbraucher(s) _______<\/p>\n\n\n\n<p>Unterschrift des\/der Verbraucher(s)(nur bei Mitteilung auf Papier) Datum_________<\/p>\n\n\n\n<p>(*)Unzutreffendes streichen<\/p>\n\n\n\n<p><strong>Folgen des Widerrufs<br><\/strong><br>Wenn Sie diesen Vertrag widerrufen, haben wir Ihnen alle Zahlungen, die den Warenwert betreffen, die wir von Ihnen erhalten haben, unverz\u00fcglich und sp\u00e4testens binnen vierzehn Tagen ab dem Tag zur\u00fcckzuzahlen, an dem die Mitteilung \u00fcber Ihren Widerruf dieses Vertrags bei uns eingegangen ist. F\u00fcr diese R\u00fcckzahlung verwenden wir dasselbe Zahlungsmittel, das Sie bei der urspr\u00fcnglichen Transaktion eingesetzt haben, es sei denn, mit Ihnen wurde ausdr\u00fccklich etwas anderes vereinbart; in keinem Fall werden Ihnen wegen dieser R\u00fcckzahlung Entgelte berechnet. Wir k\u00f6nnen die R\u00fcckzahlung verweigern, bis wir die Waren wieder zur\u00fcckerhalten haben oder bis Sie den Nachweis erbracht haben, dass Sie die Waren zur\u00fcckgesandt haben, je nachdem, welches der fr\u00fchere Zeitpunkt ist.<\/p>\n\n\n\n<p>Sie haben die Waren unverz\u00fcglich und in jedem Fall sp\u00e4testens binnen vierzehn Tagen ab dem Tag, an dem Sie uns \u00fcber den Widerruf dieses Vertrags unterrichten, an F\u00f6rderverein von Round Table 75 Biberach e. V., vertreten durch Rolf Schlagentweith, Georg-Schinbain-Str. 121, 88400 Biberach; info@beaverscrown.de zur\u00fcckzusenden oder zu \u00fcbergeben. Die Frist ist gewahrt, wenn Sie die Waren vor Ablauf der Frist von vierzehn Tagen absenden.<\/p>\n\n\n\n<p>Sie tragen die unmittelbaren Kosten der R\u00fccksendung der Waren.<\/p>\n\n\n\n<p>Sie m\u00fcssen f\u00fcr einen etwaigen Wertverlust der Waren nur aufkommen, wenn dieser Wertverlust auf einen zur Pr\u00fcfung der Beschaffenheit, Eigenschaften und Funktionsweise der Waren nicht notwendigen Umgang mit ihnen zur\u00fcckzuf\u00fchren ist.<\/p>\n\n\n\n<p><br>Ende der Widerrufsbelehrung<\/p>\n\n\n\n<p><br><strong>Haftungsausschluss<\/strong><\/p>\n\n\n\n<p>Schadensersatzanspr\u00fcche des Kunden sind ausgeschlossen, soweit sich aus den nachfolgenden Gr\u00fcnden nicht etwas anderes ergibt. Dies gilt auch f\u00fcr den Vertreter und Erf\u00fcllungsgehilfen des Anbieters, falls der Kunde gegen diese Anspr\u00fcche auf Schadensersatz erhebt. Ausgenommen sind Schadensersatzanspr\u00fcche des Kunden wegen Verletzung des Lebens, des K\u00f6rpers, der Gesundheit oder wesentlicher Vertragspflichten, welche zur Erreichung des Vertragszieles notwendigerweise erf\u00fcllt werden m\u00fcssen. Ebenso gilt dies nicht f\u00fcr Schadensersatzanspr\u00fcche nach grob fahrl\u00e4ssiger oder vors\u00e4tzlicher Pflichtverletzung des Anbieters oder seines gesetzlichen Vertreters oder Erf\u00fcllungsgehilfen.<\/p>\n\n\n\n<p><strong>Abtretungs- und Verpf\u00e4ndungsverbot<\/strong><\/p>\n\n\n\n<p>Anspr\u00fcche oder Rechte des Kunden gegen den Anbieter d\u00fcrfen ohne dessen Zustimmung nicht abgetreten oder verpf\u00e4ndet werden, es sei denn der Kunde hat ein berechtigtes Interesse an der Abtretung oder Verpf\u00e4ndung nachgewiesen.<\/p>\n\n\n\n<p><strong>Sprache, Gerichtsstand und anzuwendendes Recht<\/strong><\/p>\n\n\n\n<p>Der Vertrag wird in Deutsch abgefasst. Die weitere Durchf\u00fchrung der Vertragsbeziehung erfolgt in Deutsch. Es findet ausschlie\u00dflich das Recht der Bundesrepublik Deutschland Anwendung. F\u00fcr Verbraucher gilt dies nur insoweit, als dadurch keine gesetzlichen Bestimmungen des Staates eingeschr\u00e4nkt werden, in dem der Kunde seinen Wohnsitz oder gew\u00f6hnlichen Aufenthalt hat. Gerichtsstand ist bei Streitigkeiten mit Kunden, die kein Verbraucher, juristische Person des \u00f6ffentlichen Rechts oder \u00f6ffentlich-rechtliches Sonderverm\u00f6gen sind, Sitz des Anbieters.<\/p>\n\n\n\n<p><strong>Datenschutz<\/strong><\/p>\n\n\n\n<p>Im Zusammenhang mit der Anbahnung, Abschluss, Abwicklung und R\u00fcckabwicklung eines Kaufvertrages auf Grundlage dieser AGB werden vom Anbieter Daten erhoben, gespeichert und verarbeitet. Dies geschieht im Rahmen der gesetzlichen Bestimmungen. Der Anbieter gibt keine personenbezogenen Daten des Kunden an Dritte weiter, es sei denn, dass er hierzu gesetzlich verpflichtet w\u00e4re oder der Kunde vorher ausdr\u00fccklich eingewilligt hat. Wird ein Dritter f\u00fcr Dienstleistungen im Zusammenhang mit der Abwicklung von Verarbeitungsprozessen eingesetzt, so werden die Bestimmungen des Bundesdatenschutzgesetzes eingehalten. Die vom Kunden im Wege der Bestellung mitgeteilten Daten werden ausschlie\u00dflich zur Kontaktaufnahme innerhalb des Rahmens der Vertragsabwicklung und nur zu dem Zweck verarbeitet, zu dem der Kunde die Daten zur Verf\u00fcgung gestellt hat. Die Daten werden nur soweit notwendig an das Versandunternehmen, das die Lieferung der Ware auftragsgem\u00e4\u00df \u00fcbernimmt, weitergegeben. Die Zahlungsdaten werden an das mit der Zahlung beauftragte Kreditinstitut weitergegeben. Soweit den Anbieter Aufbewahrungsfristen handels- oder steuerrechtlicher Natur treffen, kann die Speicherung einiger Daten bis zu zehn Jahre dauern. W\u00e4hrend des Besuchs im Internet-Shop des Anbieters werden anonymisierte Daten, die keine R\u00fcckschl\u00fcssen auf personenbezogene Daten zulassen und auch nicht beabsichtigen, insbesondere IP-Adresse, Datum, Uhrzeit, Browsertyp, Betriebssystem und besuchte Seiten, protokolliert. Auf Wunsch des Kunden werden im Rahmen der gesetzlichen Bestimmungen die personenbezogenen Daten gel\u00f6scht, korrigiert oder gesperrt. Eine unentgeltliche Auskunft \u00fcber alle personenbezogenen Daten des Kunden ist m\u00f6glich. F\u00fcr Fragen und Antr\u00e4ge auf L\u00f6schung, Korrektur oder Sperrung personenbezogener Daten sowie Erhebung, Verarbeitung und Nutzung kann sich der Kunde an folgende Adresse wenden: F\u00f6rderverein von Round Table 75 Biberach e. V., vertreten durch Rolf Schlagentweith, Georg-Schinbain-Str. 121, 88400 Biberach; info@beaverscrown.de<\/p>\n\n\n\n<p>Weitere Details entnehmen Sie bitte unserer <a href=\"https:\/\/beaverscrown.de\/index.php\/datenschutzerklaerung\/\" data-type=\"page\" data-id=\"59\">Datenschutzerkl\u00e4rung<\/a>.<\/p>\n\n\n\n<p><strong>Salvatorische Klausel<\/strong><\/p>\n\n\n\n<p>Die Unwirksamkeit einer Bestimmung dieser AGB hat keine Auswirkungen auf die Wirksamkeit der sonstigen Bestimmungen.<\/p>\n","protected":false},"excerpt":{"rendered":"<p>Allgemeine Gesch\u00e4ftsbedingungen Vertragspartner Auf Grundlage dieser Allgemeinen Gesch\u00e4ftsbedingungen (AGB) kommt zwischen dem Kunden undF\u00f6rderverein von Round Table 75 Biberach e. V.vertreten durch Rolf SchlagentweithGeorg-Schinbain-Str. 12188400 Biberach info@beaverscrown.de nachfolgend Anbieter genannt, der Vertrag zustande. Vertragsgegenstand Durch diesen Vertrag wird der Verkauf von Produkten (i.d.R. &nbsp;Beaver&#8217;s Crown \u2013 The Non-profit Gin) zur Erzielung von gemeinn\u00fctzigen Einnahmen \u00fcber [&hellip;]<\/p>\n","protected":false},"author":1,"featured_media":0,"parent":0,"menu_order":0,"comment_status":"closed","ping_status":"closed","template":"template-fullwidth.php","meta":{"footnotes":""},"class_list":["post-53","page","type-page","status-publish","hentry"],"jetpack_sharing_enabled":true,"_links":{"self":[{"href":"https:\/\/beaverscrown.de\/index.php\/wp-json\/wp\/v2\/pages\/53","targetHints":{"allow":["GET"]}}],"collection":[{"href":"https:\/\/beaverscrown.de\/index.php\/wp-json\/wp\/v2\/pages"}],"about":[{"href":"https:\/\/beaverscrown.de\/index.php\/wp-json\/wp\/v2\/types\/page"}],"author":[{"embeddable":true,"href":"https:\/\/beaverscrown.de\/index.php\/wp-json\/wp\/v2\/users\/1"}],"replies":[{"embeddable":true,"href":"https:\/\/beaverscrown.de\/index.php\/wp-json\/wp\/v2\/comments?post=53"}],"version-history":[{"count":7,"href":"https:\/\/beaverscrown.de\/index.php\/wp-json\/wp\/v2\/pages\/53\/revisions"}],"predecessor-version":[{"id":1037,"href":"https:\/\/beaverscrown.de\/index.php\/wp-json\/wp\/v2\/pages\/53\/revisions\/1037"}],"wp:attachment":[{"href":"https:\/\/beaverscrown.de\/index.php\/wp-json\/wp\/v2\/media?parent=53"}],"curies":[{"name":"wp","href":"https:\/\/api.w.org\/{rel}","templated":true}]}}