{"id":504,"date":"2021-02-22T22:00:27","date_gmt":"2021-02-22T21:00:27","guid":{"rendered":"https:\/\/beaverscrown.de\/?page_id=504"},"modified":"2021-12-02T21:06:40","modified_gmt":"2021-12-02T20:06:40","slug":"making-of","status":"publish","type":"page","link":"https:\/\/beaverscrown.de\/index.php\/making-of\/","title":{"rendered":"Making of"},"content":{"rendered":"\n<div class=\"wp-block-media-text alignwide is-stacked-on-mobile is-image-fill\"><figure class=\"wp-block-media-text__media\" style=\"background-image:url(https:\/\/beaverscrown.de\/wp-content\/uploads\/2021\/02\/Making-of-1.jpg);background-position:50% 50%\"><img data-recalc-dims=\"1\" loading=\"lazy\" decoding=\"async\" width=\"980\" height=\"790\" src=\"https:\/\/i0.wp.com\/beaverscrown.de\/wp-content\/uploads\/2021\/02\/Making-of-1.jpg?resize=980%2C790&#038;ssl=1\" alt=\"\" class=\"wp-image-707 size-full\" srcset=\"https:\/\/i0.wp.com\/beaverscrown.de\/wp-content\/uploads\/2021\/02\/Making-of-1.jpg?w=1003&amp;ssl=1 1003w, https:\/\/i0.wp.com\/beaverscrown.de\/wp-content\/uploads\/2021\/02\/Making-of-1.jpg?resize=300%2C242&amp;ssl=1 300w, https:\/\/i0.wp.com\/beaverscrown.de\/wp-content\/uploads\/2021\/02\/Making-of-1.jpg?resize=768%2C619&amp;ssl=1 768w, https:\/\/i0.wp.com\/beaverscrown.de\/wp-content\/uploads\/2021\/02\/Making-of-1.jpg?resize=324%2C261&amp;ssl=1 324w, https:\/\/i0.wp.com\/beaverscrown.de\/wp-content\/uploads\/2021\/02\/Making-of-1.jpg?resize=416%2C336&amp;ssl=1 416w\" sizes=\"auto, (max-width: 980px) 100vw, 980px\" \/><\/figure><div class=\"wp-block-media-text__content\">\n<p class=\"has-large-font-size\">Eine Idee<\/p>\n\n\n\n<p>Unter Druck entstehen bekanntlich Diamanten. Wenn eine Gruppe junger M\u00e4nner der Gefahr ins Auge blicken muss, Ihrem Credo nicht mehr nachkommen zu k\u00f6nnen, kann nur etwas Einzigartiges entstehen. So war es nur eine Frage der Zeit, bis die Idee, einen einzigartigen Gin zu kreieren, geboren war.<br><br><\/p>\n<\/div><\/div>\n\n\n\n<p><\/p>\n\n\n\n<p><\/p>\n\n\n\n<div class=\"wp-block-media-text alignwide has-media-on-the-right is-stacked-on-mobile is-image-fill\"><figure class=\"wp-block-media-text__media\" style=\"background-image:url(https:\/\/beaverscrown.de\/wp-content\/uploads\/2021\/02\/Making-of2-1024x768.jpg);background-position:50% 50%\"><img data-recalc-dims=\"1\" loading=\"lazy\" decoding=\"async\" width=\"980\" height=\"735\" src=\"https:\/\/i0.wp.com\/beaverscrown.de\/wp-content\/uploads\/2021\/02\/Making-of2.jpg?resize=980%2C735&#038;ssl=1\" alt=\"\" class=\"wp-image-507 size-full\" srcset=\"https:\/\/i0.wp.com\/beaverscrown.de\/wp-content\/uploads\/2021\/02\/Making-of2.jpg?resize=1024%2C768&amp;ssl=1 1024w, https:\/\/i0.wp.com\/beaverscrown.de\/wp-content\/uploads\/2021\/02\/Making-of2.jpg?resize=300%2C225&amp;ssl=1 300w, https:\/\/i0.wp.com\/beaverscrown.de\/wp-content\/uploads\/2021\/02\/Making-of2.jpg?resize=768%2C576&amp;ssl=1 768w, https:\/\/i0.wp.com\/beaverscrown.de\/wp-content\/uploads\/2021\/02\/Making-of2.jpg?resize=1536%2C1152&amp;ssl=1 1536w, https:\/\/i0.wp.com\/beaverscrown.de\/wp-content\/uploads\/2021\/02\/Making-of2.jpg?resize=324%2C243&amp;ssl=1 324w, https:\/\/i0.wp.com\/beaverscrown.de\/wp-content\/uploads\/2021\/02\/Making-of2.jpg?resize=416%2C312&amp;ssl=1 416w, https:\/\/i0.wp.com\/beaverscrown.de\/wp-content\/uploads\/2021\/02\/Making-of2.jpg?w=2048&amp;ssl=1 2048w, https:\/\/i0.wp.com\/beaverscrown.de\/wp-content\/uploads\/2021\/02\/Making-of2.jpg?w=1960&amp;ssl=1 1960w\" sizes=\"auto, (max-width: 980px) 100vw, 980px\" \/><\/figure><div class=\"wp-block-media-text__content\">\n<p class=\"has-large-font-size\">Eine Frage des guten Geschmacks<\/p>\n\n\n\n<p>Es dauerte nicht lange, bis die ersten Gin-Proben zur Verkostung eintrafen. \u201eGetrunken haben m\u00fcssen, um mitreden zu k\u00f6nnen\u201c Aus diesem Grund probierte sich unser Team von leidenschaftlichen Gin-Genie\u00dfern durch ein buntes Portfolio verschiedenster Gins. Trinken f\u00fcr den guten Zweck \u2013 wir wissen, wovon wir sprechen!<\/p>\n<\/div><\/div>\n\n\n\n<p><\/p>\n\n\n\n<p><\/p>\n\n\n\n<div class=\"wp-block-media-text alignwide is-stacked-on-mobile is-image-fill\"><figure class=\"wp-block-media-text__media\" style=\"background-image:url(https:\/\/beaverscrown.de\/wp-content\/uploads\/2021\/02\/PHOTO-2020-11-26-19-12-18-845x1024.jpg);background-position:50% 50%\"><img data-recalc-dims=\"1\" loading=\"lazy\" decoding=\"async\" width=\"845\" height=\"1024\" src=\"https:\/\/i0.wp.com\/beaverscrown.de\/wp-content\/uploads\/2021\/02\/PHOTO-2020-11-26-19-12-18.jpg?resize=845%2C1024&#038;ssl=1\" alt=\"\" class=\"wp-image-508 size-full\" srcset=\"https:\/\/i0.wp.com\/beaverscrown.de\/wp-content\/uploads\/2021\/02\/PHOTO-2020-11-26-19-12-18.jpg?resize=845%2C1024&amp;ssl=1 845w, https:\/\/i0.wp.com\/beaverscrown.de\/wp-content\/uploads\/2021\/02\/PHOTO-2020-11-26-19-12-18.jpg?resize=248%2C300&amp;ssl=1 248w, https:\/\/i0.wp.com\/beaverscrown.de\/wp-content\/uploads\/2021\/02\/PHOTO-2020-11-26-19-12-18.jpg?resize=768%2C931&amp;ssl=1 768w, https:\/\/i0.wp.com\/beaverscrown.de\/wp-content\/uploads\/2021\/02\/PHOTO-2020-11-26-19-12-18.jpg?resize=1267%2C1536&amp;ssl=1 1267w, https:\/\/i0.wp.com\/beaverscrown.de\/wp-content\/uploads\/2021\/02\/PHOTO-2020-11-26-19-12-18.jpg?resize=324%2C393&amp;ssl=1 324w, https:\/\/i0.wp.com\/beaverscrown.de\/wp-content\/uploads\/2021\/02\/PHOTO-2020-11-26-19-12-18.jpg?resize=416%2C504&amp;ssl=1 416w, https:\/\/i0.wp.com\/beaverscrown.de\/wp-content\/uploads\/2021\/02\/PHOTO-2020-11-26-19-12-18.jpg?w=1320&amp;ssl=1 1320w\" sizes=\"auto, (max-width: 845px) 100vw, 845px\" \/><\/figure><div class=\"wp-block-media-text__content\">\n<p class=\"has-large-font-size\">Art at its best<\/p>\n\n\n\n<p>Ein lokaler K\u00fcnstler lie\u00df es sich nicht nehmen, unser Projekt tatkr\u00e4ftig zu unterst\u00fctzen. Seiner Feder entsprangen unz\u00e4hlige Entw\u00fcrfe, die schlussendlich zum finalen Biber-Design f\u00fchrten. Versucht man den Inhalt der Flasche und das Design in Worte fassen, bleibt dem aufmerksamen Betrachter nur eine Option \u2013 einzigartig.<\/p>\n<\/div><\/div>\n\n\n\n<p><\/p>\n\n\n\n<p><\/p>\n\n\n\n<div class=\"wp-block-media-text alignwide has-media-on-the-right is-stacked-on-mobile is-image-fill\"><figure class=\"wp-block-media-text__media\" style=\"background-image:url(https:\/\/beaverscrown.de\/wp-content\/uploads\/2021\/02\/PHOTO-2021-02-06-22-27-10-1024x768.jpg);background-position:99% 46%\"><img data-recalc-dims=\"1\" loading=\"lazy\" decoding=\"async\" width=\"980\" height=\"735\" src=\"https:\/\/i0.wp.com\/beaverscrown.de\/wp-content\/uploads\/2021\/02\/PHOTO-2021-02-06-22-27-10.jpg?resize=980%2C735&#038;ssl=1\" alt=\"\" class=\"wp-image-510 size-full\" srcset=\"https:\/\/i0.wp.com\/beaverscrown.de\/wp-content\/uploads\/2021\/02\/PHOTO-2021-02-06-22-27-10.jpg?resize=1024%2C768&amp;ssl=1 1024w, https:\/\/i0.wp.com\/beaverscrown.de\/wp-content\/uploads\/2021\/02\/PHOTO-2021-02-06-22-27-10.jpg?resize=300%2C225&amp;ssl=1 300w, https:\/\/i0.wp.com\/beaverscrown.de\/wp-content\/uploads\/2021\/02\/PHOTO-2021-02-06-22-27-10.jpg?resize=768%2C576&amp;ssl=1 768w, https:\/\/i0.wp.com\/beaverscrown.de\/wp-content\/uploads\/2021\/02\/PHOTO-2021-02-06-22-27-10.jpg?resize=1536%2C1152&amp;ssl=1 1536w, https:\/\/i0.wp.com\/beaverscrown.de\/wp-content\/uploads\/2021\/02\/PHOTO-2021-02-06-22-27-10.jpg?resize=324%2C243&amp;ssl=1 324w, https:\/\/i0.wp.com\/beaverscrown.de\/wp-content\/uploads\/2021\/02\/PHOTO-2021-02-06-22-27-10.jpg?resize=416%2C312&amp;ssl=1 416w, https:\/\/i0.wp.com\/beaverscrown.de\/wp-content\/uploads\/2021\/02\/PHOTO-2021-02-06-22-27-10.jpg?w=1600&amp;ssl=1 1600w\" sizes=\"auto, (max-width: 980px) 100vw, 980px\" \/><\/figure><div class=\"wp-block-media-text__content\">\n<p class=\"has-large-font-size\">Handsigniert \u2013 Wertsch\u00e4tzung<\/p>\n\n\n\n<p>Mit Auslieferung der ersten Batch wurde unser Traum Wirklichkeit \u2013 der erste Biberacher Gin, unser Gin, lag wahrhaftig in unseren H\u00e4nden. Darf man bei einem so individuellen Produkt die Frage nach noch mehr Pers\u00f6nlichkeit der Einzelflasche stellen? Aber sicher! Genau deshalb ist jede Einzelflasche handsigniert \u2013 f\u00fcr euch.<br><br><\/p>\n<\/div><\/div>\n\n\n\n<p><\/p>\n\n\n\n<p><\/p>\n\n\n\n<div class=\"wp-block-media-text alignwide is-stacked-on-mobile is-image-fill\"><figure class=\"wp-block-media-text__media\" style=\"background-image:url(https:\/\/beaverscrown.de\/wp-content\/uploads\/2021\/02\/MakingofShop-1024x580.jpg);background-position:49% 50%\"><img data-recalc-dims=\"1\" loading=\"lazy\" decoding=\"async\" width=\"980\" height=\"555\" src=\"https:\/\/i0.wp.com\/beaverscrown.de\/wp-content\/uploads\/2021\/02\/MakingofShop.jpg?resize=980%2C555&#038;ssl=1\" alt=\"\" class=\"wp-image-706 size-full\" srcset=\"https:\/\/i0.wp.com\/beaverscrown.de\/wp-content\/uploads\/2021\/02\/MakingofShop.jpg?resize=1024%2C580&amp;ssl=1 1024w, https:\/\/i0.wp.com\/beaverscrown.de\/wp-content\/uploads\/2021\/02\/MakingofShop.jpg?resize=300%2C170&amp;ssl=1 300w, https:\/\/i0.wp.com\/beaverscrown.de\/wp-content\/uploads\/2021\/02\/MakingofShop.jpg?resize=768%2C435&amp;ssl=1 768w, https:\/\/i0.wp.com\/beaverscrown.de\/wp-content\/uploads\/2021\/02\/MakingofShop.jpg?resize=1536%2C870&amp;ssl=1 1536w, https:\/\/i0.wp.com\/beaverscrown.de\/wp-content\/uploads\/2021\/02\/MakingofShop.jpg?resize=324%2C184&amp;ssl=1 324w, https:\/\/i0.wp.com\/beaverscrown.de\/wp-content\/uploads\/2021\/02\/MakingofShop.jpg?resize=416%2C236&amp;ssl=1 416w, https:\/\/i0.wp.com\/beaverscrown.de\/wp-content\/uploads\/2021\/02\/MakingofShop.jpg?w=2012&amp;ssl=1 2012w, https:\/\/i0.wp.com\/beaverscrown.de\/wp-content\/uploads\/2021\/02\/MakingofShop.jpg?w=1960&amp;ssl=1 1960w\" sizes=\"auto, (max-width: 980px) 100vw, 980px\" \/><\/figure><div class=\"wp-block-media-text__content\">\n<p class=\"has-large-font-size\">Die Wege des Vertriebs sind unergr\u00fcndlich<\/p>\n\n\n\n<p>Marketing, IT und Vertrieb sind K\u00f6nigsdisziplinen und f\u00fcr eine erfolgreiche Vermarktung unerl\u00e4sslich. Aus diesem Grund entwickelten wir unsere Website getreu dem Motto \u201eWenn dir jemand Steine in den Weg legt, fang an dein Schoss zu bauen\u201c. Hierf\u00fcr wurden wir innerhalb der ersten Woche belohnt. Der Onlineshop schlug derartig ein, dass der Server an seine Grenzen getrieben wurde und kurzerhand den Dienst quittierte. Die erste Batch war damit Geschichte \u2013 ausverkauft. Wir freuen uns auf mehr.<\/p>\n<\/div><\/div>\n\n\n\n<p><\/p>\n\n\n\n<h2 class=\"wp-block-heading\">Co-creators<\/h2>\n\n\n\n<div class=\"wp-block-media-text alignwide is-stacked-on-mobile\" style=\"grid-template-columns:30% auto\"><figure class=\"wp-block-media-text__media\"><img data-recalc-dims=\"1\" loading=\"lazy\" decoding=\"async\" width=\"525\" height=\"347\" src=\"https:\/\/i0.wp.com\/beaverscrown.de\/wp-content\/uploads\/2021\/06\/SAXA.jpeg?resize=525%2C347&#038;ssl=1\" alt=\"\" class=\"wp-image-1386 size-full\" srcset=\"https:\/\/i0.wp.com\/beaverscrown.de\/wp-content\/uploads\/2021\/06\/SAXA.jpeg?w=525&amp;ssl=1 525w, https:\/\/i0.wp.com\/beaverscrown.de\/wp-content\/uploads\/2021\/06\/SAXA.jpeg?resize=300%2C198&amp;ssl=1 300w, https:\/\/i0.wp.com\/beaverscrown.de\/wp-content\/uploads\/2021\/06\/SAXA.jpeg?resize=324%2C214&amp;ssl=1 324w, https:\/\/i0.wp.com\/beaverscrown.de\/wp-content\/uploads\/2021\/06\/SAXA.jpeg?resize=416%2C275&amp;ssl=1 416w\" sizes=\"auto, (max-width: 525px) 100vw, 525px\" \/><\/figure><div class=\"wp-block-media-text__content\">\n<p class=\"has-large-font-size\"><strong>SAXA<\/strong>&nbsp;\/ Wortmalerei \/ K\u00f6ln<\/p>\n\n\n\n<p>Sch\u00fctzen Edition 2021<\/p>\n\n\n\n<p><a rel=\"noreferrer noopener\" href=\"https:\/\/saxa.eu\/\" target=\"_blank\">www.saxa.eu<\/a><\/p>\n<\/div><\/div>\n\n\n\n<p><\/p>\n\n\n\n<p><\/p>\n\n\n\n<div class=\"wp-block-media-text alignwide is-stacked-on-mobile\" style=\"grid-template-columns:30% auto\"><figure class=\"wp-block-media-text__media\"><img data-recalc-dims=\"1\" loading=\"lazy\" decoding=\"async\" width=\"530\" height=\"162\" src=\"https:\/\/i0.wp.com\/beaverscrown.de\/wp-content\/uploads\/2021\/02\/logo_etikett_de.png?resize=530%2C162&#038;ssl=1\" alt=\"\" class=\"wp-image-416 size-full\" srcset=\"https:\/\/i0.wp.com\/beaverscrown.de\/wp-content\/uploads\/2021\/02\/logo_etikett_de.png?w=530&amp;ssl=1 530w, https:\/\/i0.wp.com\/beaverscrown.de\/wp-content\/uploads\/2021\/02\/logo_etikett_de.png?resize=300%2C92&amp;ssl=1 300w, https:\/\/i0.wp.com\/beaverscrown.de\/wp-content\/uploads\/2021\/02\/logo_etikett_de.png?resize=324%2C99&amp;ssl=1 324w, https:\/\/i0.wp.com\/beaverscrown.de\/wp-content\/uploads\/2021\/02\/logo_etikett_de.png?resize=416%2C127&amp;ssl=1 416w\" sizes=\"auto, (max-width: 530px) 100vw, 530px\" \/><\/figure><div class=\"wp-block-media-text__content\">\n<p class=\"has-large-font-size\"><strong>Etikett.de <\/strong>\/ B2B-Etikettendruckerei \/ F\u00f6hren&nbsp;<\/p>\n\n\n\n<p><a href=\"https:\/\/etikett.de\/\" target=\"_blank\" rel=\"noreferrer noopener\">www.etikett.de<\/a><\/p>\n<\/div><\/div>\n\n\n\n<p><\/p>\n","protected":false},"excerpt":{"rendered":"<p>Eine Idee Unter Druck entstehen bekanntlich Diamanten. Wenn eine Gruppe junger M\u00e4nner der Gefahr ins Auge blicken muss, Ihrem Credo nicht mehr nachkommen zu k\u00f6nnen, kann nur etwas Einzigartiges entstehen. So war es nur eine Frage der Zeit, bis die Idee, einen einzigartigen Gin zu kreieren, geboren war. Eine Frage des guten Geschmacks Es dauerte [&hellip;]<\/p>\n","protected":false},"author":1,"featured_media":0,"parent":0,"menu_order":0,"comment_status":"closed","ping_status":"closed","template":"template-fullwidth.php","meta":{"footnotes":""},"class_list":["post-504","page","type-page","status-publish","hentry"],"jetpack_sharing_enabled":true,"_links":{"self":[{"href":"https:\/\/beaverscrown.de\/index.php\/wp-json\/wp\/v2\/pages\/504","targetHints":{"allow":["GET"]}}],"collection":[{"href":"https:\/\/beaverscrown.de\/index.php\/wp-json\/wp\/v2\/pages"}],"about":[{"href":"https:\/\/beaverscrown.de\/index.php\/wp-json\/wp\/v2\/types\/page"}],"author":[{"embeddable":true,"href":"https:\/\/beaverscrown.de\/index.php\/wp-json\/wp\/v2\/users\/1"}],"replies":[{"embeddable":true,"href":"https:\/\/beaverscrown.de\/index.php\/wp-json\/wp\/v2\/comments?post=504"}],"version-history":[{"count":10,"href":"https:\/\/beaverscrown.de\/index.php\/wp-json\/wp\/v2\/pages\/504\/revisions"}],"predecessor-version":[{"id":1550,"href":"https:\/\/beaverscrown.de\/index.php\/wp-json\/wp\/v2\/pages\/504\/revisions\/1550"}],"wp:attachment":[{"href":"https:\/\/beaverscrown.de\/index.php\/wp-json\/wp\/v2\/media?parent=504"}],"curies":[{"name":"wp","href":"https:\/\/api.w.org\/{rel}","templated":true}]}}