{"id":341,"date":"2021-02-02T22:45:52","date_gmt":"2021-02-02T22:45:52","guid":{"rendered":"https:\/\/beaverscrown.de\/?page_id=341"},"modified":"2021-02-07T21:04:25","modified_gmt":"2021-02-07T20:04:25","slug":"cookie-policy","status":"publish","type":"page","link":"https:\/\/beaverscrown.de\/index.php\/cookie-policy\/","title":{"rendered":"Cookie Policy"},"content":{"rendered":"\n<h2 class=\"has-huge-font-size wp-block-heading\">Cookies \/ SessionStorage \/ LocalStorage<\/h2>\n\n\n\n<p><\/p>\n\n\n\n<p>Die Internetseiten verwenden teilweise so genannte Cookies, LocalStorage und SessionStorage. Dies dient dazu, unser Angebot nutzerfreundlicher, effektiver und sicherer zu machen. Local Storage und SessionStorage ist eine Technologie, mit welcher ihr Browser Daten auf Ihrem Computer oder mobilen Ger\u00e4t abspeichert. Cookies sind Textdateien, welche \u00fcber einen Internetbrowser auf einem Computersystem abgelegt und gespeichert werden. Sie k\u00f6nnen die Verwendung von Cookies, LocalStorage und SessionStorage durch entsprechende Einstellung in Ihrem Browser verhindern.<\/p>\n\n\n\n<p>Zahlreiche Internetseiten und Server verwenden Cookies. Viele Cookies enthalten eine sogenannte Cookie-ID. Eine Cookie-ID ist eine eindeutige Kennung des Cookies. Sie besteht aus einer Zeichenfolge, durch welche Internetseiten und Server dem konkreten Internetbrowser zugeordnet werden k\u00f6nnen, in dem das Cookie gespeichert wurde. Dies erm\u00f6glicht es den besuchten Internetseiten und Servern, den individuellen Browser der betroffenen Person von anderen Internetbrowsern, die andere Cookies enthalten, zu unterscheiden. Ein bestimmter Internetbrowser kann \u00fcber die eindeutige Cookie-ID wiedererkannt und identifiziert werden.<\/p>\n\n\n\n<p>Durch den Einsatz von Cookies kann den Nutzern dieser Internetseite nutzerfreundlichere Services bereitstellen, die ohne die Cookie-Setzung nicht m\u00f6glich w\u00e4ren.<\/p>\n\n\n\n<p>Mittels eines Cookies k\u00f6nnen die Informationen und Angebote auf unserer Internetseite im Sinne des Benutzers optimiert werden. Cookies erm\u00f6glichen uns, wie bereits erw\u00e4hnt, die Benutzer unserer Internetseite wiederzuerkennen. Zweck dieser Wiedererkennung ist es, den Nutzern die Verwendung unserer Internetseite zu erleichtern. Der Benutzer einer Internetseite, die Cookies verwendet, muss beispielsweise nicht bei jedem Besuch der Internetseite erneut seine Zugangsdaten eingeben, weil dies von der Internetseite und dem auf dem Computersystem des Benutzers abgelegten Cookie \u00fcbernommen wird. Ein weiteres Beispiel ist das Cookie eines Warenkorbes im Online-Shop. Der Online-Shop merkt sich die Artikel, die ein Kunde in den virtuellen Warenkorb gelegt hat, \u00fcber ein Cookie.<\/p>\n\n\n\n<p>Die betroffene Person kann die Setzung von Cookies durch unsere Internetseite jederzeit mittels einer entsprechenden Einstellung des genutzten Internetbrowsers verhindern und damit der Setzung von Cookies dauerhaft widersprechen. Ferner k\u00f6nnen bereits gesetzte Cookies jederzeit \u00fcber einen Internetbrowser oder andere Softwareprogramme gel\u00f6scht werden. Dies ist in allen g\u00e4ngigen Internetbrowsern m\u00f6glich. Deaktiviert die betroffene Person die Setzung von Cookies in dem genutzten Internetbrowser, sind unter Umst\u00e4nden nicht alle Funktionen unserer Internetseite vollumf\u00e4nglich nutzbar.<\/p>\n\n\n\n<h3 class=\"wp-block-heading\">Allgemeine Cookies<\/h3>\n\n\n\n<p>Die nachfolgenden Cookies z\u00e4hlen zu den technisch notwendigen Cookies.<\/p>\n\n\n\n<p><strong>Cookies von WordPress<\/strong><\/p>\n\n\n\n<figure class=\"wp-block-table\"><table><tbody><tr><th>Name<\/th><th>Zweck<\/th><th>G\u00fcltigkeit<\/th><\/tr><tr><td>wordpress_test_cookie<\/td><td>Dieses Cookie ermittelt, ob die Verwendung von Cookies im Browser deaktiviert wurde. Speicherdauer: Bis zum Ende der Browsersitzung (wird beim Schlie\u00dfen Ihres Internet-Browsers gel\u00f6scht).<\/td><td>Session<\/td><\/tr><tr><td>PHPSESSID<\/td><td>Dieses Cookie speichert Ihre aktuelle Sitzung mit Bezug auf PHP-Anwendungen und gew\u00e4hrleistet so, dass alle Funktionen dieser Website, die auf der PHP-Programmiersprache basieren, vollst\u00e4ndig angezeigt werden k\u00f6nnen. Speicherdauer: Bis zum Ende der Browsersitzung (wird beim Schlie\u00dfen Ihres Internet-Browsers gel\u00f6scht).<\/td><td>Session<\/td><\/tr><tr><td>wordpress_akm_mobile<\/td><td>Diese Cookies werden nur f\u00fcr den Verwaltungsbereich von WordPress verwendet.<\/td><td>1 Jahr<\/td><\/tr><tr><td>wordpress_logged_in_akm_mobile<\/td><td>Diese Cookies werden nur f\u00fcr den Verwaltungsbereich von WordPress verwendet und gelten f\u00fcr andere Seitenbesucher nicht.<\/td><td>Session<\/td><\/tr><tr><td>wp-settings-akm_mobile<\/td><td>Diese Cookies werden nur f\u00fcr den Verwaltungsbereich von WordPress verwendet und gelten f\u00fcr andere Seitenbesucher nicht.<\/td><td>Session<\/td><\/tr><tr><td>wp-settings-time-akm_mobile<\/td><td>Diese Cookies werden nur f\u00fcr den Verwaltungsbereich von WordPress verwendet und gelten f\u00fcr andere Seitenbesucher nicht.<\/td><td>Session<\/td><\/tr><tr><td>ab<\/td><td>wird f\u00fcr A\/B-Tests von neuen Funktionen verwendet.<\/td><td>Session<\/td><\/tr><tr><td>akm_mobile<\/td><td>speichert, ob der Besucher die Mobilversion einer Website angezeigt bekommen m\u00f6chte.<\/td><td>1 Tag<\/td><\/tr><\/tbody><\/table><\/figure>\n\n\n\n<h3 class=\"wp-block-heading\">Facebook Like\/Kommentare<\/h3>\n\n\n\n<p>Auf dieser Webseite sind Komponenten des Unternehmens Facebook integriert. Facebook ist ein soziales Netzwerk.<\/p>\n\n\n\n<p>Ein soziales Netzwerk ist ein im Internet betriebener sozialer Treffpunkt, eine Online-Gemeinschaft, die es den Nutzern in der Regel erm\u00f6glicht, untereinander zu kommunizieren und im virtuellen Raum zu interagieren. Ein soziales Netzwerk kann als Plattform zum Austausch von Meinungen und Erfahrungen dienen oder erm\u00f6glicht es der Internetgemeinschaft, pers\u00f6nliche oder unternehmensbezogene Informationen bereitzustellen. Facebook erm\u00f6glicht den Nutzern des sozialen Netzwerkes unter anderem die Erstellung von privaten Profilen, den Upload von Fotos und eine Vernetzung \u00fcber Freundschaftsanfragen.<\/p>\n\n\n\n<p>Betreibergesellschaft von Facebook ist die Facebook, Inc., 1 Hacker Way, Menlo Park, CA 94025, USA. F\u00fcr die Verarbeitung personenbezogener Daten Verantwortlicher ist, wenn eine betroffene Person au\u00dferhalb der USA oder Kanada lebt, die Facebook Ireland Ltd., 4 Grand Canal Square, Grand Canal Harbour, Dublin 2, Ireland.<\/p>\n\n\n\n<p>Durch jeden Aufruf einer der Einzelseiten dieser Internetseite, die durch den f\u00fcr die Verarbeitung Verantwortlichen betrieben wird und auf welcher eine Facebook-Komponente (Facebook-Plug-In) integriert wurde, wird der Internetbrowser auf dem informationstechnologischen System der betroffenen Person automatisch durch die jeweilige Facebook-Komponente veranlasst, eine Darstellung der entsprechenden Facebook-Komponente von Facebook herunterzuladen. Eine Gesamt\u00fcbersicht \u00fcber alle Facebook-Plug-Ins kann unter&nbsp;<a href=\"https:\/\/developers.facebook.com\/docs\/plugins\/?locale=de_DE\">https:\/\/developers.facebook.com\/docs\/plugins\/?locale=de_DE<\/a>&nbsp;abgerufen werden. Im Rahmen dieses technischen Verfahrens erh\u00e4lt Facebook Kenntnis dar\u00fcber, welche konkrete Unterseite unserer Internetseite durch die betroffene Person besucht wird.<\/p>\n\n\n\n<p>Sofern die betroffene Person gleichzeitig bei Facebook eingeloggt ist, erkennt Facebook mit jedem Aufruf unserer Internetseite durch die betroffene Person und w\u00e4hrend der gesamten Dauer des jeweiligen Aufenthaltes auf unserer Internetseite, welche konkrete Unterseite unserer Internetseite die betroffene Person besucht. Diese Informationen werden durch die Facebook-Komponente gesammelt und durch Facebook dem jeweiligen Facebook-Account der betroffenen Person zugeordnet. Bet\u00e4tigt die betroffene Person einen der auf unserer Internetseite integrierten Facebook-Buttons, beispielsweise den \u201eGef\u00e4llt mir&#8220;-Button, oder gibt die betroffene Person einen Kommentar ab, ordnet Facebook diese Information dem pers\u00f6nlichen Facebook-Benutzerkonto der betroffenen Person zu und speichert diese personenbezogenen Daten.<\/p>\n\n\n\n<p>Facebook erh\u00e4lt \u00fcber die Facebook-Komponente immer dann eine Information dar\u00fcber, dass die betroffene Person unsere Internetseite besucht hat, wenn die betroffene Person zum Zeitpunkt des Aufrufs unserer Internetseite gleichzeitig bei Facebook eingeloggt ist; dies findet unabh\u00e4ngig davon statt, ob die betroffene Person die Facebook-Komponente anklickt oder nicht. Ist eine derartige \u00dcbermittlung dieser Informationen an Facebook von der betroffenen Person nicht gewollt, kann diese die \u00dcbermittlung dadurch verhindern, dass sie sich vor einem Aufruf unserer Internetseite aus ihrem Facebook-Account ausloggt.<\/p>\n\n\n\n<p>Die von Facebook ver\u00f6ffentlichte Datenrichtlinie, die unter&nbsp;<a href=\"https:\/\/de-de.facebook.com\/about\/privacy\/\">https:\/\/de-de.facebook.com\/about\/privacy\/<\/a>&nbsp;abrufbar ist, gibt Aufschluss \u00fcber die Erhebung, Verarbeitung und Nutzung personenbezogener Daten durch Facebook. Ferner wird dort erl\u00e4utert, welche Einstellungsm\u00f6glichkeiten Facebook zum Schutz der Privatsph\u00e4re der betroffenen Person bietet. Zudem sind unterschiedliche Applikationen erh\u00e4ltlich, die es erm\u00f6glichen, eine Daten\u00fcbermittlung an Facebook zu unterdr\u00fccken. Solche Applikationen k\u00f6nnen durch die betroffene Person genutzt werden, um eine Daten\u00fcbermittlung an Facebook zu unterdr\u00fccken.<\/p>\n\n\n\n<p><strong>Cookies von Facebook<\/strong><\/p>\n\n\n\n<figure class=\"wp-block-table\"><table><tbody><tr><th>Name<\/th><th>Zweck<\/th><th>G\u00fcltigkeit<\/th><\/tr><tr><td>_fbp<\/td><td>Dieser Cookie wird von Facebook verwendet, um eine Reihe von Werbeprodukten wie Echtzeitgebote von Drittanbietern zu liefern.<\/td><td>3 Monate<\/td><\/tr><\/tbody><\/table><\/figure>\n\n\n\n<h3 class=\"wp-block-heading\">Google Analytics<\/h3>\n\n\n\n<p>Diese Website nutzt verschiedene Dienste des Anbieters Google Ireland Limited, Gordon House, Barrow Street, Dublin 4, Irland. Die einzelnen Dienste werden im nachfolgenden Abschnitt n\u00e4her dargstellt.<\/p>\n\n\n\n<p>Grunds\u00e4tzlich verfolgen wir mit dem Einsatz der nachstehenden Dienste und damit verbunden der Erhebung personenbezogener Daten (insbes. der IP-Adresse) ein berechtigtes Interesse, das Angebot auf unserer Website ansprechend darzustellen, zu analysieren, zu verbessern und m\u00f6gliche Werbung auf Ihre Bed\u00fcrfnisse anzupassen (Art.6 Abs. 1 lit. a DSGVO).<\/p>\n\n\n\n<p>Google Analytics verwendet sogenannte &#8222;Cookies&#8220; (s. auch 3.1 \u201eCookies&#8220;). Sie werden auf Ihrem Computer gespeichert und erm\u00f6glichen eine Analyse der Benutzung der Website durch Sie. Die durch das Cookie erzeugten Informationen \u00fcber Ihre Benutzung dieser Website werden in der Regel an einen Server von Google in den USA \u00fcbertragen und dort gespeichert.<\/p>\n\n\n\n<p><strong>IP Anonymisierung<\/strong><\/p>\n\n\n\n<p>Wir haben auf dieser Website die Funktion IP-Anonymisierung aktiviert. Dadurch wird Ihre IP-Adresse von Google innerhalb von Mitgliedstaaten der Europ\u00e4ischen Union oder in anderen Vertragsstaaten des Abkommens \u00fcber den Europ\u00e4ischen Wirtschaftsraum vor der \u00dcbermittlung in die USA gek\u00fcrzt. Im Auftrag des Betreibers dieser Website wird Google diese Informationen benutzen, um Ihre Nutzung der Website auszuwerten, um Reports \u00fcber die Websiteaktivit\u00e4ten zusammenzustellen und um weitere mit der Websitenutzung und der Internetnutzung verbundene Dienstleistungen gegen\u00fcber dem Websitebetreiber zu erbringen. Die im Rahmen von Google Analytics von Ihrem Browser \u00fcbermittelte IP-Adresse wird nicht mit anderen Daten von Google zusammengef\u00fchrt.<\/p>\n\n\n\n<p><strong>Widerspruch gegen Datenerfassung<\/strong><\/p>\n\n\n\n<p>Sie k\u00f6nnen die Speicherung der Cookies durch eine entsprechende Einstellung Ihrer Browser-Software verhindern; wir weisen Sie jedoch darauf hin, dass Sie in diesem Fall gegebenenfalls nicht alle Funktionen dieser Website vollumf\u00e4nglich nutzen k\u00f6nnen. Sie k\u00f6nnen dar\u00fcber hinaus die Erfassung der durch den Cookie erzeugten und auf Ihre Nutzung der Website bezogenen Daten (inkl. Ihrer IP-Adresse) an Google sowie die Verarbeitung dieser Daten durch Google verhindern, indem Sie das unter dem folgenden Link verf\u00fcgbare Browser-Plugin herunterladen und installieren:&nbsp;&nbsp;<a href=\"https:\/\/tools.google.com\/dlpage\/gaoptout?hl=de\" target=\"_blank\" rel=\"noreferrer noopener\">https:\/\/tools.google.com\/dlpage\/gaoptout?hl=de<\/a>.<\/p>\n\n\n\n<p>Mehr Informationen zum Umgang mit Nutzerdaten bei Google Analytics finden Sie in der Datenschutzerkl\u00e4rung von Google:&nbsp;&nbsp;<a href=\"https:\/\/support.google.com\/analytics\/answer\/6004245?hl=de\" target=\"_blank\" rel=\"noreferrer noopener\">https:\/\/support.google.com\/analytics\/answer\/6004245?hl=de<\/a>.<\/p>\n\n\n\n<p><strong>Auftragsverarbeitung<\/strong><\/p>\n\n\n\n<p>Wir haben zur Nutzung von Google Analytics einen Vertrag zur Auftragsverarbeitung abgeschlossen und setzen die strengen Vorgaben der deutschen Datenschutzbeh\u00f6rden bei der Nutzung der Dienste vollst\u00e4ndig um.<\/p>\n\n\n\n<p><strong>Demografische Merkmale bei Google Analytics<\/strong><\/p>\n\n\n\n<p>Diese Website nutzt die Funktion &#8222;demografische Merkmale&#8220; von Google Analytics. Dadurch k\u00f6nnen Berichte erstellt werden, die Aussagen zu Alter, Geschlecht und Interessen der Seitenbesucher enthalten. Diese Daten stammen aus interessenbezogener Werbung von Google sowie aus Besucherdaten von Drittanbietern. Diese Daten k\u00f6nnen keiner bestimmten Person zugeordnet werden. Sie k\u00f6nnen diese Funktion jederzeit \u00fcber die Anzeigeneinstellungen in Ihrem Google-Konto deaktivieren oder die Erfassung Ihrer Daten durch Google Analytics wie im vorherigen Absatz dargestellt generell untersagen.<\/p>\n\n\n\n<p><strong>Cookies von Google Analytics<\/strong><\/p>\n\n\n\n<figure class=\"wp-block-table\"><table><tbody><tr><th>Name<\/th><th>Zweck<\/th><th>G\u00fcltigkeit<\/th><\/tr><tr><td>_ga<\/td><td>Unterscheidung der Webseitenbesucher.<\/td><td>2 Jahre<\/td><\/tr><tr><td>_gid<\/td><td>Unterscheidung der Webseitenbesucher.<\/td><td>24 Stunden<\/td><\/tr><tr><td>_gat_gtag_UA_<\/td><td>Wird zum Drosseln der Anforderungsrate verwendet. Wenn Google Analytics \u00fcber den Google Tag Manager bereitgestellt wird, erh\u00e4lt dieser Cookie den Namen _dc_gtm_ .<\/td><td>1 Minute<\/td><\/tr><tr><td>_dc_gtm_<\/td><td>Wird verwendet, um die Anzahl der Google Analytics-Serveranfragen zu \u00fcberwachen.<\/td><td>1 Minute<\/td><\/tr><tr><td>AMP_TOKEN<\/td><td>Enth\u00e4lt einen Token-Code, der zum Auslesen einer Client-ID aus dem AMP-Client-ID-Service verwendet wird. Durch den Abgleich dieser ID mit der von Google Analytics k\u00f6nnen Nutzer beim Wechsel zwischen AMP-Content und Nicht-AMP-Content abgeglichen werden.<\/td><td>30 Sekunden bis 1 Jahr<\/td><\/tr><tr><td>_gat<\/td><td>Wird zur \u00dcberwachung der Anzahl der Google Analytics-Serveranfragen bei der Verwendung von Google Tag Manager verwendet.<\/td><td>1 Minute<\/td><\/tr><tr><td>_gac_<\/td><td>Enth\u00e4lt Informationen zu Marketingkampagnen des Benutzers. Diese werden mit Google AdWords \/ Google Ads gemeinsam genutzt, wenn die Google Ads- und Google Analytics-Konten miteinander verkn\u00fcpft werden.<\/td><td>90 Tage<\/td><\/tr><tr><td>__utma<\/td><td>ID, die zur Identifizierung von Benutzern und Sitzungen verwendet wird.<\/td><td>2 Jahre<\/td><\/tr><tr><td>__utmt<\/td><td>Wird verwendet, um die Anzahl der Google Analytics-Serveranfragen zu \u00fcberwachen.<\/td><td>10 Minuten<\/td><\/tr><tr><td>__utmb<\/td><td>Wird zur Unterscheidung zwischen neuen Sitzungen und Besuchen verwendet. Dieses Cookie wird gesetzt, wenn die GA.js Javascript-Bibliothek geladen wird und kein __utmb Cookie vorhanden ist. Das Cookie wird jedes Mal aktualisiert, wenn Daten an den Google Analytics-Server gesendet werden.<\/td><td>30 Minuten<\/td><\/tr><tr><td>__utmc<\/td><td>Wird nur mit alten Urchin-Versionen von Google Analytics und nicht mit GA.js verwendet. Wurde verwendet, um zwischen neuen Sitzungen und Besuchen am Ende einer Sitzung zu unterscheiden.<\/td><td>Session<\/td><\/tr><tr><td>__utmz<\/td><td>Enth\u00e4lt Informationen \u00fcber die Verkehrsquelle oder Kampagne, die den Benutzer auf die Website geleitet hat. Das Cookie wird gesetzt, wenn das GA.js-Javascript geladen wird, und aktualisiert, wenn Daten an den Google Anaytics-Server gesendet werden.<\/td><td>6 Monate<\/td><\/tr><tr><td>__utmv<\/td><td>Enth\u00e4lt benutzerdefinierte Informationen, die vom Webentwickler mit der _setCustomVar-Methode in Google Analytics festgelegt wurden. Dieses Cookie wird jedes Mal aktualisiert, wenn neue Daten an den Google Analytics-Server gesendet werden.<\/td><td>2 Jahre<\/td><\/tr><tr><td>__utmx<\/td><td>Wird verwendet, um zu bestimmen, ob ein Benutzer in einen A \/ B- oder multivariaten Test einbezogen wird.<\/td><td>18 Monate<\/td><\/tr><tr><td>__utmxx<\/td><td>Wird verwendet, um zu bestimmen, wann der A \/ B- oder multivariate Test, an dem der Benutzer teilnimmt endet.<\/td><td>18 Monate<\/td><\/tr><\/tbody><\/table><\/figure>\n\n\n\n<h3 class=\"wp-block-heading\">YouTube<\/h3>\n\n\n\n<p>Wir verwenden auf dieser Seite des Videodienstes YouTube, der Firma YouTube, LLC, 901 Cherry Ave., San Bruno, CA 94066, USA.<\/p>\n\n\n\n<p>Durch das Aufrufen von Seiten unserer Webseite, die YouTube Videos integriert haben, werden Daten an YouTube \u00fcbertragen, gespeichert und ausgewertet.<br>Sollten Sie ein YouTube-Konto haben und angemeldet sein, werden diese Daten Ihrem pers\u00f6nlichen Konto und den darin gespeicherten Daten zugeordnet.<\/p>\n\n\n\n<p>Welche Daten von Google erfasst werden und wof\u00fcr diese Daten verwendet werden, k\u00f6nnen Sie auf&nbsp;<a href=\"https:\/\/www.google.com\/intl\/de\/policies\/privacy\/\">https:\/\/www.google.com\/intl\/de\/policies\/privacy\/<\/a>&nbsp;nachlesen.<\/p>\n\n\n\n<p><strong>Cookies von Youtube<\/strong><\/p>\n\n\n\n<figure class=\"wp-block-table\"><table><tbody><tr><th>Name<\/th><th>Zweck<\/th><th>G\u00fcltigkeit<\/th><\/tr><tr><td>SID<\/td><td>Google verwendet Cookies wie das NID- und das SID-Cookie, um Werbung in Google-Produkten wie der Google-Suche individuell anzupassen. Mithilfe solcher Cookies erfasst Google zum Beispiel Ihre neuesten Suchanfragen, Ihre bisherigen Interaktionen mit den Anzeigen eines Werbetreibenden oder den Suchergebnissen und Ihre Besuche auf der Website eines Werbetreibenden. Auf diese Weise kann Google individuell zugeschnittene Werbung auf Google anzeigen. Andere Google-Produkte wie YouTube oder Doubleclick nutzen diese Cookies ebenfalls zur Auswahl relevanterer Werbung.<\/td><td>1 Jahr<\/td><\/tr><tr><td>VISITOR_INFO1_LIVE<\/td><td>Hierbei handelt es sich um ein Cookie, das YouTube setzt, um die Bandbreite des Nutzers zu berechnen. Anhand dieser Information wird bestimmt, ob der Nutzer die neue oder alte Benutzeroberfl\u00e4che des Players verwenden sollte.<\/td><td>bis zu 365 Tage<\/td><\/tr><tr><td>PREF<\/td><td>Mit diesem Cookie werden die Pr\u00e4ferenzen und sonstige Informationen des Nutzers gespeichert. Dazu z\u00e4hlen insbesondere die bevorzugte Sprache, die Anzahl der auf der Seite anzuzeigenden Suchergebnisse sowie die Entscheidung, ob der Filter SafeSearch von Google aktiviert werden soll oder nicht.<\/td><td>5 Jahre<\/td><\/tr><tr><td>APISID<\/td><td>YouTube ist eine Plattform zur Bereitstellung und Ver\u00f6ffentlichung von Videos und geh\u00f6rt zu Google. YouTube sammelt Benutzerdaten \u00fcber in Websites eingebettete Videos, die mit Profildaten aus anderen Google-Diensten zusammengef\u00fchrt werden. So kann Website-Besuchern gezielte Werbung \u00fcber eine breite Palette eigener und fremder Websites angezeigt werden.<\/td><td>10 Jahre<\/td><\/tr><tr><td>YSC<\/td><td>Dieses Cookie wird vom Videodienst YouTube auf Webseiten mit eingebetteten YouTube-Videos gesetzt.<\/td><td>1 Jahr<\/td><\/tr><tr><td>GPS<\/td><td>YouTube ist eine Plattform zur Bereitstellung und Ver\u00f6ffentlichung von Videos und geh\u00f6rt zu Google. YouTube sammelt Benutzerdaten \u00fcber in Websites eingebettete Videos, die mit Profildaten aus anderen Google-Diensten zusammengef\u00fchrt werden. So kann Website-Besuchern gezielte Werbung \u00fcber eine breite Palette eigener und fremder Websites angezeigt werden.<\/td><td>1 Tag<\/td><\/tr><tr><td>SSID<\/td><td>Quelle: OneTrust. YouTube ist eine Plattform zur Bereitstellung und Ver\u00f6ffentlichung von Videos und geh\u00f6rt zu Google. YouTube sammelt Benutzerdaten \u00fcber in Websites eingebettete Videos, die mit Profildaten aus anderen Google-Diensten zusammengef\u00fchrt werden. So kann Website-Besuchern gezielte Werbung \u00fcber eine breite Palette eigener und fremder Websites angezeigt werden.<\/td><td>1 Jahr<\/td><\/tr><tr><td>LOGIN_INFO<\/td><td>YouTube ist eine Plattform zur Bereitstellung und Ver\u00f6ffentlichung von Videos und geh\u00f6rt zu Google. YouTube sammelt Benutzerdaten \u00fcber in Websites eingebettete Videos, die mit Profildaten aus anderen Google-Diensten zusammengef\u00fchrt werden. So kann Website-Besuchern gezielte Werbung \u00fcber eine breite Palette eigener und fremder Websites angezeigt werden.<\/td><td>2 Jahre<\/td><\/tr><tr><td>SAPISID<\/td><td>Diese Domain ist Eigentum der Google Inc. Google ist zwar in erster Linie als Suchmaschine bekannt, allerdings bietet das Unternehmen eine breite Palette von Produkten und Dienstleistungen an. Haupteinnahmequelle ist jedoch die Werbung. Google verfolgt die Bewegungen der Nutzer umfassend \u2013 sowohl \u00fcber eigene Produkte und Websites als auch mit Hilfe der weltweit in Millionen von Websites integrierten vielf\u00e4ltigen Technologien.<\/td><td>1 Jahr<\/td><\/tr><tr><td>HSID<\/td><td>Wird von Google in Verbindung mit SID verwendet, um das Google-Benutzerkonto und die letzte Anmeldezeit zu \u00fcberpr\u00fcfen https:\/\/policies.google.com\/technologies\/types?hl=de<\/td><td>1 Jahr<\/td><\/tr><\/tbody><\/table><figcaption><p><b>Information according to \u00a7 5 DDG <\/b><\/p><p>F&ouml;rderverein von Round Table 75 Biberach e. V.<br \/>Rolf Schlagentweith<br\/>Georg-Schinbain-Str. 121<br\/>88400 Biberach<br\/>Deutschland<br\/><\/p><p><b>Vertreten durch:<\/b> Rolf Schlagentweith<br\/><\/p><p><b>Kontakt:<\/b><br\/>E-Mail: <span style=\"display: none !important;\">2SzmTMAjftG6tBG<\/span>info<span style=\"display: none !important;\">PJAUapdXvdPT7sQ<\/span>@<span style=\"display: none !important;\">HMimZ5eGOrHQiER<\/span>beaverscrown.de<span style=\"display: none !important;\">AkHPhMEWWUHZu1G<\/span><br\/><\/p><p><b>Umsatzsteuernummer:<\/b> 54004\/18106<\/p><p><b>Haftungsausschluss<\/b><br \/><\/p><p><b>Haftung f\u00fcr Links:<\/b><br\/>Unser Angebot enth\u00e4lt Links zu externen Webseiten Dritter, auf deren Inhalte wir keinen Einfluss haben. Deshalb k\u00f6nnen wir f\u00fcr diese fremden Inhalte auch keine Gew\u00e4hr \u00fcbernehmen. F\u00fcr die Inhalte der verlinkten Seiten ist stets der jeweilige Anbieter oder Betreiber der Seiten verantwortlich. Die verlinkten Seiten wurden zum Zeitpunkt der Verlinkung auf m\u00f6gliche Rechtsverst\u00f6\u00dfe \u00fcberpr\u00fcft. Rechtswidrige Inhalte waren zum Zeitpunkt der Verlinkung nicht erkennbar. Eine permanente inhaltliche Kontrolle der verlinkten Seiten ist jedoch ohne konkrete Anhaltspunkte einer Rechtsverletzung nicht zumutbar. Bei Bekanntwerden von Rechtsverletzungen werden wir derartige Links umgehend entfernen.<\/p><p><b>Haftung f\u00fcr Inhalt:<\/b><br\/>The contents of our pages were created with the greatest care. However, we cannot assume any liability for the correctness, completeness and topicality of the contents. As a service provider, we are responsible for our own content on these pages in accordance with \u00a7 5 DDG and general laws. According to \u00a7 5 DDG we are not obliged to monitor transmitted or stored information from third parties or to investigate circumstances that indicate illegal activity. Obligations to remove or block the use of information according to general laws remain unaffected. However, liability in this respect is only possible from the time of knowledge of a concrete infringement. If we become aware of any such violations, we will remove the content in question immediately.<\/p><p><b>Urheberrecht<\/b><br \/>Die durch die Seitenbetreiber erstellten Inhalte und Werke auf diesen Seiten unterliegen dem deutschen Urheberrecht. Die Vervielf\u00e4ltigung, Bearbeitung, Verbreitung und jede Art der Verwertung au\u00dferhalb der Grenzen des Urheberrechtes bed\u00fcrfen der schriftlichen Zustimmung des jeweiligen Autors bzw. Erstellers. Downloads und Kopien dieser Seite sind nur f\u00fcr den privaten, nicht kommerziellen Gebrauch gestattet. Soweit die Inhalte auf dieser Seite nicht vom Betreiber erstellt wurden, werden die Urheberrechte Dritter beachtet. Insbesondere werden Inhalte Dritter als solche gekennzeichnet. Sollten Sie trotzdem auf eine Urheberrechtsverletzung aufmerksam werden, bitten wir um einen entsprechenden Hinweis. Bei Bekanntwerden von Rechtsverletzungen werden wir derartige Inhalte umgehend entfernen.<\/p><\/figcaption><\/figure>\n\n\n\n<p>Hier k\u00f6nnen die Cookie-Einstellungen auch nachtr\u00e4glich angepasst werden:<\/p>\n\n\n<style>#tarteaucitronAlertSmall, #tarteaucitronManager { display: none !important;} #dsgvo_service_control #tarteaucitronServices {position: relative; float: left; width: 100%;}  #tarteaucitronBack, #tarteaucitronAlertBig { display: none !important;}<\/style><div id=\"dsgvo_service_control\"><\/div>\n","protected":false},"excerpt":{"rendered":"<p>Cookies \/ SessionStorage \/ LocalStorage Die Internetseiten verwenden teilweise so genannte Cookies, LocalStorage und SessionStorage. Dies dient dazu, unser Angebot nutzerfreundlicher, effektiver und sicherer zu machen. Local Storage und SessionStorage ist eine Technologie, mit welcher ihr Browser Daten auf Ihrem Computer oder mobilen Ger\u00e4t abspeichert. Cookies sind Textdateien, welche \u00fcber einen Internetbrowser auf einem Computersystem [&hellip;]<\/p>\n","protected":false},"author":1,"featured_media":0,"parent":0,"menu_order":0,"comment_status":"closed","ping_status":"closed","template":"","meta":{"footnotes":""},"class_list":["post-341","page","type-page","status-publish","hentry"],"jetpack_sharing_enabled":true,"_links":{"self":[{"href":"https:\/\/beaverscrown.de\/index.php\/wp-json\/wp\/v2\/pages\/341","targetHints":{"allow":["GET"]}}],"collection":[{"href":"https:\/\/beaverscrown.de\/index.php\/wp-json\/wp\/v2\/pages"}],"about":[{"href":"https:\/\/beaverscrown.de\/index.php\/wp-json\/wp\/v2\/types\/page"}],"author":[{"embeddable":true,"href":"https:\/\/beaverscrown.de\/index.php\/wp-json\/wp\/v2\/users\/1"}],"replies":[{"embeddable":true,"href":"https:\/\/beaverscrown.de\/index.php\/wp-json\/wp\/v2\/comments?post=341"}],"version-history":[{"count":6,"href":"https:\/\/beaverscrown.de\/index.php\/wp-json\/wp\/v2\/pages\/341\/revisions"}],"predecessor-version":[{"id":414,"href":"https:\/\/beaverscrown.de\/index.php\/wp-json\/wp\/v2\/pages\/341\/revisions\/414"}],"wp:attachment":[{"href":"https:\/\/beaverscrown.de\/index.php\/wp-json\/wp\/v2\/media?parent=341"}],"curies":[{"name":"wp","href":"https:\/\/api.w.org\/{rel}","templated":true}]}}