{"id":313,"date":"2021-02-02T21:55:44","date_gmt":"2021-02-02T21:55:44","guid":{"rendered":"https:\/\/beaverscrown.de\/?page_id=313"},"modified":"2021-04-20T21:45:14","modified_gmt":"2021-04-20T20:45:14","slug":"roundtable","status":"publish","type":"page","link":"https:\/\/beaverscrown.de\/index.php\/roundtable\/","title":{"rendered":"Round Table"},"content":{"rendered":"\n<h1 class=\"has-text-align-center wp-block-heading\">Freundschaft, Helfen, Anpacken in Biberach<\/h1>\n\n\n\n<p class=\"has-text-align-center has-medium-font-size\">Wir glauben daran, dass wir uns selbst und die Gesellschaft durch unseren pers\u00f6nlichen Einsatz und unsere Freundschaft positiv ver\u00e4ndern k\u00f6nnen. Um dieses Ziel zu erreichen, haben wir uns im Round Table 75 Biberach gefunden. Wir nutzen diese Chance, um etwas zu bewegen und neue Freunde kennenzulernen.<\/p>\n\n\n\n<p><br><\/p>\n\n\n<p>[dsgvo-youtube url=&#8220;https:\/\/youtu.be\/jW97aKPipSg&#8220; images=&#8220;https:\/\/beaverscrown.de\/wp-content\/uploads\/2021\/02\/DSGVOYoutube.png&#8220; alt=&#8220;Wir sind Round Table&#8220;][\/dsgvo-youtube]<\/p>\n\n\n\n<p><br><br><br><br><\/p>\n\n\n\n<p><\/p>\n\n\n\n<div class=\"wp-block-columns is-layout-flex wp-container-core-columns-is-layout-28f84493 wp-block-columns-is-layout-flex\">\n<div class=\"wp-block-column is-layout-flow wp-block-column-is-layout-flow\">\n<div class=\"wp-block-image\"><figure class=\"aligncenter size-large\"><img data-recalc-dims=\"1\" loading=\"lazy\" decoding=\"async\" width=\"260\" height=\"260\" src=\"https:\/\/i0.wp.com\/beaverscrown.de\/wp-content\/uploads\/2021\/02\/Freundschaft.png?resize=260%2C260&#038;ssl=1\" alt=\"\" class=\"wp-image-319\" srcset=\"https:\/\/i0.wp.com\/beaverscrown.de\/wp-content\/uploads\/2021\/02\/Freundschaft.png?w=260&amp;ssl=1 260w, https:\/\/i0.wp.com\/beaverscrown.de\/wp-content\/uploads\/2021\/02\/Freundschaft.png?resize=150%2C150&amp;ssl=1 150w, https:\/\/i0.wp.com\/beaverscrown.de\/wp-content\/uploads\/2021\/02\/Freundschaft.png?resize=100%2C100&amp;ssl=1 100w\" sizes=\"auto, (max-width: 260px) 100vw, 260px\" \/><\/figure><\/div>\n\n\n\n<h2 class=\"has-text-align-center wp-block-heading\">Freundschaft<\/h2>\n\n\n\n<p class=\"has-text-align-center\">bei uns vor Ort und an 230 Tischen in Deutschland<\/p>\n<\/div>\n\n\n\n<div class=\"wp-block-column is-layout-flow wp-block-column-is-layout-flow\">\n<div class=\"wp-block-image\"><figure class=\"aligncenter size-large\"><img data-recalc-dims=\"1\" loading=\"lazy\" decoding=\"async\" width=\"260\" height=\"260\" src=\"https:\/\/i0.wp.com\/beaverscrown.de\/wp-content\/uploads\/2021\/02\/Gemeinsames-Anpacken.png?resize=260%2C260&#038;ssl=1\" alt=\"\" class=\"wp-image-318\" srcset=\"https:\/\/i0.wp.com\/beaverscrown.de\/wp-content\/uploads\/2021\/02\/Gemeinsames-Anpacken.png?w=260&amp;ssl=1 260w, https:\/\/i0.wp.com\/beaverscrown.de\/wp-content\/uploads\/2021\/02\/Gemeinsames-Anpacken.png?resize=150%2C150&amp;ssl=1 150w, https:\/\/i0.wp.com\/beaverscrown.de\/wp-content\/uploads\/2021\/02\/Gemeinsames-Anpacken.png?resize=100%2C100&amp;ssl=1 100w\" sizes=\"auto, (max-width: 260px) 100vw, 260px\" \/><\/figure><\/div>\n\n\n\n<h2 class=\"has-text-align-center wp-block-heading\">Gemeinsames Anpacken<\/h2>\n\n\n\n<p class=\"has-text-align-center\">f\u00fcr soziale Projekte und bed\u00fcrftige Menschen<\/p>\n<\/div>\n\n\n\n<div class=\"wp-block-column is-layout-flow wp-block-column-is-layout-flow\">\n<div class=\"wp-block-image\"><figure class=\"aligncenter size-large\"><img data-recalc-dims=\"1\" loading=\"lazy\" decoding=\"async\" width=\"260\" height=\"260\" src=\"https:\/\/i0.wp.com\/beaverscrown.de\/wp-content\/uploads\/2021\/02\/Reisen.png?resize=260%2C260&#038;ssl=1\" alt=\"\" class=\"wp-image-317\" srcset=\"https:\/\/i0.wp.com\/beaverscrown.de\/wp-content\/uploads\/2021\/02\/Reisen.png?w=260&amp;ssl=1 260w, https:\/\/i0.wp.com\/beaverscrown.de\/wp-content\/uploads\/2021\/02\/Reisen.png?resize=150%2C150&amp;ssl=1 150w, https:\/\/i0.wp.com\/beaverscrown.de\/wp-content\/uploads\/2021\/02\/Reisen.png?resize=100%2C100&amp;ssl=1 100w\" sizes=\"auto, (max-width: 260px) 100vw, 260px\" \/><\/figure><\/div>\n\n\n\n<h2 class=\"has-text-align-center wp-block-heading\">Reisen<\/h2>\n\n\n\n<p class=\"has-text-align-center\">zu Freunden und Events in mehr als 55 L\u00e4ndern<\/p>\n<\/div>\n<\/div>\n\n\n\n<div class=\"wp-block-columns is-layout-flex wp-container-core-columns-is-layout-28f84493 wp-block-columns-is-layout-flex\">\n<div class=\"wp-block-column is-layout-flow wp-block-column-is-layout-flow\">\n<div class=\"wp-block-image\"><figure class=\"aligncenter size-large\"><img data-recalc-dims=\"1\" loading=\"lazy\" decoding=\"async\" width=\"260\" height=\"260\" src=\"https:\/\/i0.wp.com\/beaverscrown.de\/wp-content\/uploads\/2021\/02\/Lokal.png?resize=260%2C260&#038;ssl=1\" alt=\"\" class=\"wp-image-316\" srcset=\"https:\/\/i0.wp.com\/beaverscrown.de\/wp-content\/uploads\/2021\/02\/Lokal.png?w=260&amp;ssl=1 260w, https:\/\/i0.wp.com\/beaverscrown.de\/wp-content\/uploads\/2021\/02\/Lokal.png?resize=150%2C150&amp;ssl=1 150w, https:\/\/i0.wp.com\/beaverscrown.de\/wp-content\/uploads\/2021\/02\/Lokal.png?resize=100%2C100&amp;ssl=1 100w\" sizes=\"auto, (max-width: 260px) 100vw, 260px\" \/><\/figure><\/div>\n\n\n\n<h2 class=\"has-text-align-center wp-block-heading\">Lokal<\/h2>\n\n\n\n<p class=\"has-text-align-center\">Wir f\u00fchren lokale und regionale Projekte mit unsere Mitgliedern und Helfern vor Ort durch. Daraus entstehen oftmals langj\u00e4hrige Partnerschaften mit sozialen Einrichtungen und bed\u00fcrftigen Familien. Anpacken und Helfen wird bei Round Table gelebt.<\/p>\n<\/div>\n\n\n\n<div class=\"wp-block-column is-layout-flow wp-block-column-is-layout-flow\">\n<div class=\"wp-block-image\"><figure class=\"aligncenter size-large\"><img data-recalc-dims=\"1\" loading=\"lazy\" decoding=\"async\" width=\"260\" height=\"260\" src=\"https:\/\/i0.wp.com\/beaverscrown.de\/wp-content\/uploads\/2021\/02\/National.png?resize=260%2C260&#038;ssl=1\" alt=\"\" class=\"wp-image-315\" srcset=\"https:\/\/i0.wp.com\/beaverscrown.de\/wp-content\/uploads\/2021\/02\/National.png?w=260&amp;ssl=1 260w, https:\/\/i0.wp.com\/beaverscrown.de\/wp-content\/uploads\/2021\/02\/National.png?resize=150%2C150&amp;ssl=1 150w, https:\/\/i0.wp.com\/beaverscrown.de\/wp-content\/uploads\/2021\/02\/National.png?resize=100%2C100&amp;ssl=1 100w\" sizes=\"auto, (max-width: 260px) 100vw, 260px\" \/><\/figure><\/div>\n\n\n\n<h2 class=\"has-text-align-center wp-block-heading\">National<\/h2>\n\n\n\n<p class=\"has-text-align-center\">Ein zentrales Element unserer Aktivit\u00e4ten ist das&nbsp;gemeinsame, j\u00e4hrlich wechselnde \u201eNationale Serviceprojekt (NSP)\u201c von Round Table Deutschland. Das NSP ist in jedem Jahr ein&nbsp;ausgew\u00e4hltes gemeinn\u00fctziges Projekt, bei dem wir mit&nbsp;der Unterst\u00fctzung aller Tische deutschlandweit Gro\u00dfes bewegen und nachhaltig ansto\u00dfen k\u00f6nnen.<\/p>\n<\/div>\n\n\n\n<div class=\"wp-block-column is-layout-flow wp-block-column-is-layout-flow\">\n<div class=\"wp-block-image\"><figure class=\"aligncenter size-large\"><img data-recalc-dims=\"1\" loading=\"lazy\" decoding=\"async\" width=\"260\" height=\"260\" src=\"https:\/\/i0.wp.com\/beaverscrown.de\/wp-content\/uploads\/2021\/02\/International.png?resize=260%2C260&#038;ssl=1\" alt=\"\" class=\"wp-image-314\" srcset=\"https:\/\/i0.wp.com\/beaverscrown.de\/wp-content\/uploads\/2021\/02\/International.png?w=260&amp;ssl=1 260w, https:\/\/i0.wp.com\/beaverscrown.de\/wp-content\/uploads\/2021\/02\/International.png?resize=150%2C150&amp;ssl=1 150w, https:\/\/i0.wp.com\/beaverscrown.de\/wp-content\/uploads\/2021\/02\/International.png?resize=100%2C100&amp;ssl=1 100w\" sizes=\"auto, (max-width: 260px) 100vw, 260px\" \/><\/figure><\/div>\n\n\n\n<h2 class=\"has-text-align-center wp-block-heading\">International<\/h2>\n\n\n\n<p class=\"has-text-align-center\">Round Table ist weltweit im Einsatz und in 55 L\u00e4ndern zu Hause. L\u00e4nder\u00fcbergreifende Projekte sind eine Herausforderung, aber auch eine Bereicherung f\u00fcr alle Beteiligten. Zusammen bauen wir Schulen, leisten Wiederaufbauhilfe nach Naturkatastrophen und sind Teil einer Gesellschaft, die f\u00fcreinander einsteht.<\/p>\n<\/div>\n<\/div>\n\n\n\n<div class=\"wp-block-buttons is-content-justification-center is-layout-flex wp-block-buttons-is-layout-flex\">\n<div class=\"wp-block-button\"><a class=\"wp-block-button__link\" href=\"http:\/\/rt75.de\/\">Mehr \u00fcber Round Table erfahren unter: rt75-biberach.de<\/a><\/div>\n<\/div>\n\n\n\n<p><\/p>\n\n\n<div data-block-name=\"woocommerce\/featured-product\" data-edit-mode=\"false\" data-product-id=\"1261\" class=\"wc-block-featured-product alignnone has-background-dim wp-block-woocommerce-featured-product\" style=\"min-height:500px;\"><div class=\"wc-block-featured-product__wrapper\"><div class=\"background-dim__overlay\" style=\"background-color: #000000\"><\/div><img decoding=\"async\" alt=\"Beaver's Crown Gin mit Pin &ndash; Round-Table-Edition\" class=\"wc-block-featured-product__background-image\" src=\"https:\/\/i0.wp.com\/beaverscrown.de\/wp-content\/uploads\/2021\/04\/IMG-20250316-WA0004-scaled.jpg?fit=683%2C1024&amp;ssl=1\" style=\"object-fit: none;object-position: 50% 50%;\"><h2 class=\"wc-block-featured-product__title\">Beaver&#8217;s Crown Gin mit Pin &ndash; Round-Table-Edition<\/h2><div class=\"wc-block-featured-product__description\"><h6>(67,50<span class=\"price\">&nbsp;&euro;<\/span> \/ 1 Liter)<\/h6>\n<p>Beaver&rsquo;s Crown Gin besticht neben seinem klassischen Wacholderaroma durch frische Zitrusnoten sowie Nuancen von Kr&auml;utern und Gew&uuml;rzen. Sein Abgang wird durch eine leichte, blumige Rosennote abgerundet. Im Glas harmoniert der Gin sehr gut mit frischen Himbeeren.<\/p>\n<p>Bei diesem Bundle ist ein exklusiver Beaverscrown-Pin vom Biberacher Round Table mit enthalten.<\/p>\n<p>Bei Round Table glauben wir daran, dass wir die Gesellschaft durch unseren pers&ouml;nlichen Einsatz positiv ver&auml;ndern k&ouml;nnen. Deshalb spenden wir den gesamten Ertrag aus dem Verkauf dieses Gins ausschlie&szlig;lich an gemeinn&uuml;tzige Projekte vorrangig im Landkreis Biberach.<\/p>\n<\/div><div class=\"wc-block-featured-product__price\"><span class=\"woocommerce-Price-amount amount\">31,75&nbsp;<span class=\"woocommerce-Price-currencySymbol\">&euro;<\/span><\/span><\/div><p class=\"wc-gzd-additional-info wc-gzd-additional-info-loop tax-info\">inkl. 19 % MwSt.<\/p><p class=\"wc-gzd-additional-info wc-gzd-additional-info-loop shipping-costs-info\">zzgl. <a href=\"https:\/\/beaverscrown.de\/index.php\/versandarten\/\" target=\"_blank\">Versandkosten<\/a><\/p><p class=\"wc-gzd-additional-info delivery-time-info wc-gzd-additional-info-loop\"><span class=\"delivery-time-inner delivery-time-ca-2-4-tage\">Lieferzeit: <span class=\"delivery-time-data\">ca. 2-4 Tage<\/span><\/span><\/p><div class=\"wc-block-featured-product__inner-blocks\">\n\n<div class=\"wp-block-button aligncenter\"><a class=\"wp-block-button__link\" href=\"https:\/\/beaverscrown.de\/index.php\/product\/beavers-crown-gin-mit-pin-rt-edition\/\">Jetzt einkaufen<\/a><\/div>\n\n<\/div><\/div><\/div>\n","protected":false},"excerpt":{"rendered":"<p>Freundschaft, Helfen, Anpacken in Biberach Wir glauben daran, dass wir uns selbst und die Gesellschaft durch unseren pers\u00f6nlichen Einsatz und unsere Freundschaft positiv ver\u00e4ndern k\u00f6nnen. Um dieses Ziel zu erreichen, haben wir uns im Round Table 75 Biberach gefunden. Wir nutzen diese Chance, um etwas zu bewegen und neue Freunde kennenzulernen. Freundschaft bei uns vor [&hellip;]<\/p>\n","protected":false},"author":1,"featured_media":0,"parent":0,"menu_order":0,"comment_status":"closed","ping_status":"closed","template":"template-fullwidth.php","meta":{"footnotes":""},"class_list":["post-313","page","type-page","status-publish","hentry"],"jetpack_sharing_enabled":true,"_links":{"self":[{"href":"https:\/\/beaverscrown.de\/index.php\/wp-json\/wp\/v2\/pages\/313","targetHints":{"allow":["GET"]}}],"collection":[{"href":"https:\/\/beaverscrown.de\/index.php\/wp-json\/wp\/v2\/pages"}],"about":[{"href":"https:\/\/beaverscrown.de\/index.php\/wp-json\/wp\/v2\/types\/page"}],"author":[{"embeddable":true,"href":"https:\/\/beaverscrown.de\/index.php\/wp-json\/wp\/v2\/users\/1"}],"replies":[{"embeddable":true,"href":"https:\/\/beaverscrown.de\/index.php\/wp-json\/wp\/v2\/comments?post=313"}],"version-history":[{"count":12,"href":"https:\/\/beaverscrown.de\/index.php\/wp-json\/wp\/v2\/pages\/313\/revisions"}],"predecessor-version":[{"id":1285,"href":"https:\/\/beaverscrown.de\/index.php\/wp-json\/wp\/v2\/pages\/313\/revisions\/1285"}],"wp:attachment":[{"href":"https:\/\/beaverscrown.de\/index.php\/wp-json\/wp\/v2\/media?parent=313"}],"curies":[{"name":"wp","href":"https:\/\/api.w.org\/{rel}","templated":true}]}}