{"id":1988,"date":"2023-05-12T21:20:18","date_gmt":"2023-05-12T20:20:18","guid":{"rendered":"https:\/\/beaverscrown.de\/?page_id=1988"},"modified":"2023-05-21T19:50:51","modified_gmt":"2023-05-21T18:50:51","slug":"schuetzenedition-2023","status":"publish","type":"page","link":"https:\/\/beaverscrown.de\/index.php\/schuetzenedition-2023\/","title":{"rendered":"Sch\u00fctzenedition 2023"},"content":{"rendered":"<div data-block-name=\"woocommerce\/featured-product\" data-edit-mode=\"false\" data-product-id=\"2000\" class=\"wc-block-featured-product alignnone has-background-dim wp-block-woocommerce-featured-product\" style=\"min-height:500px;\"><div class=\"wc-block-featured-product__wrapper\"><div class=\"background-dim__overlay\" style=\"background-color: #000000\"><\/div><img decoding=\"async\" alt=\"Beaver's Crown Gin - Sch&uuml;tzenedition 2023\" class=\"wc-block-featured-product__background-image\" src=\"https:\/\/i0.wp.com\/beaverscrown.de\/wp-content\/uploads\/2023\/05\/Beaverscrown_2023_freigestellt.png?fit=512%2C1024&amp;ssl=1\" style=\"object-fit: none;object-position: 50% 50%;\"><h2 class=\"wc-block-featured-product__title\">Beaver&#8217;s Crown Gin &#8211; Sch&uuml;tzenedition 2023<\/h2><div class=\"wc-block-featured-product__description\"><h6>(59,50<span class=\"price\">&nbsp;&euro;<\/span>&nbsp;\/ 1 Liter)<\/h6>\n<p>Noten von Zitrus und Kr&auml;utern machen den Gin der diesj&auml;hrigen Sonderedition zum sommerlichen Genuss &ndash; nicht nur f&uuml;r Sch&uuml;tzenabende.<\/p>\n<p>Bei Round Table glauben wir daran, dass wir die Gesellschaft durch unseren pers&ouml;nlichen Einsatz positiv ver&auml;ndern k&ouml;nnen. Deshalb spenden wir den gesamten Ertrag aus dem Verkauf dieses Gins ausschlie&szlig;lich an gemeinn&uuml;tzige Projekte vorrangig im Landkreis Biberach.<\/p>\n<p>&nbsp;<\/p>\n<\/div><div class=\"wc-block-featured-product__price\"><span class=\"woocommerce-Price-amount amount\">29,75&nbsp;<span class=\"woocommerce-Price-currencySymbol\">&euro;<\/span><\/span><\/div><p class=\"wc-gzd-additional-info wc-gzd-additional-info-loop tax-info\">inkl. 19 % MwSt.<\/p><p class=\"wc-gzd-additional-info wc-gzd-additional-info-loop shipping-costs-info\">zzgl. <a href=\"https:\/\/beaverscrown.de\/index.php\/versandarten\/\" target=\"_blank\">Versandkosten<\/a><\/p><p class=\"wc-gzd-additional-info delivery-time-info wc-gzd-additional-info-loop\"><span class=\"delivery-time-inner delivery-time-ca-2-4-tage\">Lieferzeit: <span class=\"delivery-time-data\">ca. 2-4 Tage<\/span><\/span><\/p><div class=\"wc-block-featured-product__inner-blocks\">\n\n<div class=\"wp-block-buttons is-content-justification-center is-layout-flex wp-container-core-buttons-is-layout-a89b3969 wp-block-buttons-is-layout-flex\">\n<div class=\"wp-block-button\"><a class=\"wp-block-button__link wp-element-button\" href=\"https:\/\/beaverscrown.de\/index.php\/product\/beavers-crown-gin-schuetzenedition-2023\/\">Jetzt einkaufen<\/a><\/div>\n<\/div>\n\n<\/div><\/div><\/div>\n\n\n\n<p><\/p>\n\n\n\n<p><\/p>\n\n\n\n<p><strong><span style=\"text-decoration: underline;\">Die Story hinter unserer Sch\u00fctzenedition 2023<\/span><\/strong><\/p>\n\n\n\n<div class=\"wp-block-media-text alignwide is-stacked-on-mobile\"><figure class=\"wp-block-media-text__media\"><img data-recalc-dims=\"1\" loading=\"lazy\" decoding=\"async\" width=\"768\" height=\"1024\" src=\"https:\/\/i0.wp.com\/beaverscrown.de\/wp-content\/uploads\/2023\/05\/IMG-20230518-WA0000.jpg?resize=768%2C1024&#038;ssl=1\" alt=\"\" class=\"wp-image-2022 size-full\" srcset=\"https:\/\/i0.wp.com\/beaverscrown.de\/wp-content\/uploads\/2023\/05\/IMG-20230518-WA0000.jpg?w=768&amp;ssl=1 768w, https:\/\/i0.wp.com\/beaverscrown.de\/wp-content\/uploads\/2023\/05\/IMG-20230518-WA0000.jpg?resize=225%2C300&amp;ssl=1 225w, https:\/\/i0.wp.com\/beaverscrown.de\/wp-content\/uploads\/2023\/05\/IMG-20230518-WA0000.jpg?resize=324%2C432&amp;ssl=1 324w, https:\/\/i0.wp.com\/beaverscrown.de\/wp-content\/uploads\/2023\/05\/IMG-20230518-WA0000.jpg?resize=416%2C555&amp;ssl=1 416w\" sizes=\"auto, (max-width: 768px) 100vw, 768px\" \/><\/figure><div class=\"wp-block-media-text__content\">\n<p><span style=\"text-decoration: underline;\"><strong>Ein Team in stetigem Wandel<\/strong><\/span><\/p>\n\n\n\n<p>Da die Mitglieder bei Roundtable unter 40 Jahren sein m\u00fcssen, rotieren auch die<br>Personen, die sich bei der Entstehung, Vermarktung und dem Vertrieb unseres geliebten Beaver\u2018s Crown Gins einbringen. <\/p>\n\n\n\n<p>Trotz diesem stetigen Wandel verbindet jedoch alle Tabler die Wertsch\u00e4tzung sch\u00f6ner Traditionen und so war schnell klar, dass die Tradition eines \u201eSch\u00fctzen-Gins\u201c auch 2023 fortgef\u00fchrt wird.<\/p>\n<\/div><\/div>\n\n\n\n<p><\/p>\n\n\n\n<p><\/p>\n\n\n\n<div class=\"wp-block-media-text alignwide has-media-on-the-right is-stacked-on-mobile\"><div class=\"wp-block-media-text__content\">\n<p><strong><span style=\"text-decoration: underline;\">Tradition trifft Technik<\/span><\/strong><br><br>Neben dem liebevoll angepassten Geschmack unterscheidet sich der \u201eSch\u00fctzen-Gin\u201c schon beim Anblick durch sein kunstvoll gestaltetes blau-gelbes Etikett von unserem klassischen Beaver\u2019s Crown.<\/p>\n\n\n\n<p>Nachdem wir in den vergangenen Jahren unterschiedlichste K\u00fcnstler, teils in Wettbewerben, um ihre Interpretation eines Sch\u00fctzen-Gin-Etiketts gebeten haben, wollten wir uns dieses Jahr an einem Experiment versuchen und haben kurzerhand Tradition mit Technik kombiniert. Das diesj\u00e4hrige Etikett wurde n\u00e4mlich mit Hilfe einer k\u00fcnstlichen Intelligenz (KI) erstellt und soll zeigen, wie eine solche Technologie f\u00fcr den guten Zweck eingesetzt werden kann.<\/p>\n<\/div><figure class=\"wp-block-media-text__media\"><img data-recalc-dims=\"1\" loading=\"lazy\" decoding=\"async\" width=\"621\" height=\"1024\" src=\"https:\/\/i0.wp.com\/beaverscrown.de\/wp-content\/uploads\/2023\/05\/IMG-20230417-WA0012.jpg?resize=621%2C1024&#038;ssl=1\" alt=\"\" class=\"wp-image-2032 size-full\" srcset=\"https:\/\/i0.wp.com\/beaverscrown.de\/wp-content\/uploads\/2023\/05\/IMG-20230417-WA0012.jpg?resize=621%2C1024&amp;ssl=1 621w, https:\/\/i0.wp.com\/beaverscrown.de\/wp-content\/uploads\/2023\/05\/IMG-20230417-WA0012.jpg?resize=182%2C300&amp;ssl=1 182w, https:\/\/i0.wp.com\/beaverscrown.de\/wp-content\/uploads\/2023\/05\/IMG-20230417-WA0012.jpg?resize=768%2C1265&amp;ssl=1 768w, https:\/\/i0.wp.com\/beaverscrown.de\/wp-content\/uploads\/2023\/05\/IMG-20230417-WA0012.jpg?resize=932%2C1536&amp;ssl=1 932w, https:\/\/i0.wp.com\/beaverscrown.de\/wp-content\/uploads\/2023\/05\/IMG-20230417-WA0012.jpg?resize=324%2C534&amp;ssl=1 324w, https:\/\/i0.wp.com\/beaverscrown.de\/wp-content\/uploads\/2023\/05\/IMG-20230417-WA0012.jpg?resize=416%2C685&amp;ssl=1 416w, https:\/\/i0.wp.com\/beaverscrown.de\/wp-content\/uploads\/2023\/05\/IMG-20230417-WA0012.jpg?w=971&amp;ssl=1 971w\" sizes=\"auto, (max-width: 621px) 100vw, 621px\" \/><\/figure><\/div>\n\n\n\n<p><\/p>\n\n\n\n<div class=\"wp-block-media-text alignwide is-stacked-on-mobile\"><figure class=\"wp-block-media-text__media\"><img data-recalc-dims=\"1\" loading=\"lazy\" decoding=\"async\" width=\"768\" height=\"1024\" src=\"https:\/\/i0.wp.com\/beaverscrown.de\/wp-content\/uploads\/2023\/05\/beaverscrown_2023_vorderseite.jpg?resize=768%2C1024&#038;ssl=1\" alt=\"\" class=\"wp-image-1994 size-full\" srcset=\"https:\/\/i0.wp.com\/beaverscrown.de\/wp-content\/uploads\/2023\/05\/beaverscrown_2023_vorderseite.jpg?resize=768%2C1024&amp;ssl=1 768w, https:\/\/i0.wp.com\/beaverscrown.de\/wp-content\/uploads\/2023\/05\/beaverscrown_2023_vorderseite.jpg?resize=225%2C300&amp;ssl=1 225w, https:\/\/i0.wp.com\/beaverscrown.de\/wp-content\/uploads\/2023\/05\/beaverscrown_2023_vorderseite.jpg?resize=1152%2C1536&amp;ssl=1 1152w, https:\/\/i0.wp.com\/beaverscrown.de\/wp-content\/uploads\/2023\/05\/beaverscrown_2023_vorderseite.jpg?resize=324%2C432&amp;ssl=1 324w, https:\/\/i0.wp.com\/beaverscrown.de\/wp-content\/uploads\/2023\/05\/beaverscrown_2023_vorderseite.jpg?resize=416%2C555&amp;ssl=1 416w, https:\/\/i0.wp.com\/beaverscrown.de\/wp-content\/uploads\/2023\/05\/beaverscrown_2023_vorderseite.jpg?w=1512&amp;ssl=1 1512w\" sizes=\"auto, (max-width: 768px) 100vw, 768px\" \/><\/figure><div class=\"wp-block-media-text__content\">\n<p><span style=\"text-decoration: underline;\">Das finale Design<\/span><\/p>\n\n\n\n<p>Auf dem Weg zum jetzigen Design mussten wir lernen, dass die \u201ek\u00fcnstlerische Intelligenz\u201c der KI<br>nicht immer auf den ersten Blick erkennbar ist. Neben vielen Misserfolgen und mehreren Stunden an Rechenkapazit\u00e4t, haben wir dann aber doch unser Design der Sch\u00fctzenedition 2023 gefunden.<\/p>\n<\/div><\/div>\n\n\n\n<p><\/p>\n\n\n\n<div class=\"wp-block-media-text alignwide has-media-on-the-right is-stacked-on-mobile\" style=\"grid-template-columns:auto 48%\"><div class=\"wp-block-media-text__content\">\n<p><strong><span style=\"text-decoration: underline;\">K\u00fcnstlich aber nicht beim Geschmack<\/span><\/strong><\/p>\n\n\n\n<p>Beim diesj\u00e4hrigen Design haben wir ein Experiment gewagt und viel gelernt. Wir waren uns jedoch immer einig, dass beim Geschmack nur selbst und menschlich verk\u00f6stigt wird.<br>Zu Beginn wurden Geschmacksvorschl\u00e4ge gesammelt um dann die Verkostung vorzubereiten. In kleiner geselliger Runde wurden nebst kulinarischen Leckerbissen, acht handverlesene und<br>geschmacklich v\u00f6llig unterschiedliche Proben verk\u00f6stigt. \u00dcbrig blieb f\u00fcr uns ein Gin, der nun das Label \u201eSch\u00fctzenedition 2023\u201c tragen darf. Mit der erfrischenden Mischung aus Zitrus und Kr\u00e4utern, ist uns das ideale Getr\u00e4nk f\u00fcr alle Freunde guten Gins, das Sch\u00fctzenfest 2023 und den Sommer gelungen.<\/p>\n<\/div><figure class=\"wp-block-media-text__media\"><img data-recalc-dims=\"1\" loading=\"lazy\" decoding=\"async\" width=\"980\" height=\"735\" src=\"https:\/\/i0.wp.com\/beaverscrown.de\/wp-content\/uploads\/2023\/05\/IMG-20230518-WA0002.jpg?resize=980%2C735&#038;ssl=1\" alt=\"\" class=\"wp-image-2023 size-full\" srcset=\"https:\/\/i0.wp.com\/beaverscrown.de\/wp-content\/uploads\/2023\/05\/IMG-20230518-WA0002.jpg?w=1024&amp;ssl=1 1024w, https:\/\/i0.wp.com\/beaverscrown.de\/wp-content\/uploads\/2023\/05\/IMG-20230518-WA0002.jpg?resize=300%2C225&amp;ssl=1 300w, https:\/\/i0.wp.com\/beaverscrown.de\/wp-content\/uploads\/2023\/05\/IMG-20230518-WA0002.jpg?resize=768%2C576&amp;ssl=1 768w, https:\/\/i0.wp.com\/beaverscrown.de\/wp-content\/uploads\/2023\/05\/IMG-20230518-WA0002.jpg?resize=324%2C243&amp;ssl=1 324w, https:\/\/i0.wp.com\/beaverscrown.de\/wp-content\/uploads\/2023\/05\/IMG-20230518-WA0002.jpg?resize=416%2C312&amp;ssl=1 416w\" sizes=\"auto, (max-width: 980px) 100vw, 980px\" \/><\/figure><\/div>\n\n\n\n<p><\/p>\n\n\n\n<h2 class=\"wp-block-heading\">Co-Creators<\/h2>\n\n\n\n<div class=\"wp-block-media-text alignwide is-stacked-on-mobile\" style=\"grid-template-columns:30% auto\"><figure class=\"wp-block-media-text__media\"><img data-recalc-dims=\"1\" loading=\"lazy\" decoding=\"async\" width=\"530\" height=\"162\" src=\"https:\/\/i0.wp.com\/beaverscrown.de\/wp-content\/uploads\/2021\/02\/logo_etikett_de.png?resize=530%2C162&#038;ssl=1\" alt=\"\" class=\"wp-image-416 size-full\" srcset=\"https:\/\/i0.wp.com\/beaverscrown.de\/wp-content\/uploads\/2021\/02\/logo_etikett_de.png?w=530&amp;ssl=1 530w, https:\/\/i0.wp.com\/beaverscrown.de\/wp-content\/uploads\/2021\/02\/logo_etikett_de.png?resize=300%2C92&amp;ssl=1 300w, https:\/\/i0.wp.com\/beaverscrown.de\/wp-content\/uploads\/2021\/02\/logo_etikett_de.png?resize=324%2C99&amp;ssl=1 324w, https:\/\/i0.wp.com\/beaverscrown.de\/wp-content\/uploads\/2021\/02\/logo_etikett_de.png?resize=416%2C127&amp;ssl=1 416w\" sizes=\"auto, (max-width: 530px) 100vw, 530px\" \/><\/figure><div class=\"wp-block-media-text__content\">\n<p class=\"has-large-font-size\"><strong>Etikett.de <\/strong>\/ B2B-Etikettendruckerei \/ F\u00f6hren&nbsp;<\/p>\n\n\n\n<p><a href=\"https:\/\/etikett.de\/\" target=\"_blank\" rel=\"noreferrer noopener\">www.etikett.de<\/a><\/p>\n<\/div><\/div>\n\n\n\n<p><\/p>\n","protected":false},"excerpt":{"rendered":"<p>Die Story hinter unserer Sch\u00fctzenedition 2023 Ein Team in stetigem Wandel Da die Mitglieder bei Roundtable unter 40 Jahren sein m\u00fcssen, rotieren auch diePersonen, die sich bei der Entstehung, Vermarktung und dem Vertrieb unseres geliebten Beaver\u2018s Crown Gins einbringen. Trotz diesem stetigen Wandel verbindet jedoch alle Tabler die Wertsch\u00e4tzung sch\u00f6ner Traditionen und so war schnell [&hellip;]<\/p>\n","protected":false},"author":70,"featured_media":0,"parent":0,"menu_order":0,"comment_status":"closed","ping_status":"closed","template":"","meta":{"footnotes":""},"class_list":["post-1988","page","type-page","status-publish","hentry"],"jetpack_sharing_enabled":true,"_links":{"self":[{"href":"https:\/\/beaverscrown.de\/index.php\/wp-json\/wp\/v2\/pages\/1988","targetHints":{"allow":["GET"]}}],"collection":[{"href":"https:\/\/beaverscrown.de\/index.php\/wp-json\/wp\/v2\/pages"}],"about":[{"href":"https:\/\/beaverscrown.de\/index.php\/wp-json\/wp\/v2\/types\/page"}],"author":[{"embeddable":true,"href":"https:\/\/beaverscrown.de\/index.php\/wp-json\/wp\/v2\/users\/70"}],"replies":[{"embeddable":true,"href":"https:\/\/beaverscrown.de\/index.php\/wp-json\/wp\/v2\/comments?post=1988"}],"version-history":[{"count":15,"href":"https:\/\/beaverscrown.de\/index.php\/wp-json\/wp\/v2\/pages\/1988\/revisions"}],"predecessor-version":[{"id":2037,"href":"https:\/\/beaverscrown.de\/index.php\/wp-json\/wp\/v2\/pages\/1988\/revisions\/2037"}],"wp:attachment":[{"href":"https:\/\/beaverscrown.de\/index.php\/wp-json\/wp\/v2\/media?parent=1988"}],"curies":[{"name":"wp","href":"https:\/\/api.w.org\/{rel}","templated":true}]}}