{"id":1909,"date":"2022-11-27T15:14:07","date_gmt":"2022-11-27T14:14:07","guid":{"rendered":"https:\/\/beaverscrown.de\/?page_id=1909"},"modified":"2022-11-27T15:24:06","modified_gmt":"2022-11-27T14:24:06","slug":"glueh-gin-hot-beaver","status":"publish","type":"page","link":"https:\/\/beaverscrown.de\/index.php\/glueh-gin-hot-beaver\/","title":{"rendered":"Gl\u00fch-Gin &#8222;Hot beaver&#8220;"},"content":{"rendered":"\n<div class=\"wp-block-columns is-layout-flex wp-container-core-columns-is-layout-28f84493 wp-block-columns-is-layout-flex\">\n<div class=\"wp-block-column is-layout-flow wp-block-column-is-layout-flow\">\n<figure class=\"wp-block-image size-large\"><img data-recalc-dims=\"1\" loading=\"lazy\" decoding=\"async\" width=\"819\" height=\"1024\" src=\"https:\/\/i0.wp.com\/beaverscrown.de\/wp-content\/uploads\/2022\/11\/90F3B359-EC9C-44E6-9443-7F2A9CCB94D2.jpg?resize=819%2C1024&#038;ssl=1\" alt=\"\" class=\"wp-image-1912\" srcset=\"https:\/\/i0.wp.com\/beaverscrown.de\/wp-content\/uploads\/2022\/11\/90F3B359-EC9C-44E6-9443-7F2A9CCB94D2.jpg?resize=819%2C1024&amp;ssl=1 819w, https:\/\/i0.wp.com\/beaverscrown.de\/wp-content\/uploads\/2022\/11\/90F3B359-EC9C-44E6-9443-7F2A9CCB94D2.jpg?resize=240%2C300&amp;ssl=1 240w, https:\/\/i0.wp.com\/beaverscrown.de\/wp-content\/uploads\/2022\/11\/90F3B359-EC9C-44E6-9443-7F2A9CCB94D2.jpg?resize=768%2C960&amp;ssl=1 768w, https:\/\/i0.wp.com\/beaverscrown.de\/wp-content\/uploads\/2022\/11\/90F3B359-EC9C-44E6-9443-7F2A9CCB94D2.jpg?resize=1229%2C1536&amp;ssl=1 1229w, https:\/\/i0.wp.com\/beaverscrown.de\/wp-content\/uploads\/2022\/11\/90F3B359-EC9C-44E6-9443-7F2A9CCB94D2.jpg?resize=324%2C405&amp;ssl=1 324w, https:\/\/i0.wp.com\/beaverscrown.de\/wp-content\/uploads\/2022\/11\/90F3B359-EC9C-44E6-9443-7F2A9CCB94D2.jpg?resize=416%2C520&amp;ssl=1 416w, https:\/\/i0.wp.com\/beaverscrown.de\/wp-content\/uploads\/2022\/11\/90F3B359-EC9C-44E6-9443-7F2A9CCB94D2.jpg?w=1440&amp;ssl=1 1440w\" sizes=\"auto, (max-width: 819px) 100vw, 819px\" \/><\/figure>\n<\/div>\n\n\n\n<div class=\"wp-block-column is-layout-flow wp-block-column-is-layout-flow\">\n<p>Beaver\u2019s Crown &#8211; Gl\u00fch Gin<br>Rezept f\u00fcr zwei Tassen Gl\u00fch-Gin:<br>200 ml Apfelsaft<br>200 ml Organgensaft<br>2 Stangen Zimt<br>2-3&nbsp;Nelken<br>1-2 Sternanis&nbsp;<br>60 ml Beaver&#8217;s Crown Gin<\/p>\n<\/div>\n<\/div>\n\n\n\n<div class=\"wp-block-cover is-light\"><span aria-hidden=\"true\" class=\"wp-block-cover__background has-background-dim\"><\/span><img data-recalc-dims=\"1\" loading=\"lazy\" decoding=\"async\" width=\"980\" height=\"980\" class=\"wp-block-cover__image-background wp-image-1914\" alt=\"\" src=\"https:\/\/i0.wp.com\/beaverscrown.de\/wp-content\/uploads\/2022\/11\/IMG_5383-3-scaled.jpg?resize=980%2C980&#038;ssl=1\" data-object-fit=\"cover\" srcset=\"https:\/\/i0.wp.com\/beaverscrown.de\/wp-content\/uploads\/2022\/11\/IMG_5383-3-scaled.jpg?w=2560&amp;ssl=1 2560w, https:\/\/i0.wp.com\/beaverscrown.de\/wp-content\/uploads\/2022\/11\/IMG_5383-3-scaled.jpg?resize=300%2C300&amp;ssl=1 300w, https:\/\/i0.wp.com\/beaverscrown.de\/wp-content\/uploads\/2022\/11\/IMG_5383-3-scaled.jpg?resize=1024%2C1024&amp;ssl=1 1024w, https:\/\/i0.wp.com\/beaverscrown.de\/wp-content\/uploads\/2022\/11\/IMG_5383-3-scaled.jpg?resize=150%2C150&amp;ssl=1 150w, https:\/\/i0.wp.com\/beaverscrown.de\/wp-content\/uploads\/2022\/11\/IMG_5383-3-scaled.jpg?resize=768%2C768&amp;ssl=1 768w, https:\/\/i0.wp.com\/beaverscrown.de\/wp-content\/uploads\/2022\/11\/IMG_5383-3-scaled.jpg?resize=1536%2C1536&amp;ssl=1 1536w, https:\/\/i0.wp.com\/beaverscrown.de\/wp-content\/uploads\/2022\/11\/IMG_5383-3-scaled.jpg?resize=2048%2C2048&amp;ssl=1 2048w, https:\/\/i0.wp.com\/beaverscrown.de\/wp-content\/uploads\/2022\/11\/IMG_5383-3-scaled.jpg?resize=324%2C324&amp;ssl=1 324w, https:\/\/i0.wp.com\/beaverscrown.de\/wp-content\/uploads\/2022\/11\/IMG_5383-3-scaled.jpg?resize=416%2C416&amp;ssl=1 416w, https:\/\/i0.wp.com\/beaverscrown.de\/wp-content\/uploads\/2022\/11\/IMG_5383-3-scaled.jpg?resize=100%2C100&amp;ssl=1 100w, https:\/\/i0.wp.com\/beaverscrown.de\/wp-content\/uploads\/2022\/11\/IMG_5383-3-scaled.jpg?w=1960&amp;ssl=1 1960w\" sizes=\"auto, (max-width: 980px) 100vw, 980px\" \/><div class=\"wp-block-cover__inner-container is-layout-flow wp-block-cover-is-layout-flow\">\n<p class=\"has-text-align-center has-large-font-size\"><a href=\"https:\/\/beaverscrown.de\/index.php\/shop\/\" data-type=\"page\" data-id=\"5\">Jetzt einkaufen und den guten Zweck unterst\u00fctzen!<\/a><\/p>\n<\/div><\/div>\n","protected":false},"excerpt":{"rendered":"<p>Beaver\u2019s Crown &#8211; Gl\u00fch GinRezept f\u00fcr zwei Tassen Gl\u00fch-Gin:200 ml Apfelsaft200 ml Organgensaft2 Stangen Zimt2-3&nbsp;Nelken1-2 Sternanis&nbsp;60 ml Beaver&#8217;s Crown Gin<\/p>\n","protected":false},"author":1,"featured_media":0,"parent":0,"menu_order":0,"comment_status":"closed","ping_status":"closed","template":"","meta":{"footnotes":""},"class_list":["post-1909","page","type-page","status-publish","hentry"],"jetpack_sharing_enabled":true,"_links":{"self":[{"href":"https:\/\/beaverscrown.de\/index.php\/wp-json\/wp\/v2\/pages\/1909","targetHints":{"allow":["GET"]}}],"collection":[{"href":"https:\/\/beaverscrown.de\/index.php\/wp-json\/wp\/v2\/pages"}],"about":[{"href":"https:\/\/beaverscrown.de\/index.php\/wp-json\/wp\/v2\/types\/page"}],"author":[{"embeddable":true,"href":"https:\/\/beaverscrown.de\/index.php\/wp-json\/wp\/v2\/users\/1"}],"replies":[{"embeddable":true,"href":"https:\/\/beaverscrown.de\/index.php\/wp-json\/wp\/v2\/comments?post=1909"}],"version-history":[{"count":8,"href":"https:\/\/beaverscrown.de\/index.php\/wp-json\/wp\/v2\/pages\/1909\/revisions"}],"predecessor-version":[{"id":1919,"href":"https:\/\/beaverscrown.de\/index.php\/wp-json\/wp\/v2\/pages\/1909\/revisions\/1919"}],"wp:attachment":[{"href":"https:\/\/beaverscrown.de\/index.php\/wp-json\/wp\/v2\/media?parent=1909"}],"curies":[{"name":"wp","href":"https:\/\/api.w.org\/{rel}","templated":true}]}}