{"id":1745,"date":"2022-06-21T23:13:16","date_gmt":"2022-06-21T22:13:16","guid":{"rendered":"https:\/\/beaverscrown.de\/?page_id=1745"},"modified":"2024-04-13T19:24:15","modified_gmt":"2024-04-13T18:24:15","slug":"schuetzen-edition-2022","status":"publish","type":"page","link":"https:\/\/beaverscrown.de\/index.php\/schuetzen-edition-2022\/","title":{"rendered":"Sch\u00fctzenedition 2022"},"content":{"rendered":"<div data-block-name=\"woocommerce\/featured-product\" data-focal-point=\"{&quot;x&quot;:&quot;0.61&quot;,&quot;y&quot;:&quot;0.62&quot;}\" data-image-fit=\"cover\" data-product-id=\"1736\" class=\"wc-block-featured-product alignnone has-background-dim wp-block-woocommerce-featured-product\" style=\"min-height:500px;\"><div class=\"wc-block-featured-product__wrapper\"><div class=\"background-dim__overlay\" style=\"background-color: #000000\"><\/div><img decoding=\"async\" alt=\"Beaver&#039;s Crown Gin - Sch\u00fctzenedition 2022\" class=\"wc-block-featured-product__background-image\" src=\"https:\/\/i0.wp.com\/beaverscrown.de\/wp-content\/uploads\/2022\/06\/Schuetzen2022-e1655851163551.png?fit=530%2C1024&#038;ssl=1\" style=\"object-fit: cover;object-position: 61% 62%;\" \/><div class=\"wc-block-featured-product__inner-blocks\">\n\n<div class=\"wp-block-buttons is-content-justification-center is-layout-flex wp-container-core-buttons-is-layout-a89b3969 wp-block-buttons-is-layout-flex\">\n<div class=\"wp-block-button\"><a class=\"wp-block-button__link wp-element-button\" href=\"https:\/\/beaverscrown.de\/index.php\/product\/beavers-crown-gin-schuetzen-edition-2021\/\">Jetzt einkaufen<\/a><\/div>\n<\/div>\n\n<\/div><\/div><\/div>\n\n\n<p><\/p>\n\n\n\n<div class=\"wp-block-media-text alignwide is-stacked-on-mobile is-image-fill\"><figure class=\"wp-block-media-text__media\" style=\"background-image:url(https:\/\/beaverscrown.de\/wp-content\/uploads\/2022\/04\/SE-512x1024.jpg);background-position:50% 50%\"><img data-recalc-dims=\"1\" loading=\"lazy\" decoding=\"async\" width=\"512\" height=\"1024\" src=\"https:\/\/i0.wp.com\/beaverscrown.de\/wp-content\/uploads\/2022\/04\/SE.jpg?resize=512%2C1024&#038;ssl=1\" alt=\"\" class=\"wp-image-1682 size-full\" srcset=\"https:\/\/i0.wp.com\/beaverscrown.de\/wp-content\/uploads\/2022\/04\/SE.jpg?resize=512%2C1024&amp;ssl=1 512w, https:\/\/i0.wp.com\/beaverscrown.de\/wp-content\/uploads\/2022\/04\/SE.jpg?resize=150%2C300&amp;ssl=1 150w, https:\/\/i0.wp.com\/beaverscrown.de\/wp-content\/uploads\/2022\/04\/SE.jpg?resize=324%2C648&amp;ssl=1 324w, https:\/\/i0.wp.com\/beaverscrown.de\/wp-content\/uploads\/2022\/04\/SE.jpg?resize=416%2C832&amp;ssl=1 416w, https:\/\/i0.wp.com\/beaverscrown.de\/wp-content\/uploads\/2022\/04\/SE.jpg?w=540&amp;ssl=1 540w\" sizes=\"auto, (max-width: 512px) 100vw, 512px\" \/><\/figure><div class=\"wp-block-media-text__content\">\n<p class=\"has-large-font-size\">Label-Design-Wettbewerb <\/p>\n\n\n\n<p>Nach zwei Jahren &#8222;Sch\u00fctza dahoim&#8220; wird es endlich mal wieder Zeit das sch\u00f6nste Heimatfest der Welt wieder richtig zu feiern und dazu einen ganz besonderen Gin zu genie\u00dfen. <\/p>\n\n\n\n<p>Deshalb haben wir vom Round Table 75 Biberach einen Label-Design-Wettbewerb ausgeschrieben, um ein Etikett ganz im Zeichen des Sch\u00fctzenfestes, der Freude, der Traditionen und der Sch\u00fctzenfarben zu kreieren. <br><br><\/p>\n<\/div><\/div>\n\n\n\n<p><\/p>\n\n\n\n<p><\/p>\n\n\n\n<div class=\"wp-block-media-text alignwide has-media-on-the-right is-stacked-on-mobile is-image-fill\"><div class=\"wp-block-media-text__content\">\n<p class=\"has-large-font-size\">Kontrastprogramm!<\/p>\n\n\n\n<p>Was haben Weihnachtsmarkt und unsere Sch\u00fctzen Edition 2022 miteinander zu tun? <\/p>\n\n\n\n<p>Wir haben einfach beides miteinander verkn\u00fcpft. W\u00e4hrend wir die H\u00fctte vom Christkindle Markt renovierten, probierten wir auch neue Geschmacksnoten f\u00fcr unsere diesj\u00e4hrige Edition. Entstanden ist ein sommerlicher Genuss mit exotischer Yuzu und Limette , der nicht nur  an Sch\u00fctzenabenden hervorragend schmeckt.  <\/p>\n\n\n\n<p>Und die H\u00fctte ist nat\u00fcrlich auch renoviert und erstrahlt frisch gestrichen in neuem Glanz!<\/p>\n<\/div><figure class=\"wp-block-media-text__media\" style=\"background-image:url(https:\/\/beaverscrown.de\/wp-content\/uploads\/2022\/06\/11ac2434-6813-4e3d-854f-fdcd5975d822.jpg);background-position:41% 51%\"><img data-recalc-dims=\"1\" loading=\"lazy\" decoding=\"async\" width=\"980\" height=\"735\" src=\"https:\/\/i0.wp.com\/beaverscrown.de\/wp-content\/uploads\/2022\/06\/11ac2434-6813-4e3d-854f-fdcd5975d822.jpg?resize=980%2C735&#038;ssl=1\" alt=\"\" class=\"wp-image-1746 size-full\" srcset=\"https:\/\/i0.wp.com\/beaverscrown.de\/wp-content\/uploads\/2022\/06\/11ac2434-6813-4e3d-854f-fdcd5975d822.jpg?w=1024&amp;ssl=1 1024w, https:\/\/i0.wp.com\/beaverscrown.de\/wp-content\/uploads\/2022\/06\/11ac2434-6813-4e3d-854f-fdcd5975d822.jpg?resize=300%2C225&amp;ssl=1 300w, https:\/\/i0.wp.com\/beaverscrown.de\/wp-content\/uploads\/2022\/06\/11ac2434-6813-4e3d-854f-fdcd5975d822.jpg?resize=768%2C576&amp;ssl=1 768w, https:\/\/i0.wp.com\/beaverscrown.de\/wp-content\/uploads\/2022\/06\/11ac2434-6813-4e3d-854f-fdcd5975d822.jpg?resize=324%2C243&amp;ssl=1 324w, https:\/\/i0.wp.com\/beaverscrown.de\/wp-content\/uploads\/2022\/06\/11ac2434-6813-4e3d-854f-fdcd5975d822.jpg?resize=416%2C312&amp;ssl=1 416w\" sizes=\"auto, (max-width: 980px) 100vw, 980px\" \/><\/figure><\/div>\n\n\n\n<p><\/p>\n\n\n\n<p><\/p>\n\n\n\n<div class=\"wp-block-media-text alignwide is-stacked-on-mobile is-image-fill\"><figure class=\"wp-block-media-text__media\" style=\"background-image:url(https:\/\/beaverscrown.de\/wp-content\/uploads\/2022\/06\/2022.jpg);background-position:50% 50%\"><img data-recalc-dims=\"1\" loading=\"lazy\" decoding=\"async\" width=\"766\" height=\"918\" src=\"https:\/\/i0.wp.com\/beaverscrown.de\/wp-content\/uploads\/2022\/06\/2022.jpg?resize=766%2C918&#038;ssl=1\" alt=\"\" class=\"wp-image-1747 size-full\" srcset=\"https:\/\/i0.wp.com\/beaverscrown.de\/wp-content\/uploads\/2022\/06\/2022.jpg?w=766&amp;ssl=1 766w, https:\/\/i0.wp.com\/beaverscrown.de\/wp-content\/uploads\/2022\/06\/2022.jpg?resize=250%2C300&amp;ssl=1 250w, https:\/\/i0.wp.com\/beaverscrown.de\/wp-content\/uploads\/2022\/06\/2022.jpg?resize=324%2C388&amp;ssl=1 324w, https:\/\/i0.wp.com\/beaverscrown.de\/wp-content\/uploads\/2022\/06\/2022.jpg?resize=416%2C499&amp;ssl=1 416w\" sizes=\"auto, (max-width: 766px) 100vw, 766px\" \/><\/figure><div class=\"wp-block-media-text__content\">\n<p class=\"has-large-font-size\">Freie Illustration der Biberacher \u201eSch\u00fctzenzone\u201c<\/p>\n\n\n\n<p>Unter zahlreichen Einreichungen hat sich letztlich Lisa F\u00fcrst aus Biberach durchgesetzt. Ihre Illustration ist eine eine Art fr\u00f6hlicher Stadtplan der Biberacher \u201eSch\u00fctzenzone\u201c mit vielen Details.<\/p>\n\n\n\n<p>Sie selbst ist Designerin und K\u00fcnstlerin und macht neben Pop-up Karten, verschiedenen Pattern Designs auch Illustrationen f\u00fcr B\u00fccher. Mehr zu ihrer Arbeit unter <a href=\"https:\/\/www.atelierbc.de\/\" data-type=\"URL\" data-id=\"https:\/\/www.atelierbc.de\/\" target=\"_blank\" rel=\"noreferrer noopener\">atelierbc.de <\/a><\/p>\n<\/div><\/div>\n\n\n\n<p><\/p>\n\n\n\n<p><\/p>\n\n\n\n<div class=\"wp-block-media-text alignwide has-media-on-the-right is-stacked-on-mobile is-image-fill\"><div class=\"wp-block-media-text__content\">\n<p class=\"has-large-font-size\">Vielen Dank an alle TeilnehmerInnen!<\/p>\n\n\n\n<p>Wir waren wirklich beeindruckt mit wie viel Liebe und Kreativit\u00e4t alle TeilnehmerInnen  unterschiedliche Kunstwerke und Designs kreierten. Neben handgemalten Gem\u00e4lden, Skizzen, Fotoillustrationen und fertigen Labeln war alles dabei. <\/p>\n\n\n\n<p>Wir danken an dieser Stelle allen TeilnehmerInnen, ohne euch w\u00e4re dieser Wettbewerb und solch ein Resultat nicht m\u00f6glich gewesen!<br><br><\/p>\n<\/div><figure class=\"wp-block-media-text__media\" style=\"background-image:url(https:\/\/beaverscrown.de\/wp-content\/uploads\/2022\/06\/EinreichungenAuswahl-1024x831.png);background-position:50% 50%\"><img data-recalc-dims=\"1\" loading=\"lazy\" decoding=\"async\" width=\"980\" height=\"795\" src=\"https:\/\/i0.wp.com\/beaverscrown.de\/wp-content\/uploads\/2022\/06\/EinreichungenAuswahl.png?resize=980%2C795&#038;ssl=1\" alt=\"\" class=\"wp-image-1748 size-large\" srcset=\"https:\/\/i0.wp.com\/beaverscrown.de\/wp-content\/uploads\/2022\/06\/EinreichungenAuswahl.png?resize=1024%2C831&amp;ssl=1 1024w, https:\/\/i0.wp.com\/beaverscrown.de\/wp-content\/uploads\/2022\/06\/EinreichungenAuswahl.png?resize=300%2C243&amp;ssl=1 300w, https:\/\/i0.wp.com\/beaverscrown.de\/wp-content\/uploads\/2022\/06\/EinreichungenAuswahl.png?resize=768%2C623&amp;ssl=1 768w, https:\/\/i0.wp.com\/beaverscrown.de\/wp-content\/uploads\/2022\/06\/EinreichungenAuswahl.png?resize=1536%2C1247&amp;ssl=1 1536w, https:\/\/i0.wp.com\/beaverscrown.de\/wp-content\/uploads\/2022\/06\/EinreichungenAuswahl.png?resize=2048%2C1662&amp;ssl=1 2048w, https:\/\/i0.wp.com\/beaverscrown.de\/wp-content\/uploads\/2022\/06\/EinreichungenAuswahl.png?resize=324%2C263&amp;ssl=1 324w, https:\/\/i0.wp.com\/beaverscrown.de\/wp-content\/uploads\/2022\/06\/EinreichungenAuswahl.png?resize=416%2C338&amp;ssl=1 416w, https:\/\/i0.wp.com\/beaverscrown.de\/wp-content\/uploads\/2022\/06\/EinreichungenAuswahl.png?w=1960&amp;ssl=1 1960w\" sizes=\"auto, (max-width: 980px) 100vw, 980px\" \/><\/figure><\/div>\n\n\n\n<p><\/p>\n\n\n\n<p><\/p>\n\n\n\n<div class=\"wp-block-media-text alignwide is-stacked-on-mobile\"><figure class=\"wp-block-media-text__media\"><img data-recalc-dims=\"1\" loading=\"lazy\" decoding=\"async\" width=\"980\" height=\"735\" src=\"https:\/\/i0.wp.com\/beaverscrown.de\/wp-content\/uploads\/2022\/06\/8BFA328C-7BFD-4A0A-A4CD-F38D508D691B.jpeg?resize=980%2C735&#038;ssl=1\" alt=\"\" class=\"wp-image-1766 size-full\" srcset=\"https:\/\/i0.wp.com\/beaverscrown.de\/wp-content\/uploads\/2022\/06\/8BFA328C-7BFD-4A0A-A4CD-F38D508D691B-scaled.jpeg?resize=1024%2C768&amp;ssl=1 1024w, https:\/\/i0.wp.com\/beaverscrown.de\/wp-content\/uploads\/2022\/06\/8BFA328C-7BFD-4A0A-A4CD-F38D508D691B-scaled.jpeg?resize=300%2C225&amp;ssl=1 300w, https:\/\/i0.wp.com\/beaverscrown.de\/wp-content\/uploads\/2022\/06\/8BFA328C-7BFD-4A0A-A4CD-F38D508D691B-scaled.jpeg?resize=768%2C576&amp;ssl=1 768w, https:\/\/i0.wp.com\/beaverscrown.de\/wp-content\/uploads\/2022\/06\/8BFA328C-7BFD-4A0A-A4CD-F38D508D691B-scaled.jpeg?resize=1536%2C1152&amp;ssl=1 1536w, https:\/\/i0.wp.com\/beaverscrown.de\/wp-content\/uploads\/2022\/06\/8BFA328C-7BFD-4A0A-A4CD-F38D508D691B-scaled.jpeg?resize=2048%2C1536&amp;ssl=1 2048w, https:\/\/i0.wp.com\/beaverscrown.de\/wp-content\/uploads\/2022\/06\/8BFA328C-7BFD-4A0A-A4CD-F38D508D691B-scaled.jpeg?resize=324%2C243&amp;ssl=1 324w, https:\/\/i0.wp.com\/beaverscrown.de\/wp-content\/uploads\/2022\/06\/8BFA328C-7BFD-4A0A-A4CD-F38D508D691B-scaled.jpeg?resize=416%2C312&amp;ssl=1 416w, https:\/\/i0.wp.com\/beaverscrown.de\/wp-content\/uploads\/2022\/06\/8BFA328C-7BFD-4A0A-A4CD-F38D508D691B-scaled.jpeg?w=1960&amp;ssl=1 1960w\" sizes=\"auto, (max-width: 980px) 100vw, 980px\" \/><\/figure><div class=\"wp-block-media-text__content\">\n<p class=\"has-large-font-size\">F\u00fcr den guten Zweck<\/p>\n\n\n\n<p>Gewonnen hat nicht nur Lisa F\u00fcrst und ihre Illustration, sondern vor allem die gute Sache. Round Table 75 Biberach spendet an eine wohlt\u00e4tige Sache ihrer Wahl 1.000\u20ac. Die Spende geht an DRK Gl\u00fccksmomente. Gl\u00fccksmomente richtet sich an unheilbar kranke Menschen jeden Alters, denen ein letzter Herzenswunsch erf\u00fcllt wird, weil sie es aus eigener Kraft nicht mehr k\u00f6nnen. <\/p>\n\n\n\n<p>Wenn auch ihr die gute Sache unterst\u00fctzen wollt, dann kauft jetzt einen Gin und unterst\u00fctzt damit gemeinn\u00fctzige Projekte rund um Biberach.<\/p>\n<\/div><\/div>\n\n\n\n<p><\/p>\n\n\n\n<h2 class=\"wp-block-heading\">Co-creators<\/h2>\n\n\n\n<div class=\"wp-block-media-text alignwide is-stacked-on-mobile\" style=\"grid-template-columns:30% auto\"><figure class=\"wp-block-media-text__media\"><img data-recalc-dims=\"1\" loading=\"lazy\" decoding=\"async\" width=\"980\" height=\"561\" src=\"https:\/\/i0.wp.com\/beaverscrown.de\/wp-content\/uploads\/2022\/06\/abc_ganz_web.jpeg?resize=980%2C561&#038;ssl=1\" alt=\"\" class=\"wp-image-1751 size-full\" srcset=\"https:\/\/i0.wp.com\/beaverscrown.de\/wp-content\/uploads\/2022\/06\/abc_ganz_web.jpeg?resize=1024%2C586&amp;ssl=1 1024w, https:\/\/i0.wp.com\/beaverscrown.de\/wp-content\/uploads\/2022\/06\/abc_ganz_web.jpeg?resize=300%2C172&amp;ssl=1 300w, https:\/\/i0.wp.com\/beaverscrown.de\/wp-content\/uploads\/2022\/06\/abc_ganz_web.jpeg?resize=768%2C440&amp;ssl=1 768w, https:\/\/i0.wp.com\/beaverscrown.de\/wp-content\/uploads\/2022\/06\/abc_ganz_web.jpeg?resize=324%2C185&amp;ssl=1 324w, https:\/\/i0.wp.com\/beaverscrown.de\/wp-content\/uploads\/2022\/06\/abc_ganz_web.jpeg?resize=416%2C238&amp;ssl=1 416w, https:\/\/i0.wp.com\/beaverscrown.de\/wp-content\/uploads\/2022\/06\/abc_ganz_web.jpeg?w=1048&amp;ssl=1 1048w\" sizes=\"auto, (max-width: 980px) 100vw, 980px\" \/><\/figure><div class=\"wp-block-media-text__content\">\n<p class=\"has-large-font-size\"><strong>ATELIER BC<\/strong>&nbsp;\/ Surface Pattern Design &amp; Illustration \/ Biberach<\/p>\n\n\n\n<p>Sch\u00fctzen Edition 2022<\/p>\n\n\n\n<p><a rel=\"noreferrer noopener\" href=\"http:\/\/www.atelierbc.de\" data-type=\"URL\" data-id=\"www.atelierbc.de\" target=\"_blank\">www.atelierbc.de<\/a><\/p>\n<\/div><\/div>\n\n\n\n<p><\/p>\n\n\n\n<p><\/p>\n\n\n\n<div class=\"wp-block-media-text alignwide is-stacked-on-mobile\" style=\"grid-template-columns:30% auto\"><figure class=\"wp-block-media-text__media\"><img data-recalc-dims=\"1\" loading=\"lazy\" decoding=\"async\" width=\"530\" height=\"162\" src=\"https:\/\/i0.wp.com\/beaverscrown.de\/wp-content\/uploads\/2021\/02\/logo_etikett_de.png?resize=530%2C162&#038;ssl=1\" alt=\"\" class=\"wp-image-416 size-full\" srcset=\"https:\/\/i0.wp.com\/beaverscrown.de\/wp-content\/uploads\/2021\/02\/logo_etikett_de.png?w=530&amp;ssl=1 530w, https:\/\/i0.wp.com\/beaverscrown.de\/wp-content\/uploads\/2021\/02\/logo_etikett_de.png?resize=300%2C92&amp;ssl=1 300w, https:\/\/i0.wp.com\/beaverscrown.de\/wp-content\/uploads\/2021\/02\/logo_etikett_de.png?resize=324%2C99&amp;ssl=1 324w, https:\/\/i0.wp.com\/beaverscrown.de\/wp-content\/uploads\/2021\/02\/logo_etikett_de.png?resize=416%2C127&amp;ssl=1 416w\" sizes=\"auto, (max-width: 530px) 100vw, 530px\" \/><\/figure><div class=\"wp-block-media-text__content\">\n<p class=\"has-large-font-size\"><strong>Etikett.de <\/strong>\/ B2B-Etikettendruckerei \/ F\u00f6hren&nbsp;<\/p>\n\n\n\n<p><a href=\"https:\/\/etikett.de\/\" target=\"_blank\" rel=\"noreferrer noopener\">www.etikett.de<\/a><\/p>\n<\/div><\/div>\n\n\n\n<p><\/p>\n","protected":false},"excerpt":{"rendered":"<p>Label-Design-Wettbewerb Nach zwei Jahren &#8222;Sch\u00fctza dahoim&#8220; wird es endlich mal wieder Zeit das sch\u00f6nste Heimatfest der Welt wieder richtig zu feiern und dazu einen ganz besonderen Gin zu genie\u00dfen. Deshalb haben wir vom Round Table 75 Biberach einen Label-Design-Wettbewerb ausgeschrieben, um ein Etikett ganz im Zeichen des Sch\u00fctzenfestes, der Freude, der Traditionen und der Sch\u00fctzenfarben [&hellip;]<\/p>\n","protected":false},"author":1,"featured_media":0,"parent":0,"menu_order":0,"comment_status":"closed","ping_status":"closed","template":"","meta":{"footnotes":""},"class_list":["post-1745","page","type-page","status-publish","hentry"],"jetpack_sharing_enabled":true,"_links":{"self":[{"href":"https:\/\/beaverscrown.de\/index.php\/wp-json\/wp\/v2\/pages\/1745","targetHints":{"allow":["GET"]}}],"collection":[{"href":"https:\/\/beaverscrown.de\/index.php\/wp-json\/wp\/v2\/pages"}],"about":[{"href":"https:\/\/beaverscrown.de\/index.php\/wp-json\/wp\/v2\/types\/page"}],"author":[{"embeddable":true,"href":"https:\/\/beaverscrown.de\/index.php\/wp-json\/wp\/v2\/users\/1"}],"replies":[{"embeddable":true,"href":"https:\/\/beaverscrown.de\/index.php\/wp-json\/wp\/v2\/comments?post=1745"}],"version-history":[{"count":8,"href":"https:\/\/beaverscrown.de\/index.php\/wp-json\/wp\/v2\/pages\/1745\/revisions"}],"predecessor-version":[{"id":2237,"href":"https:\/\/beaverscrown.de\/index.php\/wp-json\/wp\/v2\/pages\/1745\/revisions\/2237"}],"wp:attachment":[{"href":"https:\/\/beaverscrown.de\/index.php\/wp-json\/wp\/v2\/media?parent=1745"}],"curies":[{"name":"wp","href":"https:\/\/api.w.org\/{rel}","templated":true}]}}