{"id":1691,"date":"2022-04-08T13:47:58","date_gmt":"2022-04-08T12:47:58","guid":{"rendered":"https:\/\/beaverscrown.de\/?page_id=1691"},"modified":"2024-04-13T19:19:23","modified_gmt":"2024-04-13T18:19:23","slug":"teilnahmebedingungen","status":"publish","type":"page","link":"https:\/\/beaverscrown.de\/index.php\/schuetzen-edition-2024\/teilnahmebedingungen\/","title":{"rendered":"Teilnahmebedingungen"},"content":{"rendered":"\n<p><strong>Teilnahmebedingungen Design-Wettbewerb \u201eSch\u00fctzen mitgestalten\u201c<\/strong><strong><\/strong><\/p>\n\n\n\n<p>Diese Teilnahmebedingungen gelten f\u00fcr die Teilnahme am Design-Wettbewerb \u201eSch\u00fctzen mitgestalten\u201c des \u201cF\u00f6rderverein von Round Table 75 Biberach e. V. \u201d (nachfolgend bezeichnet als \u201cWettbewerb\u201c). Veranstalter des Wettbewerbs und die datenschutzrechtlich verantwortliche Stelle ist der F\u00f6rderverein von Round Table 75 Biberach e.V., vertreten durch Rolf Schlagentweith, Georg-Schinbain-Str. 121, 88400 Biberach. Mit der Teilnahme am Wettbewerb werden die Teilnahmebedingungen von den Teilnehmern akzeptiert. Unter dem im Folgenden verwendeten Begriff \u201cInhalte\u201d sind alle von den Teilnehmern im Rahmen des Wettbewerbs eingereichten und mitgeteilten Inhalte sowie Informationen, wie zum Beispiel Fotos, Grafiken, Videos, Texte, Kommentare oder sonstige Angaben \u00fcber Orte \/ Personen zu verstehen. Die verwendeten personenbezogenen Begriffe, wie zum Beispiel \u201cTeilnehmer\u201d sind geschlechtsunspezifisch und gelten in gleicher Weise f\u00fcr weibliche sowie m\u00e4nnliche Teilnehmer.<\/p>\n\n\n\n<p><strong>Voraussetzungen f\u00fcr die Teilnahme<\/strong><\/p>\n\n\n\n<p>Zur Teilnahme m\u00fcssen die Teilnehmer das Etikett bzw. ein eigenes Design f\u00fcr die Beaver\u2019s Crown Gin Flasche entwerfen und per E-Mail oder \u00fcber das Onlineformular auf <a href=\"http:\/\/www.beaverscrown.de\">www.beaverscrown.de<\/a> einreichen.<\/p>\n\n\n\n<p>Teilnehmen k\u00f6nnen alle Personen ab 18 Jahren, die ihren Wohnsitz in Deutschland haben. Bei Teilnehmern unter 18 Jahren, muss die Einreichung durch und mit Einverst\u00e4ndniserkl\u00e4rung der Eltern erfolgen.<\/p>\n\n\n\n<p>Der Veranstalter beh\u00e4lt sich das Recht vor, Teilnehmer, die manipulieren oder anderweitig gegen diese Teilnahmebedingungen versto\u00dfen, jederzeit und ohne Vorank\u00fcndigung von der Teilnahme des Wettbewerbs auszuschlie\u00dfen.<\/p>\n\n\n\n<p><strong>Gewinnerbenachrichtigung, Gewinn und Gewinnanspruch<\/strong><\/p>\n\n\n\n<p>Unter allen Entw\u00fcrfen k\u00fcrt das Round-Table-Pr\u00e4sidium im Anschluss an den Teilnahmeschluss das Gewinner Design und damit den Gewinner. Im Anschluss wird der Gewinner per Mail oder alternativ telefonisch benachrichtigt. Best\u00e4tigt ein Teilnehmer die Annahme des Gewinns nicht innerhalb einer Frist von 14 Tagen, verf\u00e4llt der Gewinn und der n\u00e4chstplatzierte wird als Gewinner benachrichtigt.<\/p>\n\n\n\n<p>Das Gewinner-Etikett wird dann die Flaschen der Beaver&#8217;s-Crown-Sch\u00fctzenedition 2024 zieren. Zus\u00e4tzlich darf der Gewinner \u00fcber Spendengelder in H\u00f6he von 1.000 Euro entscheiden und diese einer gemeinn\u00fctzigen Organisation seiner Wahl im Landkreis Biberach zukommen lassen.<\/p>\n\n\n\n<p>Selbstverst\u00e4ndlich kommen auch die Ertr\u00e4ge aus dem Verkauf der Beaver&#8217;s-Crown-Sch\u00fctzenedition wieder vollst\u00e4ndig dem guten Zweck in Biberach und der Umgebung zugute. Der Gin wird wie gewohnt \u00fcber den Online-Shop www.beaverscrown.de oder im Biberacher Einzelhandel erh\u00e4ltlich sein.<br><br><\/p>\n\n\n\n<p>Eine Auszahlung des Gewinns in bar, in Sachwerten, deren Tausch oder \u00dcbertragung auf andere Personen ist nicht m\u00f6glich.<\/p>\n\n\n\n<p><strong>Einr\u00e4umung von Nutzungsrechten und Namensnennung<\/strong><\/p>\n\n\n\n<p>Die Teilnehmer r\u00e4umen dem Veranstalter unentgeltlich, zeitlich und \u00f6rtlich unbeschr\u00e4nkt das einfache Recht ein, die von ihnen im Rahmen des Wettbewerbs an den Veranstalter ver\u00f6ffentlichten Inhalte zu vervielf\u00e4ltigen, zu verbreiten, \u00f6ffentlich zug\u00e4nglich zu machen, zu senden, zu bearbeiten sowie die Wahrnehmung dieser Rechte auf beauftragte Dritte wie zum Beispiel technische Dienstleister zu \u00fcbertragen. Der Veranstalter wird den Namen der Teilnehmer, sofern zul\u00e4ssig und nicht unerw\u00fcnscht, grunds\u00e4tzlich im Zusammenhang mit deren Inhalten angeben, beh\u00e4lt sich jedoch das Recht vor, auf die Namensnennung zu verzichten. Die Einr\u00e4umung der Nutzungsrechte erfolgt zeitlich unbeschr\u00e4nkt bis zum Widerruf durch die Nutzer. Die gesetzlichen Widerrufsrechte bleiben unber\u00fchrt.<\/p>\n\n\n\n<p>Die Teilnehmer erkl\u00e4ren sich damit einverstanden, dass deren Namen im Zusammenhang mit dem Wettbewerb, der Auslosung, Abwicklung oder Pr\u00e4sentation der Teilnehmerbeitr\u00e4ge von dem Veranstalter oder von ihm beauftragten Dritten in Online- wie Offlinemedien (zum Beispiel auf der Facebookseite, Instagram, Website oder im Printbereich wie zum Beispiel BIKO oder Schw\u00e4bische Zeitung) Dritten \u00f6ffentlich bekannt gegeben werden.<\/p>\n\n\n\n<p><strong>Verhaltensregeln \/ Verantwortlichkeit<\/strong><\/p>\n\n\n\n<p>Der Veranstalter ist f\u00fcr das Verhalten und die im Rahmen der Gewinnspielaktion durch die Teilnehmer publizierten Inhalte nicht verantwortlich und macht sich diese nicht zu Eigen. Er ist ferner nicht zu deren Pr\u00fcfung verpflichtet.<\/p>\n\n\n\n<p>Die Teilnehmer haben sicherzustellen, dass ihnen an den Inhalten die notwendigen Nutzungsrechte zustehen und deren Vervielf\u00e4ltigung, \u00f6ffentliche Zug\u00e4nglichmachung oder Bearbeitung der Inhalte durch den Veranstalter sowie durch die von ihm beauftragten Personen nicht gegen gesetzliche Vorschriften, die guten Sitten und\/oder gegen Rechte Dritter verst\u00f6\u00dft.<\/p>\n\n\n\n<p>Insbesondere wenn auf Fotos oder Videos neben den Teilnehmer noch andere Personen zu erkennen sind, ist deren Einreichung nur erlaubt, soweit die Zustimmung des bzw. der Dritten hierzu vorliegt und die Pers\u00f6nlichkeitsrechte Dritter nicht verletzt werden.<\/p>\n\n\n\n<p>Soweit der Veranstalter wegen unzul\u00e4ssiger Inhalte oder sonstigen Gesetzesverst\u00f6\u00dfen in Anspruch genommen wird, die von dem Teilnehmer zu vertreten sind, stellt der Teilnehmer den Veranstalter auf erstes Anfordern frei und unterst\u00fctzt den Veranstalter bei der Abwehr der Anspr\u00fcche. Die Freistellung umfasst die erforderlichen Rechtsverfolgungskosten.<\/p>\n\n\n\n<p><strong>Ausschluss der Gew\u00e4hrleistung<\/strong><\/p>\n\n\n\n<p>Der Veranstalter weist darauf hin, dass die Verf\u00fcgbarkeit und Funktion des Wettbewerbs nicht gew\u00e4hrleistet werden kann. Der Wettbewerb kann aufgrund von \u00e4u\u00dferen Umst\u00e4nden und Zw\u00e4ngen beendet oder entfernt werden, ohne dass hieraus Anspr\u00fcche der Teilnehmer gegen\u00fcber dem Veranstalter entstehen. Zu den \u00e4u\u00dferen Umst\u00e4nden und Zw\u00e4ngen geh\u00f6ren technische Probleme, gesetzliche \u00c4nderungen oder nicht im Einflussbereich des Veranstalters liegende und zwingende Ma\u00dfnahmen Dritter. Der Rechtsweg ist im Hinblick auf die Beurteilung der Inhalte der eingereichten Wettbewerbsbeitr\u00e4ge ausgeschlossen.<\/p>\n\n\n\n<p><strong>Haftungseinschr\u00e4nkung<\/strong><\/p>\n\n\n\n<p>F\u00fcr eine Haftung des Veranstalters auf Schadensersatz gelten unbeschadet der sonstigen gesetzlichen Anspruchsvoraussetzungen folgende Haftungsausschl\u00fcsse und Haftungsbegrenzungen:<\/p>\n\n\n\n<p>Der Veranstalter haftet unbeschr\u00e4nkt, soweit die Schadensursache auf Vorsatz oder grober Fahrl\u00e4ssigkeit beruht. Ferner haftet der Veranstalter f\u00fcr die leicht fahrl\u00e4ssige Verletzung von wesentlichen Pflichten, deren Verletzung die Erreichung des Vertragszwecks gef\u00e4hrdet, oder f\u00fcr die Verletzung von Pflichten, deren Erf\u00fcllung die ordnungsgem\u00e4\u00dfe Durchf\u00fchrung der Gewinnspielaktion \u00fcberhaupt erst erm\u00f6glichen und auf deren Einhaltung die Vertragspartner regelm\u00e4\u00dfig vertrauen. In diesem Fall haftet der Veranstalter jedoch nur f\u00fcr den vorhersehbaren, vertragstypischen Schaden. Der Veranstalter haftet nicht f\u00fcr die leicht fahrl\u00e4ssige Verletzung anderer als der in den vorstehenden S\u00e4tzen genannten Pflichten.<\/p>\n\n\n\n<p>Die vorstehenden Haftungsbeschr\u00e4nkungen gelten nicht bei Verletzung von Leben, K\u00f6rper und Gesundheit, f\u00fcr einen Mangel nach \u00dcbernahme von Beschaffenheitsgarantien f\u00fcr die Beschaffenheit eines Produktes und bei arglistig verschwiegenen M\u00e4ngeln. Die Haftung nach dem Produkthaftungsgesetz bleibt unber\u00fchrt. Soweit die Haftung des Veranstalters ausgeschlossen oder beschr\u00e4nkt ist, gilt dies auch f\u00fcr die pers\u00f6nliche Haftung von seinen Arbeitnehmern, Vertretern und Erf\u00fcllungsgehilfen.<\/p>\n","protected":false},"excerpt":{"rendered":"<p>Teilnahmebedingungen Design-Wettbewerb \u201eSch\u00fctzen mitgestalten\u201c Diese Teilnahmebedingungen gelten f\u00fcr die Teilnahme am Design-Wettbewerb \u201eSch\u00fctzen mitgestalten\u201c des \u201cF\u00f6rderverein von Round Table 75 Biberach e. V. \u201d (nachfolgend bezeichnet als \u201cWettbewerb\u201c). Veranstalter des Wettbewerbs und die datenschutzrechtlich verantwortliche Stelle ist der F\u00f6rderverein von Round Table 75 Biberach e.V., vertreten durch Rolf Schlagentweith, Georg-Schinbain-Str. 121, 88400 Biberach. Mit der [&hellip;]<\/p>\n","protected":false},"author":1,"featured_media":0,"parent":1680,"menu_order":0,"comment_status":"closed","ping_status":"closed","template":"template-fullwidth.php","meta":{"footnotes":""},"class_list":["post-1691","page","type-page","status-publish","hentry"],"jetpack_sharing_enabled":true,"_links":{"self":[{"href":"https:\/\/beaverscrown.de\/index.php\/wp-json\/wp\/v2\/pages\/1691","targetHints":{"allow":["GET"]}}],"collection":[{"href":"https:\/\/beaverscrown.de\/index.php\/wp-json\/wp\/v2\/pages"}],"about":[{"href":"https:\/\/beaverscrown.de\/index.php\/wp-json\/wp\/v2\/types\/page"}],"author":[{"embeddable":true,"href":"https:\/\/beaverscrown.de\/index.php\/wp-json\/wp\/v2\/users\/1"}],"replies":[{"embeddable":true,"href":"https:\/\/beaverscrown.de\/index.php\/wp-json\/wp\/v2\/comments?post=1691"}],"version-history":[{"count":4,"href":"https:\/\/beaverscrown.de\/index.php\/wp-json\/wp\/v2\/pages\/1691\/revisions"}],"predecessor-version":[{"id":2236,"href":"https:\/\/beaverscrown.de\/index.php\/wp-json\/wp\/v2\/pages\/1691\/revisions\/2236"}],"up":[{"embeddable":true,"href":"https:\/\/beaverscrown.de\/index.php\/wp-json\/wp\/v2\/pages\/1680"}],"wp:attachment":[{"href":"https:\/\/beaverscrown.de\/index.php\/wp-json\/wp\/v2\/media?parent=1691"}],"curies":[{"name":"wp","href":"https:\/\/api.w.org\/{rel}","templated":true}]}}