{"id":1680,"date":"2022-04-07T21:16:52","date_gmt":"2022-04-07T20:16:52","guid":{"rendered":"https:\/\/beaverscrown.de\/?page_id=1680"},"modified":"2024-07-24T20:52:40","modified_gmt":"2024-07-24T19:52:40","slug":"schuetzen-edition-2024","status":"publish","type":"page","link":"https:\/\/beaverscrown.de\/index.php\/schuetzen-edition-2024\/","title":{"rendered":"Sch\u00fctzenedition 2024"},"content":{"rendered":"\n<p>Die belebende Frische von Minze vereint sich in dieser limitierten Edition mit der spritzigen Zitrusnote von Limette zu einem unvergleichlich erfrischenden und harmonischen Geschmackserlebnis. Perfekt f\u00fcr sonnige Tage und laue Sch\u00fctzenn\u00e4chte.<\/p>\n\n\n\n<div class=\"wp-block-cover\" style=\"min-height:782px;aspect-ratio:unset;\"><span aria-hidden=\"true\" class=\"wp-block-cover__background has-background-dim\"><\/span><img data-recalc-dims=\"1\" loading=\"lazy\" decoding=\"async\" width=\"860\" height=\"1024\" class=\"wp-block-cover__image-background wp-image-2277\" alt=\"\" src=\"https:\/\/i0.wp.com\/beaverscrown.de\/wp-content\/uploads\/2024\/05\/IMG_1219-3-1.jpg?resize=860%2C1024&#038;ssl=1\" style=\"object-position:58% 76%\" data-object-fit=\"cover\" data-object-position=\"58% 76%\" srcset=\"https:\/\/i0.wp.com\/beaverscrown.de\/wp-content\/uploads\/2024\/05\/IMG_1219-3-1-scaled.jpg?resize=860%2C1024&amp;ssl=1 860w, https:\/\/i0.wp.com\/beaverscrown.de\/wp-content\/uploads\/2024\/05\/IMG_1219-3-1-scaled.jpg?resize=252%2C300&amp;ssl=1 252w, https:\/\/i0.wp.com\/beaverscrown.de\/wp-content\/uploads\/2024\/05\/IMG_1219-3-1-scaled.jpg?resize=768%2C914&amp;ssl=1 768w, https:\/\/i0.wp.com\/beaverscrown.de\/wp-content\/uploads\/2024\/05\/IMG_1219-3-1-scaled.jpg?resize=1290%2C1536&amp;ssl=1 1290w, https:\/\/i0.wp.com\/beaverscrown.de\/wp-content\/uploads\/2024\/05\/IMG_1219-3-1-scaled.jpg?resize=1721%2C2048&amp;ssl=1 1721w, https:\/\/i0.wp.com\/beaverscrown.de\/wp-content\/uploads\/2024\/05\/IMG_1219-3-1-scaled.jpg?resize=324%2C386&amp;ssl=1 324w, https:\/\/i0.wp.com\/beaverscrown.de\/wp-content\/uploads\/2024\/05\/IMG_1219-3-1-scaled.jpg?resize=416%2C495&amp;ssl=1 416w, https:\/\/i0.wp.com\/beaverscrown.de\/wp-content\/uploads\/2024\/05\/IMG_1219-3-1-scaled.jpg?w=1960&amp;ssl=1 1960w\" sizes=\"auto, (max-width: 860px) 100vw, 860px\" \/><div class=\"wp-block-cover__inner-container is-layout-flow wp-block-cover-is-layout-flow\">\n<p class=\"has-text-align-center has-large-font-size\"><\/p>\n<\/div><\/div>\n\n\n\n<p>R<strong>ezeptempfehlung f\u00fcr alle, die Sch\u00fctzen zuhause genie\u00dfen wollen<\/strong><\/p>\n\n\n\n<p><span style=\"text-decoration: underline;\">Zutaten:<\/span><\/p>\n\n\n\n<ul class=\"wp-block-list\">\n<li>5 cl Sch\u00fctzengin 2024er Edition<\/li>\n\n\n\n<li>10 cl Limoncello<\/li>\n\n\n\n<li>10 cl Prosecco oder Wei\u00dfwein<\/li>\n\n\n\n<li>10 cl Bitter Lemon<\/li>\n\n\n\n<li>10 cl Sprudelwasser<\/li>\n\n\n\n<li>Eisw\u00fcrfel<\/li>\n\n\n\n<li>Garniere mit einer Zitronenscheibe und Minze<\/li>\n<\/ul>\n\n\n\n<p>Falls dies zu s\u00fc\u00df ist, mit 1-2 Tropfen Angostura Bitter abschmecken<\/p>\n\n\n\n<p><\/p>\n\n\n\n<div class=\"wp-block-media-text alignwide has-media-on-the-right is-stacked-on-mobile is-image-fill\"><div class=\"wp-block-media-text__content\">\n<p class=\"has-large-font-size\">Die Story hinter der Sch\u00fctzenedition 2024<\/p>\n\n\n\n<p>Auch in diesem Jahr sollte wieder eine Sonderedition des Beaver&#8217;s Crown erscheinen. Anlass ist jedes Jahr die wohl sch\u00f6nste Zeit im Biberacher Jahreskalender: Das Sch\u00fctzenfest.<\/p>\n\n\n\n<p>Nachdem im vergangenen Jahr das Design von einer KI generiert wurde, sollte in diesem Jahr wieder ein Wettbewerb ausgeschrieben werden an dem K\u00fcnstler, Designer und jene, die es werden wollen,  dazu aufgerufen wurden, ihre Interpretation eines Sch\u00fctzenlabels einzureichen. Ein Label, ganz im Zeichen des Sch\u00fctzenfestes, der Freude, der Traditionen, der Sch\u00fctzenfarben und vielleicht auch der ganz eigenen pers\u00f6nlichen Geschichte oder Bedeutung.<\/p>\n\n\n\n<p>Unter den zahlreichen Einsendungen k\u00fcrte das Pr\u00e4sidium des Round Tables am Ende ein Gewinneretikett. Dieses ziert die 500 Flaschen der Sch\u00fctzenedition 2024 des Beaver&#8217;s Crowns. Zus\u00e4tzlich durfte der Gewinner \u00fcber Spendengelder in H\u00f6he von 1.000 Euro verf\u00fcgen und diese gemeinn\u00fctzigen Organisation seiner Wahl im Landkreis Biberach zukommen lassen.<\/p>\n\n\n\n<p>Das Gewinneretikett wurde von Moritz Bader handgemalt und zeigt einen exzentrischen Mix aus Vergangenheit, Gegenwart und Zukunft. Es steckt voller Biberacher Motive, die eng mit dem Sch\u00fctzenfest verbunden sind und bietet so zahlreiche Entdeckungsm\u00f6glichkeiten. <\/p>\n<\/div><figure class=\"wp-block-media-text__media\" style=\"background-image:url(https:\/\/beaverscrown.de\/wp-content\/uploads\/2022\/04\/SE-512x1024.jpg);background-position:50% 50%\"><img data-recalc-dims=\"1\" loading=\"lazy\" decoding=\"async\" width=\"512\" height=\"1024\" src=\"https:\/\/i0.wp.com\/beaverscrown.de\/wp-content\/uploads\/2022\/04\/SE.jpg?resize=512%2C1024&#038;ssl=1\" alt=\"\" class=\"wp-image-1682 size-full\" srcset=\"https:\/\/i0.wp.com\/beaverscrown.de\/wp-content\/uploads\/2022\/04\/SE.jpg?resize=512%2C1024&amp;ssl=1 512w, https:\/\/i0.wp.com\/beaverscrown.de\/wp-content\/uploads\/2022\/04\/SE.jpg?resize=150%2C300&amp;ssl=1 150w, https:\/\/i0.wp.com\/beaverscrown.de\/wp-content\/uploads\/2022\/04\/SE.jpg?resize=324%2C648&amp;ssl=1 324w, https:\/\/i0.wp.com\/beaverscrown.de\/wp-content\/uploads\/2022\/04\/SE.jpg?resize=416%2C832&amp;ssl=1 416w, https:\/\/i0.wp.com\/beaverscrown.de\/wp-content\/uploads\/2022\/04\/SE.jpg?w=540&amp;ssl=1 540w\" sizes=\"auto, (max-width: 512px) 100vw, 512px\" \/><\/figure><\/div>\n\n\n\n<p><\/p>\n\n\n\n<p><strong>Das Team hinter der Sch\u00fctzenedition<\/strong><\/p>\n\n\n\n<p>Da die Mitglieder bei Roundtable unter 40 Jahren sein m\u00fcssen, rotieren auch die<br>Personen, die sich bei der Entstehung, Vermarktung und dem Vertrieb unseres geliebten Beaver\u2018s Crown Gins einbringen.<\/p>\n\n\n\n<p>Trotz diesem stetigen Wandel verbindet jedoch alle Tabler die Wertsch\u00e4tzung sch\u00f6ner Traditionen und so war schnell klar, dass die Tradition eines \u201eSch\u00fctzen-Gins\u201c auch 2024 fortgef\u00fchrt wird.<\/p>\n\n\n\n<p><\/p>\n\n\n\n<p><strong>Schwierige Entscheidung beim Design, aber klarer Gewinner beim Geschmack<\/strong><\/p>\n\n\n\n<p>W\u00e4hrend die Auswahl des Gewinneretiketts wirklich schwer viel, da zahlreiche gute Einsendungen vorlagen, war die Wahl beim Geschmack diesmal schnell getroffen. Wie immer war klar, dass beim Geschmack das Ginteam pers\u00f6nlich verk\u00f6stigt und ausw\u00e4hlt.<br>Aus den gesammelten Geschmacksvorschl\u00e4gen wurden eine Auswahl zur Verkostung vorzubereitet. In kleiner geselliger Runde wurden nebst kulinarischen Leckerbissen, mehrere handverlesene und<br>geschmacklich v\u00f6llig unterschiedliche Proben verk\u00f6stigt. Der Gewinnergeschmack ist nun der Gin, der das Label \u201eSch\u00fctzenedition 2024\u201c tragen darf. Die belebende Frische von Minze kombiniert mit der spritzigen Zitrusnote der Limette vereint sich zu einem erfrischen und harmonischen Geschmackserlebnis, das nicht nur die Biberacher Sch\u00fctzenn\u00e4chte beleben wird.<\/p>\n","protected":false},"excerpt":{"rendered":"<p>Die belebende Frische von Minze vereint sich in dieser limitierten Edition mit der spritzigen Zitrusnote von Limette zu einem unvergleichlich erfrischenden und harmonischen Geschmackserlebnis. Perfekt f\u00fcr sonnige Tage und laue Sch\u00fctzenn\u00e4chte. Rezeptempfehlung f\u00fcr alle, die Sch\u00fctzen zuhause genie\u00dfen wollen Zutaten: Falls dies zu s\u00fc\u00df ist, mit 1-2 Tropfen Angostura Bitter abschmecken Die Story hinter der [&hellip;]<\/p>\n","protected":false},"author":70,"featured_media":0,"parent":0,"menu_order":1,"comment_status":"closed","ping_status":"closed","template":"template-fullwidth.php","meta":{"footnotes":""},"class_list":["post-1680","page","type-page","status-publish","hentry"],"jetpack_sharing_enabled":true,"_links":{"self":[{"href":"https:\/\/beaverscrown.de\/index.php\/wp-json\/wp\/v2\/pages\/1680","targetHints":{"allow":["GET"]}}],"collection":[{"href":"https:\/\/beaverscrown.de\/index.php\/wp-json\/wp\/v2\/pages"}],"about":[{"href":"https:\/\/beaverscrown.de\/index.php\/wp-json\/wp\/v2\/types\/page"}],"author":[{"embeddable":true,"href":"https:\/\/beaverscrown.de\/index.php\/wp-json\/wp\/v2\/users\/70"}],"replies":[{"embeddable":true,"href":"https:\/\/beaverscrown.de\/index.php\/wp-json\/wp\/v2\/comments?post=1680"}],"version-history":[{"count":23,"href":"https:\/\/beaverscrown.de\/index.php\/wp-json\/wp\/v2\/pages\/1680\/revisions"}],"predecessor-version":[{"id":2416,"href":"https:\/\/beaverscrown.de\/index.php\/wp-json\/wp\/v2\/pages\/1680\/revisions\/2416"}],"wp:attachment":[{"href":"https:\/\/beaverscrown.de\/index.php\/wp-json\/wp\/v2\/media?parent=1680"}],"curies":[{"name":"wp","href":"https:\/\/api.w.org\/{rel}","templated":true}]}}