{"id":1395,"date":"2021-06-30T13:00:00","date_gmt":"2021-06-30T12:00:00","guid":{"rendered":"https:\/\/beaverscrown.de\/?page_id=1395"},"modified":"2024-05-29T08:53:46","modified_gmt":"2024-05-29T07:53:46","slug":"schuetzen-edition-2021","status":"publish","type":"page","link":"https:\/\/beaverscrown.de\/index.php\/making-of\/schuetzen-edition-2021\/","title":{"rendered":"Sch\u00fctzenedition 2021"},"content":{"rendered":"<div data-block-name=\"woocommerce\/featured-product\" data-dim-ratio=\"30\" data-edit-mode=\"false\" data-focal-point='{\"x\":\"0.53\",\"y\":\"0.60\"}' data-product-id=\"1344\" data-show-desc=\"false\" class=\"wc-block-featured-product alignnone has-background-dim has-background-dim-30 wp-block-woocommerce-featured-product\" style=\"min-height:500px;\"><div class=\"wc-block-featured-product__wrapper\"><div class=\"background-dim__overlay\" style=\"background-color: #000000\"><\/div><img decoding=\"async\" alt=\"Beaver's Crown Gin - Sch&uuml;tzenedition 2021\" class=\"wc-block-featured-product__background-image\" src=\"https:\/\/i0.wp.com\/beaverscrown.de\/wp-content\/uploads\/2021\/06\/SchuetzenEdition2021.png?fit=514%2C1024&amp;ssl=1\" style=\"object-fit: none;object-position: 53% 60%;\"><h2 class=\"wc-block-featured-product__title\">Beaver&#8217;s Crown Gin &#8211; Sch&uuml;tzenedition 2021<\/h2><div class=\"wc-block-featured-product__price\"><span class=\"woocommerce-Price-amount amount\">29,75&nbsp;<span class=\"woocommerce-Price-currencySymbol\">&euro;<\/span><\/span><\/div><p class=\"wc-gzd-additional-info wc-gzd-additional-info-loop tax-info\">inkl. 19 % MwSt.<\/p><p class=\"wc-gzd-additional-info wc-gzd-additional-info-loop shipping-costs-info\">zzgl. <a href=\"https:\/\/beaverscrown.de\/index.php\/versandarten\/\" target=\"_blank\">Versandkosten<\/a><\/p><p class=\"wc-gzd-additional-info delivery-time-info wc-gzd-additional-info-loop\"><span class=\"delivery-time-inner delivery-time-ca-2-4-tage\">Lieferzeit: <span class=\"delivery-time-data\">ca. 2-4 Tage<\/span><\/span><\/p><div class=\"wc-block-featured-product__inner-blocks\">\n\n<div class=\"wp-block-buttons is-content-justification-center is-layout-flex wp-container-core-buttons-is-layout-a89b3969 wp-block-buttons-is-layout-flex\">\n<div class=\"wp-block-button\"><a class=\"wp-block-button__link wp-element-button\" href=\"https:\/\/beaverscrown.de\/index.php\/product\/beavers-crown-gin-schuetzen-edition-2021\/\">Jetzt einkaufen<\/a><\/div>\n<\/div>\n\n<\/div><\/div><\/div>\n\n\n\n<p><\/p>\n\n\n\n<div class=\"wp-block-media-text alignwide is-stacked-on-mobile is-image-fill\"><figure class=\"wp-block-media-text__media\" style=\"background-image:url(https:\/\/beaverscrown.de\/wp-content\/uploads\/2021\/06\/Abstand.jpeg);background-position:50% 50%\"><img data-recalc-dims=\"1\" loading=\"lazy\" decoding=\"async\" width=\"624\" height=\"624\" src=\"https:\/\/i0.wp.com\/beaverscrown.de\/wp-content\/uploads\/2021\/06\/Abstand.jpeg?resize=624%2C624&#038;ssl=1\" alt=\"\" class=\"wp-image-1402 size-full\" srcset=\"https:\/\/i0.wp.com\/beaverscrown.de\/wp-content\/uploads\/2021\/06\/Abstand.jpeg?w=624&amp;ssl=1 624w, https:\/\/i0.wp.com\/beaverscrown.de\/wp-content\/uploads\/2021\/06\/Abstand.jpeg?resize=300%2C300&amp;ssl=1 300w, https:\/\/i0.wp.com\/beaverscrown.de\/wp-content\/uploads\/2021\/06\/Abstand.jpeg?resize=150%2C150&amp;ssl=1 150w, https:\/\/i0.wp.com\/beaverscrown.de\/wp-content\/uploads\/2021\/06\/Abstand.jpeg?resize=324%2C324&amp;ssl=1 324w, https:\/\/i0.wp.com\/beaverscrown.de\/wp-content\/uploads\/2021\/06\/Abstand.jpeg?resize=416%2C416&amp;ssl=1 416w, https:\/\/i0.wp.com\/beaverscrown.de\/wp-content\/uploads\/2021\/06\/Abstand.jpeg?resize=100%2C100&amp;ssl=1 100w\" sizes=\"auto, (max-width: 624px) 100vw, 624px\" \/><\/figure><div class=\"wp-block-media-text__content\">\n<p class=\"has-large-font-size\">Eine neue Idee muss her<\/p>\n\n\n\n<p>Unser geliebtes Sch\u00fctzenfest zum zweiten Mal in Folge Corona-bedingt abgesagt&#8230; wo ist &#8222;Rund um mich her ist alles Freude&#8220; nur hin? <\/p>\n\n\n\n<p>&#8222;Sch\u00fctza dahoim&#8220; ist demnach das Motto dieses Jahr und was l\u00e4ge n\u00e4her, als unserem Heimatfest einen Gin zu widmen mit Sch\u00fctzen-Design, Sch\u00fctzen-Geschmack und &#8222;Rund um mich her ist alles Freude&#8220;.<br><br><\/p>\n<\/div><\/div>\n\n\n\n<p><\/p>\n\n\n\n<p><\/p>\n\n\n\n<div class=\"wp-block-media-text alignwide has-media-on-the-right is-stacked-on-mobile is-image-fill\"><div class=\"wp-block-media-text__content\">\n<p class=\"has-large-font-size\">Sch\u00fctzenkrapfen im Gin?<\/p>\n\n\n\n<p>Als Serve f\u00fcr den Beaver&#8217;s Crown Gin waren Himbeeren schon immer die Empfehlung. Angelehnt an den beliebten Sch\u00fctzenkrapfen wollten wir mit der Sch\u00fctzen Edition 2021 diesen leichten Himbeergeschmack in das Geschmackserlebnis des Gins selbst aufnehmen und den Gaumen ein wenig Sch\u00fctzen kredenzen.  <\/p>\n<\/div><figure class=\"wp-block-media-text__media\" style=\"background-image:url(https:\/\/beaverscrown.de\/wp-content\/uploads\/2021\/06\/PHOTO-2021-05-26-21-46-59-1024x768.jpg);background-position:50% 50%\"><img data-recalc-dims=\"1\" loading=\"lazy\" decoding=\"async\" width=\"980\" height=\"735\" src=\"https:\/\/i0.wp.com\/beaverscrown.de\/wp-content\/uploads\/2021\/06\/PHOTO-2021-05-26-21-46-59.jpg?resize=980%2C735&#038;ssl=1\" alt=\"\" class=\"wp-image-1397 size-full\" srcset=\"https:\/\/i0.wp.com\/beaverscrown.de\/wp-content\/uploads\/2021\/06\/PHOTO-2021-05-26-21-46-59.jpg?resize=1024%2C768&amp;ssl=1 1024w, https:\/\/i0.wp.com\/beaverscrown.de\/wp-content\/uploads\/2021\/06\/PHOTO-2021-05-26-21-46-59.jpg?resize=300%2C225&amp;ssl=1 300w, https:\/\/i0.wp.com\/beaverscrown.de\/wp-content\/uploads\/2021\/06\/PHOTO-2021-05-26-21-46-59.jpg?resize=768%2C576&amp;ssl=1 768w, https:\/\/i0.wp.com\/beaverscrown.de\/wp-content\/uploads\/2021\/06\/PHOTO-2021-05-26-21-46-59.jpg?resize=1536%2C1152&amp;ssl=1 1536w, https:\/\/i0.wp.com\/beaverscrown.de\/wp-content\/uploads\/2021\/06\/PHOTO-2021-05-26-21-46-59.jpg?resize=324%2C243&amp;ssl=1 324w, https:\/\/i0.wp.com\/beaverscrown.de\/wp-content\/uploads\/2021\/06\/PHOTO-2021-05-26-21-46-59.jpg?resize=416%2C312&amp;ssl=1 416w, https:\/\/i0.wp.com\/beaverscrown.de\/wp-content\/uploads\/2021\/06\/PHOTO-2021-05-26-21-46-59.jpg?w=1600&amp;ssl=1 1600w\" sizes=\"auto, (max-width: 980px) 100vw, 980px\" \/><\/figure><\/div>\n\n\n\n<p><\/p>\n\n\n\n<p><\/p>\n\n\n\n<div class=\"wp-block-media-text alignwide is-stacked-on-mobile is-image-fill\"><figure class=\"wp-block-media-text__media\" style=\"background-image:url(https:\/\/beaverscrown.de\/wp-content\/uploads\/2021\/06\/PHOTO-2021-05-23-23-35-00-768x1024.jpg);background-position:50% 50%\"><img data-recalc-dims=\"1\" loading=\"lazy\" decoding=\"async\" width=\"768\" height=\"1024\" src=\"https:\/\/i0.wp.com\/beaverscrown.de\/wp-content\/uploads\/2021\/06\/PHOTO-2021-05-23-23-35-00.jpg?resize=768%2C1024&#038;ssl=1\" alt=\"\" class=\"wp-image-1398 size-full\" srcset=\"https:\/\/i0.wp.com\/beaverscrown.de\/wp-content\/uploads\/2021\/06\/PHOTO-2021-05-23-23-35-00.jpg?resize=768%2C1024&amp;ssl=1 768w, https:\/\/i0.wp.com\/beaverscrown.de\/wp-content\/uploads\/2021\/06\/PHOTO-2021-05-23-23-35-00.jpg?resize=225%2C300&amp;ssl=1 225w, https:\/\/i0.wp.com\/beaverscrown.de\/wp-content\/uploads\/2021\/06\/PHOTO-2021-05-23-23-35-00.jpg?resize=1152%2C1536&amp;ssl=1 1152w, https:\/\/i0.wp.com\/beaverscrown.de\/wp-content\/uploads\/2021\/06\/PHOTO-2021-05-23-23-35-00.jpg?resize=324%2C432&amp;ssl=1 324w, https:\/\/i0.wp.com\/beaverscrown.de\/wp-content\/uploads\/2021\/06\/PHOTO-2021-05-23-23-35-00.jpg?resize=416%2C555&amp;ssl=1 416w, https:\/\/i0.wp.com\/beaverscrown.de\/wp-content\/uploads\/2021\/06\/PHOTO-2021-05-23-23-35-00.jpg?w=1200&amp;ssl=1 1200w\" sizes=\"auto, (max-width: 768px) 100vw, 768px\" \/><\/figure><div class=\"wp-block-media-text__content\">\n<p class=\"has-large-font-size\">Rund um mich her ist alles Freude<\/p>\n\n\n\n<p>Die Welt ist klein. \u00dcber einen Old Tabler kamen wir zur Galerie Knoll, die bereits mit dem K\u00fcnstler SAXA, der f\u00fcr seine Wortmalerei bekannt ist, ein Benefizkunstprojekt f\u00fcr die Bauh\u00fctte Simultaneum gestartet hat. Aus der Sch\u00fctzenfest Hymne kreierte er ein Kunstwerk rein aus den Versen dieses f\u00fcr jeden Biberacher emotionalen Liedes. Zwei gemeinn\u00fctzige Projekte vereint f\u00fcr einen noch gr\u00f6\u00dferen und bewegenderen guten Zweck und um Biberach ein wenig Sch\u00fctzen trotz Corona zu bieten.  <\/p>\n<\/div><\/div>\n\n\n\n<p><\/p>\n\n\n\n<p><\/p>\n\n\n\n<div class=\"wp-block-media-text alignwide has-media-on-the-right is-stacked-on-mobile is-image-fill\"><div class=\"wp-block-media-text__content\">\n<p class=\"has-large-font-size\">Per Express<\/p>\n\n\n\n<p>&#8222;Nach dr Sch\u00fctza isch vor dr Sch\u00fctza&#8220; war in unserem Fall eine kurze Zeit. Unser Gin noch recht jung am Markt, erste Erfahrungen gesammelt, schon musste eine neue Edition geplant, gestaltet und produziert werden. Es war keine Zeit zu verlieren und es musste ordentlich rangeklotzt werden, um p\u00fcnktlich zur eigentlichen Sch\u00fctzenzeit den Biberachern einen ad\u00e4quaten Gin zu pr\u00e4sentieren.<br><br><\/p>\n<\/div><figure class=\"wp-block-media-text__media\" style=\"background-image:url(https:\/\/beaverscrown.de\/wp-content\/uploads\/2021\/06\/BCGinSChuetzen_Insta-1019x1024.png);background-position:50% 50%\"><img data-recalc-dims=\"1\" loading=\"lazy\" decoding=\"async\" width=\"980\" height=\"985\" src=\"https:\/\/i0.wp.com\/beaverscrown.de\/wp-content\/uploads\/2021\/06\/BCGinSChuetzen_Insta.png?resize=980%2C985&#038;ssl=1\" alt=\"\" class=\"wp-image-1399 size-large\" srcset=\"https:\/\/i0.wp.com\/beaverscrown.de\/wp-content\/uploads\/2021\/06\/BCGinSChuetzen_Insta.png?resize=1019%2C1024&amp;ssl=1 1019w, https:\/\/i0.wp.com\/beaverscrown.de\/wp-content\/uploads\/2021\/06\/BCGinSChuetzen_Insta.png?resize=300%2C300&amp;ssl=1 300w, https:\/\/i0.wp.com\/beaverscrown.de\/wp-content\/uploads\/2021\/06\/BCGinSChuetzen_Insta.png?resize=150%2C150&amp;ssl=1 150w, https:\/\/i0.wp.com\/beaverscrown.de\/wp-content\/uploads\/2021\/06\/BCGinSChuetzen_Insta.png?resize=768%2C772&amp;ssl=1 768w, https:\/\/i0.wp.com\/beaverscrown.de\/wp-content\/uploads\/2021\/06\/BCGinSChuetzen_Insta.png?resize=1529%2C1536&amp;ssl=1 1529w, https:\/\/i0.wp.com\/beaverscrown.de\/wp-content\/uploads\/2021\/06\/BCGinSChuetzen_Insta.png?resize=2038%2C2048&amp;ssl=1 2038w, https:\/\/i0.wp.com\/beaverscrown.de\/wp-content\/uploads\/2021\/06\/BCGinSChuetzen_Insta.png?resize=324%2C326&amp;ssl=1 324w, https:\/\/i0.wp.com\/beaverscrown.de\/wp-content\/uploads\/2021\/06\/BCGinSChuetzen_Insta.png?resize=416%2C418&amp;ssl=1 416w, https:\/\/i0.wp.com\/beaverscrown.de\/wp-content\/uploads\/2021\/06\/BCGinSChuetzen_Insta.png?resize=100%2C100&amp;ssl=1 100w, https:\/\/i0.wp.com\/beaverscrown.de\/wp-content\/uploads\/2021\/06\/BCGinSChuetzen_Insta.png?w=1960&amp;ssl=1 1960w, https:\/\/i0.wp.com\/beaverscrown.de\/wp-content\/uploads\/2021\/06\/BCGinSChuetzen_Insta.png?w=2940&amp;ssl=1 2940w\" sizes=\"auto, (max-width: 980px) 100vw, 980px\" \/><\/figure><\/div>\n\n\n\n<p><\/p>\n\n\n\n<p><\/p>\n\n\n\n<div class=\"wp-block-media-text alignwide is-stacked-on-mobile\"><figure class=\"wp-block-media-text__media\"><img data-recalc-dims=\"1\" loading=\"lazy\" decoding=\"async\" width=\"980\" height=\"980\" src=\"https:\/\/i0.wp.com\/beaverscrown.de\/wp-content\/uploads\/2021\/06\/SAXAmalt.jpeg?resize=980%2C980&#038;ssl=1\" alt=\"\" class=\"wp-image-1401 size-full\" srcset=\"https:\/\/i0.wp.com\/beaverscrown.de\/wp-content\/uploads\/2021\/06\/SAXAmalt.jpeg?resize=1024%2C1024&amp;ssl=1 1024w, https:\/\/i0.wp.com\/beaverscrown.de\/wp-content\/uploads\/2021\/06\/SAXAmalt.jpeg?resize=300%2C300&amp;ssl=1 300w, https:\/\/i0.wp.com\/beaverscrown.de\/wp-content\/uploads\/2021\/06\/SAXAmalt.jpeg?resize=150%2C150&amp;ssl=1 150w, https:\/\/i0.wp.com\/beaverscrown.de\/wp-content\/uploads\/2021\/06\/SAXAmalt.jpeg?resize=768%2C768&amp;ssl=1 768w, https:\/\/i0.wp.com\/beaverscrown.de\/wp-content\/uploads\/2021\/06\/SAXAmalt.jpeg?resize=324%2C324&amp;ssl=1 324w, https:\/\/i0.wp.com\/beaverscrown.de\/wp-content\/uploads\/2021\/06\/SAXAmalt.jpeg?resize=416%2C416&amp;ssl=1 416w, https:\/\/i0.wp.com\/beaverscrown.de\/wp-content\/uploads\/2021\/06\/SAXAmalt.jpeg?resize=100%2C100&amp;ssl=1 100w, https:\/\/i0.wp.com\/beaverscrown.de\/wp-content\/uploads\/2021\/06\/SAXAmalt.jpeg?w=1153&amp;ssl=1 1153w\" sizes=\"auto, (max-width: 980px) 100vw, 980px\" \/><\/figure><div class=\"wp-block-media-text__content\">\n<p class=\"has-large-font-size\">Zusammen stark f\u00fcr den guten Zweck<\/p>\n\n\n\n<p>Die Gestaltung der Sch\u00fctzenedition ist eine Kooperation zwischen dem K\u00fcnstler SAXA, dem Galeristen Thomas Knoll und Round Table 75 Biberach. Die Ver\u00f6ffentlichung der Sch\u00fctzenedition findet am 02. Juli 2021 auf der Vernissage in der Galerie Knoll statt, alles f\u00fcr den guten Zweck unter dem Motto &#8222;Gemeinsam mehr bewegen f\u00fcr Biberach in Biberach&#8220;.<\/p>\n<\/div><\/div>\n\n\n\n<p><\/p>\n\n\n\n<h2 class=\"wp-block-heading\">Co-creators<\/h2>\n\n\n\n<div class=\"wp-block-media-text alignwide is-stacked-on-mobile\" style=\"grid-template-columns:30% auto\"><figure class=\"wp-block-media-text__media\"><img data-recalc-dims=\"1\" loading=\"lazy\" decoding=\"async\" width=\"525\" height=\"347\" src=\"https:\/\/i0.wp.com\/beaverscrown.de\/wp-content\/uploads\/2021\/06\/SAXA.jpeg?resize=525%2C347&#038;ssl=1\" alt=\"\" class=\"wp-image-1386 size-full\" srcset=\"https:\/\/i0.wp.com\/beaverscrown.de\/wp-content\/uploads\/2021\/06\/SAXA.jpeg?w=525&amp;ssl=1 525w, https:\/\/i0.wp.com\/beaverscrown.de\/wp-content\/uploads\/2021\/06\/SAXA.jpeg?resize=300%2C198&amp;ssl=1 300w, https:\/\/i0.wp.com\/beaverscrown.de\/wp-content\/uploads\/2021\/06\/SAXA.jpeg?resize=324%2C214&amp;ssl=1 324w, https:\/\/i0.wp.com\/beaverscrown.de\/wp-content\/uploads\/2021\/06\/SAXA.jpeg?resize=416%2C275&amp;ssl=1 416w\" sizes=\"auto, (max-width: 525px) 100vw, 525px\" \/><\/figure><div class=\"wp-block-media-text__content\">\n<p class=\"has-large-font-size\"><strong>SAXA<\/strong>&nbsp;\/ Wortmalerei \/ K\u00f6ln<\/p>\n\n\n\n<p>Sch\u00fctzen Edition 2021<\/p>\n\n\n\n<p><a rel=\"noreferrer noopener\" href=\"https:\/\/saxa.eu\/\" target=\"_blank\">www.saxa.eu<\/a><\/p>\n<\/div><\/div>\n\n\n\n<p><\/p>\n\n\n\n<div class=\"wp-block-media-text alignwide is-stacked-on-mobile\" style=\"grid-template-columns:30% auto\"><figure class=\"wp-block-media-text__media\"><img data-recalc-dims=\"1\" loading=\"lazy\" decoding=\"async\" width=\"980\" height=\"294\" src=\"https:\/\/i0.wp.com\/beaverscrown.de\/wp-content\/uploads\/2021\/06\/knoll.jpeg?resize=980%2C294&#038;ssl=1\" alt=\"\" class=\"wp-image-1400 size-full\" srcset=\"https:\/\/i0.wp.com\/beaverscrown.de\/wp-content\/uploads\/2021\/06\/knoll.jpeg?resize=1024%2C307&amp;ssl=1 1024w, https:\/\/i0.wp.com\/beaverscrown.de\/wp-content\/uploads\/2021\/06\/knoll.jpeg?resize=300%2C90&amp;ssl=1 300w, https:\/\/i0.wp.com\/beaverscrown.de\/wp-content\/uploads\/2021\/06\/knoll.jpeg?resize=768%2C230&amp;ssl=1 768w, https:\/\/i0.wp.com\/beaverscrown.de\/wp-content\/uploads\/2021\/06\/knoll.jpeg?resize=324%2C97&amp;ssl=1 324w, https:\/\/i0.wp.com\/beaverscrown.de\/wp-content\/uploads\/2021\/06\/knoll.jpeg?resize=416%2C125&amp;ssl=1 416w, https:\/\/i0.wp.com\/beaverscrown.de\/wp-content\/uploads\/2021\/06\/knoll.jpeg?w=1443&amp;ssl=1 1443w\" sizes=\"auto, (max-width: 980px) 100vw, 980px\" \/><\/figure><div class=\"wp-block-media-text__content\">\n<p class=\"has-large-font-size\"><strong><strong>Galerie KNOLL.art<\/strong>&nbsp;\/ &nbsp;Weinhandel DiVini \u2013 Thomas Knoll \/ Warthausen<\/strong><\/p>\n\n\n\n<p>R\u00f6merweg 19 \/ 88447 Warthausen<\/p>\n\n\n\n<p><a href=\"http:\/\/www.knoll-art.de\/\">www.knoll-art.de\/<\/a><\/p>\n<\/div><\/div>\n\n\n\n<p><\/p>\n\n\n\n<div class=\"wp-block-media-text alignwide is-stacked-on-mobile\" style=\"grid-template-columns:30% auto\"><figure class=\"wp-block-media-text__media\"><img data-recalc-dims=\"1\" loading=\"lazy\" decoding=\"async\" width=\"530\" height=\"162\" src=\"https:\/\/i0.wp.com\/beaverscrown.de\/wp-content\/uploads\/2021\/02\/logo_etikett_de.png?resize=530%2C162&#038;ssl=1\" alt=\"\" class=\"wp-image-416 size-full\" srcset=\"https:\/\/i0.wp.com\/beaverscrown.de\/wp-content\/uploads\/2021\/02\/logo_etikett_de.png?w=530&amp;ssl=1 530w, https:\/\/i0.wp.com\/beaverscrown.de\/wp-content\/uploads\/2021\/02\/logo_etikett_de.png?resize=300%2C92&amp;ssl=1 300w, https:\/\/i0.wp.com\/beaverscrown.de\/wp-content\/uploads\/2021\/02\/logo_etikett_de.png?resize=324%2C99&amp;ssl=1 324w, https:\/\/i0.wp.com\/beaverscrown.de\/wp-content\/uploads\/2021\/02\/logo_etikett_de.png?resize=416%2C127&amp;ssl=1 416w\" sizes=\"auto, (max-width: 530px) 100vw, 530px\" \/><\/figure><div class=\"wp-block-media-text__content\">\n<p class=\"has-large-font-size\"><strong>Etikett.de <\/strong>\/ B2B-Etikettendruckerei \/ F\u00f6hren&nbsp;<\/p>\n\n\n\n<p><a href=\"https:\/\/etikett.de\/\" target=\"_blank\" rel=\"noreferrer noopener\">www.etikett.de<\/a><\/p>\n<\/div><\/div>\n\n\n\n<p><\/p>\n","protected":false},"excerpt":{"rendered":"<p>Eine neue Idee muss her Unser geliebtes Sch\u00fctzenfest zum zweiten Mal in Folge Corona-bedingt abgesagt&#8230; wo ist &#8222;Rund um mich her ist alles Freude&#8220; nur hin? &#8222;Sch\u00fctza dahoim&#8220; ist demnach das Motto dieses Jahr und was l\u00e4ge n\u00e4her, als unserem Heimatfest einen Gin zu widmen mit Sch\u00fctzen-Design, Sch\u00fctzen-Geschmack und &#8222;Rund um mich her ist alles [&hellip;]<\/p>\n","protected":false},"author":1,"featured_media":0,"parent":504,"menu_order":0,"comment_status":"closed","ping_status":"closed","template":"template-fullwidth.php","meta":{"footnotes":""},"class_list":["post-1395","page","type-page","status-publish","hentry"],"jetpack_sharing_enabled":true,"_links":{"self":[{"href":"https:\/\/beaverscrown.de\/index.php\/wp-json\/wp\/v2\/pages\/1395","targetHints":{"allow":["GET"]}}],"collection":[{"href":"https:\/\/beaverscrown.de\/index.php\/wp-json\/wp\/v2\/pages"}],"about":[{"href":"https:\/\/beaverscrown.de\/index.php\/wp-json\/wp\/v2\/types\/page"}],"author":[{"embeddable":true,"href":"https:\/\/beaverscrown.de\/index.php\/wp-json\/wp\/v2\/users\/1"}],"replies":[{"embeddable":true,"href":"https:\/\/beaverscrown.de\/index.php\/wp-json\/wp\/v2\/comments?post=1395"}],"version-history":[{"count":6,"href":"https:\/\/beaverscrown.de\/index.php\/wp-json\/wp\/v2\/pages\/1395\/revisions"}],"predecessor-version":[{"id":2279,"href":"https:\/\/beaverscrown.de\/index.php\/wp-json\/wp\/v2\/pages\/1395\/revisions\/2279"}],"up":[{"embeddable":true,"href":"https:\/\/beaverscrown.de\/index.php\/wp-json\/wp\/v2\/pages\/504"}],"wp:attachment":[{"href":"https:\/\/beaverscrown.de\/index.php\/wp-json\/wp\/v2\/media?parent=1395"}],"curies":[{"name":"wp","href":"https:\/\/api.w.org\/{rel}","templated":true}]}}